{"id":6251,"date":"2024-10-28T16:35:26","date_gmt":"2024-10-28T16:35:26","guid":{"rendered":"https:\/\/koraledetale.pl\/?post_type=product&#038;p=6251"},"modified":"2024-10-31T20:00:59","modified_gmt":"2024-10-31T20:00:59","slug":"naszyjnik-oddech-z-larimarami-i-kwarcami-dymnymi","status":"publish","type":"product","link":"https:\/\/koraledetale.pl\/?product=naszyjnik-oddech-z-larimarami-i-kwarcami-dymnymi","title":{"rendered":"Naszyjnik ODDECH z larimarami i kwarcami dymnymi"},"content":{"rendered":"<p>Wielko\u015b\u0107 kamieni:<\/p>\n<ul>\n<li>larimar \u2013 ok. 9\u00d75 mm, 10&#215;6 mm (przy zawieszce) i 3,5 mm (przy przed\u0142u\u017cce),<\/li>\n<li>kwarc dymny \u2013 4,5 mm i 3,5\u00d72 mm,<\/li>\n<li>hematyt \u2013 4\u00d72 mm, 2\u00d71 mm i 2 mm.<\/li>\n<\/ul>\n<p>Kamienie zasupe\u0142kowane s\u0105 na mocnej nici jubilerskiej, dobranej kolorystycznie do barwy kamieni.<\/p>\n<p>D\u0142ugo\u015b\u0107 naszyjnika: 46 &#8211; 51 cm + zawieszka 2,8 cm .<\/p>\n<p>Wszystkie elementy metalowe wykonane s\u0105 z nieuczulaj\u0105cej stali szlachetnej.<\/p>\n","protected":false},"excerpt":{"rendered":"<p>Naszyjnik z nieregularnymi bry\u0142kami larimaru, przeplatanymi kwarcami dymnymi i z\u0142otymi hematytami. Zwie\u0144czeniem naszyjnika jest zawieszka z pastylk\u0105 larimaru.<\/p>\n","protected":false},"featured_media":6250,"comment_status":"open","ping_status":"closed","template":"","meta":{"advanced_seo_description":"","jetpack_seo_html_title":"","jetpack_seo_noindex":false},"product_brand":[],"product_cat":[229],"product_tag":[2276,954,66,2275,31],"class_list":{"0":"post-6251","1":"product","2":"type-product","3":"status-publish","4":"has-post-thumbnail","6":"product_cat-sprzedane","7":"product_tag-larimar-kwarc-dymny","8":"product_tag-naszyjnik-z-blekitnymi-kamieniami","9":"product_tag-naszyjnik-z-kamieniami-naturalnymi","10":"product_tag-naszyjnik-z-lariamrami-i-kwarcami-dymnymi","11":"product_tag-zloty-hematyt","13":"first","14":"outofstock","15":"shipping-taxable","16":"purchasable","17":"product-type-simple"},"jetpack_sharing_enabled":true,"_links":{"self":[{"href":"https:\/\/koraledetale.pl\/index.php?rest_route=\/wp\/v2\/product\/6251","targetHints":{"allow":["GET"]}}],"collection":[{"href":"https:\/\/koraledetale.pl\/index.php?rest_route=\/wp\/v2\/product"}],"about":[{"href":"https:\/\/koraledetale.pl\/index.php?rest_route=\/wp\/v2\/types\/product"}],"replies":[{"embeddable":true,"href":"https:\/\/koraledetale.pl\/index.php?rest_route=%2Fwp%2Fv2%2Fcomments&post=6251"}],"wp:featuredmedia":[{"embeddable":true,"href":"https:\/\/koraledetale.pl\/index.php?rest_route=\/wp\/v2\/media\/6250"}],"wp:attachment":[{"href":"https:\/\/koraledetale.pl\/index.php?rest_route=%2Fwp%2Fv2%2Fmedia&parent=6251"}],"wp:term":[{"taxonomy":"product_brand","embeddable":true,"href":"https:\/\/koraledetale.pl\/index.php?rest_route=%2Fwp%2Fv2%2Fproduct_brand&post=6251"},{"taxonomy":"product_cat","embeddable":true,"href":"https:\/\/koraledetale.pl\/index.php?rest_route=%2Fwp%2Fv2%2Fproduct_cat&post=6251"},{"taxonomy":"product_tag","embeddable":true,"href":"https:\/\/koraledetale.pl\/index.php?rest_route=%2Fwp%2Fv2%2Fproduct_tag&post=6251"}],"curies":[{"name":"wp","href":"https:\/\/api.w.org\/{rel}","templated":true}]}}