{"id":6243,"date":"2024-10-28T16:21:32","date_gmt":"2024-10-28T16:21:32","guid":{"rendered":"https:\/\/koraledetale.pl\/?post_type=product&#038;p=6243"},"modified":"2024-10-31T20:01:24","modified_gmt":"2024-10-31T20:01:24","slug":"bransoletka-oddech-z-larimarami-i-kwarcami-dymnymi","status":"publish","type":"product","link":"https:\/\/koraledetale.pl\/?product=bransoletka-oddech-z-larimarami-i-kwarcami-dymnymi","title":{"rendered":"Bransoletka ODDECH z larimarami i kwarcami dymnymi"},"content":{"rendered":"<p>Wielko\u015b\u0107 kamieni:<\/p>\n<ul>\n<li>larimar &#8211; ok. 9&#215;5 mm i 3,5 mm (przy przed\u0142u\u017cce),<\/li>\n<li>kwarc dymny &#8211; 3,2 mm i 3,5&#215;2 mm,<\/li>\n<li>hematyt &#8211; 4&#215;2 mm, 2&#215;1 mm i 2 mm.<\/li>\n<\/ul>\n<p>Kamienie zasupe\u0142kowane s\u0105 na mocnej nici jubilerskiej, dobranej kolorystycznie do barwy kamieni.<\/p>\n<p>D\u0142ugo\u015b\u0107 bransoletki: 17 &#8211; 20 cm.<\/p>\n<p>Wszystkie elementy metalowe wykonane s\u0105 z nieuczulaj\u0105cej stali szlachetnej.<\/p>\n<p>&nbsp;<\/p>\n","protected":false},"excerpt":{"rendered":"<p>Bransoletka z nieregularnymi bry\u0142kami larimaru, przeplatanymi kwarcami dymnymi i z\u0142otymi hematytami.<\/p>\n","protected":false},"featured_media":6248,"comment_status":"open","ping_status":"closed","template":"","meta":{"advanced_seo_description":"","jetpack_seo_html_title":"","jetpack_seo_noindex":false},"product_brand":[],"product_cat":[229],"product_tag":[955,80,2274,63,488,31],"class_list":{"0":"post-6243","1":"product","2":"type-product","3":"status-publish","4":"has-post-thumbnail","6":"product_cat-sprzedane","7":"product_tag-bransoletka-z-blekitnymi-kamieniami","8":"product_tag-bransoletka-z-kamieniami-naturalnymi","9":"product_tag-bransoletka-z-larimarami-i-kwarcami-dymnymi","10":"product_tag-kwarc-dymny","11":"product_tag-larimar","12":"product_tag-zloty-hematyt","14":"first","15":"outofstock","16":"shipping-taxable","17":"purchasable","18":"product-type-simple"},"jetpack_sharing_enabled":true,"_links":{"self":[{"href":"https:\/\/koraledetale.pl\/index.php?rest_route=\/wp\/v2\/product\/6243","targetHints":{"allow":["GET"]}}],"collection":[{"href":"https:\/\/koraledetale.pl\/index.php?rest_route=\/wp\/v2\/product"}],"about":[{"href":"https:\/\/koraledetale.pl\/index.php?rest_route=\/wp\/v2\/types\/product"}],"replies":[{"embeddable":true,"href":"https:\/\/koraledetale.pl\/index.php?rest_route=%2Fwp%2Fv2%2Fcomments&post=6243"}],"wp:featuredmedia":[{"embeddable":true,"href":"https:\/\/koraledetale.pl\/index.php?rest_route=\/wp\/v2\/media\/6248"}],"wp:attachment":[{"href":"https:\/\/koraledetale.pl\/index.php?rest_route=%2Fwp%2Fv2%2Fmedia&parent=6243"}],"wp:term":[{"taxonomy":"product_brand","embeddable":true,"href":"https:\/\/koraledetale.pl\/index.php?rest_route=%2Fwp%2Fv2%2Fproduct_brand&post=6243"},{"taxonomy":"product_cat","embeddable":true,"href":"https:\/\/koraledetale.pl\/index.php?rest_route=%2Fwp%2Fv2%2Fproduct_cat&post=6243"},{"taxonomy":"product_tag","embeddable":true,"href":"https:\/\/koraledetale.pl\/index.php?rest_route=%2Fwp%2Fv2%2Fproduct_tag&post=6243"}],"curies":[{"name":"wp","href":"https:\/\/api.w.org\/{rel}","templated":true}]}}