{"id":6231,"date":"2024-10-27T10:35:29","date_gmt":"2024-10-27T10:35:29","guid":{"rendered":"https:\/\/koraledetale.pl\/?post_type=product&#038;p=6231"},"modified":"2024-10-27T15:07:24","modified_gmt":"2024-10-27T15:07:24","slug":"naszyjnik-temperament-z-jaspisami-i-karneolami","status":"publish","type":"product","link":"https:\/\/koraledetale.pl\/?product=naszyjnik-temperament-z-jaspisami-i-karneolami","title":{"rendered":"Naszyjnik TEMPERAMENT z jaspisami i karneolami"},"content":{"rendered":"<p>Wielko\u015b\u0107 kamieni:<\/p>\n<ul>\n<li>jaspis &#8211; 7 mm i 33x27x6 mm (mierzony w najszerszych miejscach),<\/li>\n<li>karneol &#8211; 4,5&#215;4 mm,<\/li>\n<li>hematyt &#8211; 4&#215;2 mm, 2&#215;1 mm i 2 mm.<\/li>\n<\/ul>\n<p>D\u0142ugo\u015b\u0107 naszyjnika &#8211; 78 cm.<\/p>\n","protected":false},"excerpt":{"rendered":"<p>D\u0142ugi naszyjnik z jaspisami, przeplatanami kosteczkami karneolu i z\u0142otymi hematytami. Zie\u0144czeniem naszyjnika jest nieregularny, du\u017cy plaster jaspisu.<\/p>\n","protected":false},"featured_media":6237,"comment_status":"open","ping_status":"closed","template":"","meta":{"advanced_seo_description":"","jetpack_seo_html_title":"","jetpack_seo_noindex":false},"product_brand":[],"product_cat":[229],"product_tag":[2270,2273,2271,2272,751,31],"class_list":{"0":"post-6231","1":"product","2":"type-product","3":"status-publish","4":"has-post-thumbnail","6":"product_cat-sprzedane","7":"product_tag-dlugi-naszyjnik-z-jaspisami-i-karneolami","8":"product_tag-dlugi-naszyjnik-z-kolorowymi-kamieniami","9":"product_tag-dlugi-naszyjnik-z-niebieskimi-i-pomaranczowymi-kamieniami","10":"product_tag-jaspis-cesarski","11":"product_tag-karneol","12":"product_tag-zloty-hematyt","14":"first","15":"outofstock","16":"shipping-taxable","17":"purchasable","18":"product-type-simple"},"jetpack_sharing_enabled":true,"_links":{"self":[{"href":"https:\/\/koraledetale.pl\/index.php?rest_route=\/wp\/v2\/product\/6231","targetHints":{"allow":["GET"]}}],"collection":[{"href":"https:\/\/koraledetale.pl\/index.php?rest_route=\/wp\/v2\/product"}],"about":[{"href":"https:\/\/koraledetale.pl\/index.php?rest_route=\/wp\/v2\/types\/product"}],"replies":[{"embeddable":true,"href":"https:\/\/koraledetale.pl\/index.php?rest_route=%2Fwp%2Fv2%2Fcomments&post=6231"}],"wp:featuredmedia":[{"embeddable":true,"href":"https:\/\/koraledetale.pl\/index.php?rest_route=\/wp\/v2\/media\/6237"}],"wp:attachment":[{"href":"https:\/\/koraledetale.pl\/index.php?rest_route=%2Fwp%2Fv2%2Fmedia&parent=6231"}],"wp:term":[{"taxonomy":"product_brand","embeddable":true,"href":"https:\/\/koraledetale.pl\/index.php?rest_route=%2Fwp%2Fv2%2Fproduct_brand&post=6231"},{"taxonomy":"product_cat","embeddable":true,"href":"https:\/\/koraledetale.pl\/index.php?rest_route=%2Fwp%2Fv2%2Fproduct_cat&post=6231"},{"taxonomy":"product_tag","embeddable":true,"href":"https:\/\/koraledetale.pl\/index.php?rest_route=%2Fwp%2Fv2%2Fproduct_tag&post=6231"}],"curies":[{"name":"wp","href":"https:\/\/api.w.org\/{rel}","templated":true}]}}