{"id":6219,"date":"2024-10-22T13:38:05","date_gmt":"2024-10-22T13:38:05","guid":{"rendered":"https:\/\/koraledetale.pl\/?post_type=product&#038;p=6219"},"modified":"2024-12-13T06:12:07","modified_gmt":"2024-12-13T06:12:07","slug":"naszyjnik-pazdziernikowe-niebo-z-chalcedonem-i-agatem","status":"publish","type":"product","link":"https:\/\/koraledetale.pl\/?product=naszyjnik-pazdziernikowe-niebo-z-chalcedonem-i-agatem","title":{"rendered":"Naszyjnik DOBRO z chalcedonem i agatem"},"content":{"rendered":"<p>Wielko\u015b\u0107 kamieni:<\/p>\n<ul>\n<li>chalcedon &#8211; 13&#215;4 mm i 37x26x8 mm,<\/li>\n<li>agat &#8211; 4,5 mm,<\/li>\n<li>hematyt &#8211; 3&#215;1 mm i 2 mm.<\/li>\n<\/ul>\n<p>D\u0142ugo\u015b\u0107 naszyjnika &#8211; 90 cm.<\/p>\n","protected":false},"excerpt":{"rendered":"<p>D\u0142ugi naszyjnik z s\u0142upkami b\u0142\u0119kitnego chalcedonu, przeplatanego agatami w r\u00f3\u017cnych odcieniach szaro\u015bci, oraz z\u0142otymi hematytami. Zwie\u0144czeniem naszyjnika jest spory, nieregularny chalcedon.<\/p>\n","protected":false},"featured_media":6224,"comment_status":"open","ping_status":"closed","template":"","meta":{"advanced_seo_description":"","jetpack_seo_html_title":"","jetpack_seo_noindex":false},"product_brand":[],"product_cat":[15],"product_tag":[127,439,2266,2265,456,31],"class_list":{"0":"post-6219","1":"product","2":"type-product","3":"status-publish","4":"has-post-thumbnail","6":"product_cat-naszyjniki","7":"product_tag-agat","8":"product_tag-chalcedon","9":"product_tag-dlugi-naszyjnik-z-blekitnymi-kamieniami","10":"product_tag-dlugi-naszyjnik-z-chalcedonami-i-agatami","11":"product_tag-dlugi-naszyjnik-z-kamieniami-naturalnymi","12":"product_tag-zloty-hematyt","14":"first","15":"instock","16":"shipping-taxable","17":"purchasable","18":"product-type-simple"},"jetpack_sharing_enabled":true,"_links":{"self":[{"href":"https:\/\/koraledetale.pl\/index.php?rest_route=\/wp\/v2\/product\/6219","targetHints":{"allow":["GET"]}}],"collection":[{"href":"https:\/\/koraledetale.pl\/index.php?rest_route=\/wp\/v2\/product"}],"about":[{"href":"https:\/\/koraledetale.pl\/index.php?rest_route=\/wp\/v2\/types\/product"}],"replies":[{"embeddable":true,"href":"https:\/\/koraledetale.pl\/index.php?rest_route=%2Fwp%2Fv2%2Fcomments&post=6219"}],"wp:featuredmedia":[{"embeddable":true,"href":"https:\/\/koraledetale.pl\/index.php?rest_route=\/wp\/v2\/media\/6224"}],"wp:attachment":[{"href":"https:\/\/koraledetale.pl\/index.php?rest_route=%2Fwp%2Fv2%2Fmedia&parent=6219"}],"wp:term":[{"taxonomy":"product_brand","embeddable":true,"href":"https:\/\/koraledetale.pl\/index.php?rest_route=%2Fwp%2Fv2%2Fproduct_brand&post=6219"},{"taxonomy":"product_cat","embeddable":true,"href":"https:\/\/koraledetale.pl\/index.php?rest_route=%2Fwp%2Fv2%2Fproduct_cat&post=6219"},{"taxonomy":"product_tag","embeddable":true,"href":"https:\/\/koraledetale.pl\/index.php?rest_route=%2Fwp%2Fv2%2Fproduct_tag&post=6219"}],"curies":[{"name":"wp","href":"https:\/\/api.w.org\/{rel}","templated":true}]}}