{"id":6218,"date":"2024-10-21T13:11:11","date_gmt":"2024-10-21T13:11:11","guid":{"rendered":"https:\/\/koraledetale.pl\/?post_type=product&#038;p=6218"},"modified":"2025-02-15T10:47:52","modified_gmt":"2025-02-15T10:47:52","slug":"naszyjnik-nomad-z-obsydianami-i-koralami","status":"publish","type":"product","link":"https:\/\/koraledetale.pl\/?product=naszyjnik-nomad-z-obsydianami-i-koralami","title":{"rendered":"Naszyjnik NOMAD z obsydianami i koralami"},"content":{"rendered":"<p>Wielko\u015b\u0107 kamieni:<\/p>\n<ul>\n<li>obsydian &#8211; 5 mm,<\/li>\n<li>koral &#8211; 5 mm.<\/li>\n<\/ul>\n<p>D\u0142ugo\u015b\u0107 naszyjnika &#8211; 46 cm.<\/p>\n<p>Wszystkie elementy metalowe wykonane s\u0105 z nieuczulaj\u0105cej stali szlachetnej.<\/p>\n","protected":false},"excerpt":{"rendered":"<p>Naszyjnik z br\u0105zowymi obsydianami \u015bnie\u017cnymi i\u00a0 czerwonymi koralami, z zawieszk\u0105 z wyt\u0142aczanymi gwiazdkami, pe\u0142ni\u0105c\u0105 r\u00f3wnie\u017c funkcj\u0119 zapi\u0119cia.<\/p>\n","protected":false},"featured_media":6215,"comment_status":"open","ping_status":"closed","template":"","meta":{"advanced_seo_description":"","jetpack_seo_html_title":"","jetpack_seo_noindex":false},"product_brand":[],"product_cat":[229],"product_tag":[2264,164,629,2263,2262,2261],"class_list":{"0":"post-6218","1":"product","2":"type-product","3":"status-publish","4":"has-post-thumbnail","6":"product_cat-sprzedane","7":"product_tag-brazowy-obsydian-sniezny","8":"product_tag-czerwony-koral","9":"product_tag-naszyjnik-w-stylu-boho","10":"product_tag-naszyjnik-w-stylu-etno","11":"product_tag-naszyjnik-z-brazowymi-i-czerwonymi-kamieniami","12":"product_tag-naszyjnik-z-obsydianami-snieznymi-i-koralami","14":"first","15":"outofstock","16":"shipping-taxable","17":"product-type-simple"},"jetpack_sharing_enabled":true,"_links":{"self":[{"href":"https:\/\/koraledetale.pl\/index.php?rest_route=\/wp\/v2\/product\/6218","targetHints":{"allow":["GET"]}}],"collection":[{"href":"https:\/\/koraledetale.pl\/index.php?rest_route=\/wp\/v2\/product"}],"about":[{"href":"https:\/\/koraledetale.pl\/index.php?rest_route=\/wp\/v2\/types\/product"}],"replies":[{"embeddable":true,"href":"https:\/\/koraledetale.pl\/index.php?rest_route=%2Fwp%2Fv2%2Fcomments&post=6218"}],"wp:featuredmedia":[{"embeddable":true,"href":"https:\/\/koraledetale.pl\/index.php?rest_route=\/wp\/v2\/media\/6215"}],"wp:attachment":[{"href":"https:\/\/koraledetale.pl\/index.php?rest_route=%2Fwp%2Fv2%2Fmedia&parent=6218"}],"wp:term":[{"taxonomy":"product_brand","embeddable":true,"href":"https:\/\/koraledetale.pl\/index.php?rest_route=%2Fwp%2Fv2%2Fproduct_brand&post=6218"},{"taxonomy":"product_cat","embeddable":true,"href":"https:\/\/koraledetale.pl\/index.php?rest_route=%2Fwp%2Fv2%2Fproduct_cat&post=6218"},{"taxonomy":"product_tag","embeddable":true,"href":"https:\/\/koraledetale.pl\/index.php?rest_route=%2Fwp%2Fv2%2Fproduct_tag&post=6218"}],"curies":[{"name":"wp","href":"https:\/\/api.w.org\/{rel}","templated":true}]}}