{"id":6205,"date":"2024-10-11T07:48:55","date_gmt":"2024-10-11T07:48:55","guid":{"rendered":"https:\/\/koraledetale.pl\/?post_type=product&#038;p=6205"},"modified":"2024-12-01T09:31:55","modified_gmt":"2024-12-01T09:31:55","slug":"koczyki-smocza-krew-z-jaspisem-unikat","status":"publish","type":"product","link":"https:\/\/koraledetale.pl\/?product=koczyki-smocza-krew-z-jaspisem-unikat","title":{"rendered":"Koczyki SMOCZA KREW z jaspisem \u2013 UNIKAT"},"content":{"rendered":"<p>Wielko\u015b\u0107 jaspisu \u2013 13\u00d710\u00d73 mm.<\/p>\n<p>D\u0142ugo\u015b\u0107 kolczyk\u00f3w \u2013 2,2 cm.<\/p>\n<p>Wszystkie elementy metalowe wykonane s\u0105 z nieuczulaj\u0105cej stali szlachetnej.<\/p>\n","protected":false},"excerpt":{"rendered":"<p>Oryginalne, lekkie kolczyki z jaspisem (smocza krew) o ciekawym kszta\u0142cie, zawieszonym na sztyfcie z okr\u0105g\u0142a blaszk\u0105 z faktur\u0105.<\/p>\n","protected":false},"featured_media":6202,"comment_status":"open","ping_status":"closed","template":"","meta":{"advanced_seo_description":"","jetpack_seo_html_title":"","jetpack_seo_noindex":false},"product_brand":[],"product_cat":[229],"product_tag":[2259,2260,1232,1022],"class_list":{"0":"post-6205","1":"product","2":"type-product","3":"status-publish","4":"has-post-thumbnail","6":"product_cat-sprzedane","7":"product_tag-jaspis-smocza-krew","8":"product_tag-kolczyki-na-sztyftach-z-jaspisami-smocza-krew","9":"product_tag-kolczyki-z-jaspisami","10":"product_tag-kolczyki-z-zielonymi-kamieniami","12":"first","13":"outofstock","14":"shipping-taxable","15":"purchasable","16":"product-type-simple"},"jetpack_sharing_enabled":true,"_links":{"self":[{"href":"https:\/\/koraledetale.pl\/index.php?rest_route=\/wp\/v2\/product\/6205","targetHints":{"allow":["GET"]}}],"collection":[{"href":"https:\/\/koraledetale.pl\/index.php?rest_route=\/wp\/v2\/product"}],"about":[{"href":"https:\/\/koraledetale.pl\/index.php?rest_route=\/wp\/v2\/types\/product"}],"replies":[{"embeddable":true,"href":"https:\/\/koraledetale.pl\/index.php?rest_route=%2Fwp%2Fv2%2Fcomments&post=6205"}],"wp:featuredmedia":[{"embeddable":true,"href":"https:\/\/koraledetale.pl\/index.php?rest_route=\/wp\/v2\/media\/6202"}],"wp:attachment":[{"href":"https:\/\/koraledetale.pl\/index.php?rest_route=%2Fwp%2Fv2%2Fmedia&parent=6205"}],"wp:term":[{"taxonomy":"product_brand","embeddable":true,"href":"https:\/\/koraledetale.pl\/index.php?rest_route=%2Fwp%2Fv2%2Fproduct_brand&post=6205"},{"taxonomy":"product_cat","embeddable":true,"href":"https:\/\/koraledetale.pl\/index.php?rest_route=%2Fwp%2Fv2%2Fproduct_cat&post=6205"},{"taxonomy":"product_tag","embeddable":true,"href":"https:\/\/koraledetale.pl\/index.php?rest_route=%2Fwp%2Fv2%2Fproduct_tag&post=6205"}],"curies":[{"name":"wp","href":"https:\/\/api.w.org\/{rel}","templated":true}]}}