{"id":6204,"date":"2024-10-11T07:40:42","date_gmt":"2024-10-11T07:40:42","guid":{"rendered":"https:\/\/koraledetale.pl\/?post_type=product&#038;p=6204"},"modified":"2024-12-01T09:31:37","modified_gmt":"2024-12-01T09:31:37","slug":"koczyki-smok-z-jaspisem-unikat","status":"publish","type":"product","link":"https:\/\/koraledetale.pl\/?product=koczyki-smok-z-jaspisem-unikat","title":{"rendered":"Koczyki SMOK z jaspisem \u2013 UNIKAT"},"content":{"rendered":"<p>Wielko\u015b\u0107 jaspisu \u2013 12\u00d714\u00d73 mm.<\/p>\n<p>D\u0142ugo\u015b\u0107 kolczyk\u00f3w \u2013 2,2 cm.<\/p>\n<p>Wszystkie elementy metalowe wykonane s\u0105 z nieuczulaj\u0105cej stali szlachetnej.<\/p>\n","protected":false},"excerpt":{"rendered":"<p>Oryginalne, lekkie kolczyki z jaspisem (smocza krew) o ciekawym kszta\u0142cie, zawieszonym na sztyfcie z okr\u0105g\u0142a blaszk\u0105 z faktur\u0105.<\/p>\n","protected":false},"featured_media":6203,"comment_status":"open","ping_status":"closed","template":"","meta":{"advanced_seo_description":"","jetpack_seo_html_title":"","jetpack_seo_noindex":false},"product_brand":[],"product_cat":[229],"product_tag":[2259,2255,2258,2257],"class_list":{"0":"post-6204","1":"product","2":"type-product","3":"status-publish","4":"has-post-thumbnail","6":"product_cat-sprzedane","7":"product_tag-jaspis-smocza-krew","8":"product_tag-kolczyki-na-sztyftach-z-zielonym-kamieniem","9":"product_tag-kolczyki-z-jaspisem-smocza-krew","10":"product_tag-kolczyki-z-zielonym-jaspisem","12":"first","13":"instock","14":"shipping-taxable","15":"purchasable","16":"product-type-simple"},"jetpack_sharing_enabled":true,"_links":{"self":[{"href":"https:\/\/koraledetale.pl\/index.php?rest_route=\/wp\/v2\/product\/6204","targetHints":{"allow":["GET"]}}],"collection":[{"href":"https:\/\/koraledetale.pl\/index.php?rest_route=\/wp\/v2\/product"}],"about":[{"href":"https:\/\/koraledetale.pl\/index.php?rest_route=\/wp\/v2\/types\/product"}],"replies":[{"embeddable":true,"href":"https:\/\/koraledetale.pl\/index.php?rest_route=%2Fwp%2Fv2%2Fcomments&post=6204"}],"wp:featuredmedia":[{"embeddable":true,"href":"https:\/\/koraledetale.pl\/index.php?rest_route=\/wp\/v2\/media\/6203"}],"wp:attachment":[{"href":"https:\/\/koraledetale.pl\/index.php?rest_route=%2Fwp%2Fv2%2Fmedia&parent=6204"}],"wp:term":[{"taxonomy":"product_brand","embeddable":true,"href":"https:\/\/koraledetale.pl\/index.php?rest_route=%2Fwp%2Fv2%2Fproduct_brand&post=6204"},{"taxonomy":"product_cat","embeddable":true,"href":"https:\/\/koraledetale.pl\/index.php?rest_route=%2Fwp%2Fv2%2Fproduct_cat&post=6204"},{"taxonomy":"product_tag","embeddable":true,"href":"https:\/\/koraledetale.pl\/index.php?rest_route=%2Fwp%2Fv2%2Fproduct_tag&post=6204"}],"curies":[{"name":"wp","href":"https:\/\/api.w.org\/{rel}","templated":true}]}}