{"id":6191,"date":"2024-10-10T16:46:38","date_gmt":"2024-10-10T16:46:38","guid":{"rendered":"https:\/\/koraledetale.pl\/?post_type=product&#038;p=6191"},"modified":"2024-12-03T10:07:43","modified_gmt":"2024-12-03T10:07:43","slug":"naszyjnik-czarowny-z-malachitami-i-lapis-lazuli","status":"publish","type":"product","link":"https:\/\/koraledetale.pl\/?product=naszyjnik-czarowny-z-malachitami-i-lapis-lazuli","title":{"rendered":"Naszyjnik CZAROWNY z malachitami i lapis lazuli"},"content":{"rendered":"<p>Wielko\u015b\u0107 kamieni:<\/p>\n<ul>\n<li>malachit \u2013 3 mm,<\/li>\n<li>lapis lazuli \u2013 3\u00d72 mm,<\/li>\n<li>hematyt \u2013 2 mm.<\/li>\n<\/ul>\n<p>Regulowana d\u0142ugo\u015b\u0107 naszyjnika w zakresie: 44-49 cm + zawieszka 2 cm.<\/p>\n<p>Wszystkie elementy metalowe wykonane s\u0105 z nieuczulaj\u0105cej stali szlachetnej.<\/p>\n<p>Kamienie zasupe\u0142kowane s\u0105 na kobaltowej, mocnej nici jubilerskiej.<\/p>\n","protected":false},"excerpt":{"rendered":"<p>Naszyjnik z fasetowanymi kuleczkami malachitu, z wplecionymi oponkami fasetowanych lapis lazuli i z\u0142otymi hematytami. Zwie\u0144czeniem naszyjnika jest zawieszka \u2013 hamsa z lapis lazuli.<\/p>\n","protected":false},"featured_media":6193,"comment_status":"open","ping_status":"closed","template":"","meta":{"advanced_seo_description":"","jetpack_seo_html_title":"","jetpack_seo_noindex":false},"product_brand":[],"product_cat":[229],"product_tag":[33,1409,158,35,2253,1448,2152,31],"class_list":{"0":"post-6191","1":"product","2":"type-product","3":"status-publish","4":"has-post-thumbnail","6":"product_cat-sprzedane","7":"product_tag-hamsa","8":"product_tag-lapis-lazuli","9":"product_tag-malachit","10":"product_tag-naszyjnik-z-hamsa","11":"product_tag-naszyjnik-z-malachitami-i-lapis-lazuli","12":"product_tag-naszyjnik-z-zawieszka","13":"product_tag-naszyjnik-z-zielonymi-kamieniami-naturalnymi","14":"product_tag-zloty-hematyt","16":"first","17":"outofstock","18":"shipping-taxable","19":"purchasable","20":"product-type-simple"},"jetpack_sharing_enabled":true,"_links":{"self":[{"href":"https:\/\/koraledetale.pl\/index.php?rest_route=\/wp\/v2\/product\/6191","targetHints":{"allow":["GET"]}}],"collection":[{"href":"https:\/\/koraledetale.pl\/index.php?rest_route=\/wp\/v2\/product"}],"about":[{"href":"https:\/\/koraledetale.pl\/index.php?rest_route=\/wp\/v2\/types\/product"}],"replies":[{"embeddable":true,"href":"https:\/\/koraledetale.pl\/index.php?rest_route=%2Fwp%2Fv2%2Fcomments&post=6191"}],"wp:featuredmedia":[{"embeddable":true,"href":"https:\/\/koraledetale.pl\/index.php?rest_route=\/wp\/v2\/media\/6193"}],"wp:attachment":[{"href":"https:\/\/koraledetale.pl\/index.php?rest_route=%2Fwp%2Fv2%2Fmedia&parent=6191"}],"wp:term":[{"taxonomy":"product_brand","embeddable":true,"href":"https:\/\/koraledetale.pl\/index.php?rest_route=%2Fwp%2Fv2%2Fproduct_brand&post=6191"},{"taxonomy":"product_cat","embeddable":true,"href":"https:\/\/koraledetale.pl\/index.php?rest_route=%2Fwp%2Fv2%2Fproduct_cat&post=6191"},{"taxonomy":"product_tag","embeddable":true,"href":"https:\/\/koraledetale.pl\/index.php?rest_route=%2Fwp%2Fv2%2Fproduct_tag&post=6191"}],"curies":[{"name":"wp","href":"https:\/\/api.w.org\/{rel}","templated":true}]}}