{"id":6185,"date":"2024-10-09T19:44:51","date_gmt":"2024-10-09T19:44:51","guid":{"rendered":"https:\/\/koraledetale.pl\/?post_type=product&#038;p=6185"},"modified":"2024-10-10T06:52:18","modified_gmt":"2024-10-10T06:52:18","slug":"naszyjnik-czarowny-z-lapis-lazuli-i-malachitami","status":"publish","type":"product","link":"https:\/\/koraledetale.pl\/?product=naszyjnik-czarowny-z-lapis-lazuli-i-malachitami","title":{"rendered":"Naszyjnik CZAROWNY z lapis lazuli i malachitami"},"content":{"rendered":"<p>Wielko\u015b\u0107 kamieni:<\/p>\n<ul>\n<li>lapis lazuli \u2013 3&#215;2 mm,<\/li>\n<li>malachit \u2013 3 mm,<\/li>\n<li>hematyt \u2013 2 mm.<\/li>\n<\/ul>\n<p>Regulowana d\u0142ugo\u015b\u0107 naszyjnika w zakresie: 43-48 cm + zawieszka 2 cm.<\/p>\n<p>Wszystkie elementy metalowe wykonane s\u0105 z nieuczulaj\u0105cej stali szlachetnej.<\/p>\n<p>Kamienie zasupe\u0142kowane s\u0105 na zielonej, mocnej nici jubilerskiej.<\/p>\n","protected":false},"excerpt":{"rendered":"<p>Naszyjnik z fasetowanymi oponkami lapis lazuli, z wplecionymi fasetowanymi kuleczkami malachitu i z\u0142otymi hematytami. Zwie\u0144czeniem naszyjnika jest zawieszka &#8211; hamsa z malachitem.<\/p>\n","protected":false},"featured_media":6188,"comment_status":"open","ping_status":"closed","template":"","meta":{"advanced_seo_description":"","jetpack_seo_html_title":"","jetpack_seo_noindex":false},"product_brand":[],"product_cat":[229],"product_tag":[2252,2251,321],"class_list":{"0":"post-6185","1":"product","2":"type-product","3":"status-publish","4":"has-post-thumbnail","6":"product_cat-sprzedane","7":"product_tag-naszyjnik-z-hamsa-i-kamieniami-naturalnymi","8":"product_tag-naszyjnik-z-lapis-lazuli-i-malachitami","9":"product_tag-naszyjnik-z-niebieskich-kamieni","11":"first","12":"outofstock","13":"shipping-taxable","14":"purchasable","15":"product-type-simple"},"jetpack_sharing_enabled":true,"_links":{"self":[{"href":"https:\/\/koraledetale.pl\/index.php?rest_route=\/wp\/v2\/product\/6185","targetHints":{"allow":["GET"]}}],"collection":[{"href":"https:\/\/koraledetale.pl\/index.php?rest_route=\/wp\/v2\/product"}],"about":[{"href":"https:\/\/koraledetale.pl\/index.php?rest_route=\/wp\/v2\/types\/product"}],"replies":[{"embeddable":true,"href":"https:\/\/koraledetale.pl\/index.php?rest_route=%2Fwp%2Fv2%2Fcomments&post=6185"}],"wp:featuredmedia":[{"embeddable":true,"href":"https:\/\/koraledetale.pl\/index.php?rest_route=\/wp\/v2\/media\/6188"}],"wp:attachment":[{"href":"https:\/\/koraledetale.pl\/index.php?rest_route=%2Fwp%2Fv2%2Fmedia&parent=6185"}],"wp:term":[{"taxonomy":"product_brand","embeddable":true,"href":"https:\/\/koraledetale.pl\/index.php?rest_route=%2Fwp%2Fv2%2Fproduct_brand&post=6185"},{"taxonomy":"product_cat","embeddable":true,"href":"https:\/\/koraledetale.pl\/index.php?rest_route=%2Fwp%2Fv2%2Fproduct_cat&post=6185"},{"taxonomy":"product_tag","embeddable":true,"href":"https:\/\/koraledetale.pl\/index.php?rest_route=%2Fwp%2Fv2%2Fproduct_tag&post=6185"}],"curies":[{"name":"wp","href":"https:\/\/api.w.org\/{rel}","templated":true}]}}