{"id":6169,"date":"2024-10-08T10:06:51","date_gmt":"2024-10-08T10:06:51","guid":{"rendered":"https:\/\/koraledetale.pl\/?post_type=product&#038;p=6169"},"modified":"2025-09-29T05:57:25","modified_gmt":"2025-09-29T05:57:25","slug":"kolczyki-sol-z-kamieniami-ksiezycowo-slonecznymi","status":"publish","type":"product","link":"https:\/\/koraledetale.pl\/?product=kolczyki-sol-z-kamieniami-ksiezycowo-slonecznymi","title":{"rendered":"Kolczyki SOL z kamieniami ksi\u0119\u017cycowo-s\u0142onecznymi"},"content":{"rendered":"<p>Wielko\u015b\u0107 kamieni:<\/p>\n<ul>\n<li>kamienie ksi\u0119\u017cycowo-s\u0142oneczne \u2013 6 x 4,5 mm,<\/li>\n<li>hematyt \u2013 2,5 mm i 3 x 1 mm.<\/li>\n<\/ul>\n<p>D\u0142ugo\u015b\u0107 kolczyk\u00f3w &#8211; 2,6 cm.<\/p>\n<p>Wszystkie elementy metalowe wykonane s\u0105 z nieuczulaj\u0105cej stali szlachetnej.<\/p>\n","protected":false},"excerpt":{"rendered":"<p>Kolczyki z fasetowanymi oponkami kamieni ksi\u0119\u017cycowo-s\u0142onecznych, przeplatanymi z\u0142otymi hematytami. Kamienie zawieszone s\u0105 na ma\u0142ych kuleczkach ze sztyftami.<\/p>\n","protected":false},"featured_media":6172,"comment_status":"open","ping_status":"closed","template":"","meta":{"advanced_seo_description":"","jetpack_seo_html_title":"","jetpack_seo_noindex":false},"product_brand":[],"product_cat":[18],"product_tag":[231,1002,1005,1277,31],"class_list":{"0":"post-6169","1":"product","2":"type-product","3":"status-publish","4":"has-post-thumbnail","6":"product_cat-kolczyki","7":"product_tag-kamienie-ksiezycowe","8":"product_tag-kamienie-sloneczne","9":"product_tag-kolczyki-na-sztyftach-z-kamieniami-naturalnymi","10":"product_tag-kolczyki-z-kamieniami-ksiezycowymi","11":"product_tag-zloty-hematyt","13":"first","14":"instock","15":"shipping-taxable","16":"purchasable","17":"product-type-simple"},"jetpack_sharing_enabled":true,"_links":{"self":[{"href":"https:\/\/koraledetale.pl\/index.php?rest_route=\/wp\/v2\/product\/6169","targetHints":{"allow":["GET"]}}],"collection":[{"href":"https:\/\/koraledetale.pl\/index.php?rest_route=\/wp\/v2\/product"}],"about":[{"href":"https:\/\/koraledetale.pl\/index.php?rest_route=\/wp\/v2\/types\/product"}],"replies":[{"embeddable":true,"href":"https:\/\/koraledetale.pl\/index.php?rest_route=%2Fwp%2Fv2%2Fcomments&post=6169"}],"wp:featuredmedia":[{"embeddable":true,"href":"https:\/\/koraledetale.pl\/index.php?rest_route=\/wp\/v2\/media\/6172"}],"wp:attachment":[{"href":"https:\/\/koraledetale.pl\/index.php?rest_route=%2Fwp%2Fv2%2Fmedia&parent=6169"}],"wp:term":[{"taxonomy":"product_brand","embeddable":true,"href":"https:\/\/koraledetale.pl\/index.php?rest_route=%2Fwp%2Fv2%2Fproduct_brand&post=6169"},{"taxonomy":"product_cat","embeddable":true,"href":"https:\/\/koraledetale.pl\/index.php?rest_route=%2Fwp%2Fv2%2Fproduct_cat&post=6169"},{"taxonomy":"product_tag","embeddable":true,"href":"https:\/\/koraledetale.pl\/index.php?rest_route=%2Fwp%2Fv2%2Fproduct_tag&post=6169"}],"curies":[{"name":"wp","href":"https:\/\/api.w.org\/{rel}","templated":true}]}}