{"id":6166,"date":"2024-10-07T07:40:52","date_gmt":"2024-10-07T07:40:52","guid":{"rendered":"https:\/\/koraledetale.pl\/?post_type=product&#038;p=6166"},"modified":"2025-07-28T06:47:21","modified_gmt":"2025-07-28T06:47:21","slug":"bransoletka-boginka-pazdziernikowa-z-granatami-i-gwiazdka","status":"publish","type":"product","link":"https:\/\/koraledetale.pl\/?product=bransoletka-boginka-pazdziernikowa-z-granatami-i-gwiazdka","title":{"rendered":"Bransoletka BOGINKA PA\u0179DZIERNIKOWA z granatami i gwiazdk\u0105"},"content":{"rendered":"<p>Wielko\u015b\u0107 kamieni:<\/p>\n<ul>\n<li>granat \u2013 2 mm,<\/li>\n<li>hematyt \u2013 2\u00d71 mm.<\/li>\n<\/ul>\n<p>D\u0142ugo\u015b\u0107 bransoletki: 16 \u2013 19 cm.<\/p>\n<p>Wszystkie elementy metalowe wykonane s\u0105 z nieuczulaj\u0105cej stali szlachetnej.<\/p>\n","protected":false},"excerpt":{"rendered":"<p>Bransoletka z drobnych granat\u00f3w w kolorze \u015bliwki, przeplatanych z\u0142otymi hematytami, z malutk\u0105 zawieszk\u0105 &#8211; gwiazdk\u0105.<br \/>\nKamienie zasupe\u0142kowane s\u0105 na mocnej nici jubilerskiej dobranej do barwy kamieni.<\/p>\n","protected":false},"featured_media":6159,"comment_status":"open","ping_status":"closed","template":"","meta":{"advanced_seo_description":"","jetpack_seo_html_title":"","jetpack_seo_noindex":false},"product_brand":[],"product_cat":[229],"product_tag":[79,2247,889,803,133,80,2248,71,67],"class_list":{"0":"post-6166","1":"product","2":"type-product","3":"status-publish","4":"has-post-thumbnail","6":"product_cat-sprzedane","7":"product_tag-bransoletka-z-drobnych-kamieni","8":"product_tag-bransoletka-z-drobnymi-granatami","9":"product_tag-bransoletka-z-drobnymi-kamieniami","10":"product_tag-bransoletka-z-gwiazdka","11":"product_tag-bransoletka-z-kamieni-naturalnych","12":"product_tag-bransoletka-z-kamieniami-naturalnymi","13":"product_tag-bransoletka-ze-sliwkowymi-granatami","14":"product_tag-granat","15":"product_tag-hematyt","17":"first","18":"outofstock","19":"shipping-taxable","20":"purchasable","21":"product-type-simple"},"jetpack_sharing_enabled":true,"_links":{"self":[{"href":"https:\/\/koraledetale.pl\/index.php?rest_route=\/wp\/v2\/product\/6166","targetHints":{"allow":["GET"]}}],"collection":[{"href":"https:\/\/koraledetale.pl\/index.php?rest_route=\/wp\/v2\/product"}],"about":[{"href":"https:\/\/koraledetale.pl\/index.php?rest_route=\/wp\/v2\/types\/product"}],"replies":[{"embeddable":true,"href":"https:\/\/koraledetale.pl\/index.php?rest_route=%2Fwp%2Fv2%2Fcomments&post=6166"}],"wp:featuredmedia":[{"embeddable":true,"href":"https:\/\/koraledetale.pl\/index.php?rest_route=\/wp\/v2\/media\/6159"}],"wp:attachment":[{"href":"https:\/\/koraledetale.pl\/index.php?rest_route=%2Fwp%2Fv2%2Fmedia&parent=6166"}],"wp:term":[{"taxonomy":"product_brand","embeddable":true,"href":"https:\/\/koraledetale.pl\/index.php?rest_route=%2Fwp%2Fv2%2Fproduct_brand&post=6166"},{"taxonomy":"product_cat","embeddable":true,"href":"https:\/\/koraledetale.pl\/index.php?rest_route=%2Fwp%2Fv2%2Fproduct_cat&post=6166"},{"taxonomy":"product_tag","embeddable":true,"href":"https:\/\/koraledetale.pl\/index.php?rest_route=%2Fwp%2Fv2%2Fproduct_tag&post=6166"}],"curies":[{"name":"wp","href":"https:\/\/api.w.org\/{rel}","templated":true}]}}