{"id":6151,"date":"2024-10-06T11:01:25","date_gmt":"2024-10-06T11:01:25","guid":{"rendered":"https:\/\/koraledetale.pl\/?post_type=product&#038;p=6151"},"modified":"2025-12-20T11:34:10","modified_gmt":"2025-12-20T11:34:10","slug":"bransoletka-oliwka-z-bazylia-ii-z-oliwinami-i-diopsydami","status":"publish","type":"product","link":"https:\/\/koraledetale.pl\/?product=bransoletka-oliwka-z-bazylia-ii-z-oliwinami-i-diopsydami","title":{"rendered":"Bransoletka OLIWKA Z BAZYLI\u0104 II z oliwinami i diopsydami"},"content":{"rendered":"<p>Wielko\u015b\u0107 kamieni:<\/p>\n<ul>\n<li>oliwin \u2013 2 mm,<\/li>\n<li>dipsyd \u2013 2\u00d72 mm,<\/li>\n<li>hematyt \u2013 2\u00d71 mm.<\/li>\n<\/ul>\n<p>D\u0142ugo\u015b\u0107 bransoletki: 16 \u2013 19,3 cm.<\/p>\n<p>Wszystkie elementy metalowe wykonane s\u0105 z nieuczulaj\u0105cej stali szlachetnej.<\/p>\n","protected":false},"excerpt":{"rendered":"<p>Bransoletka z drobnych oliwin\u00f3w, przeplatanych z\u0142otymi hematytami i kosteczkami diopsydu. Kamienie zasupe\u0142kowane s\u0105 na zielonej, mocnej nici jubilerskiej.<\/p>\n","protected":false},"featured_media":6143,"comment_status":"open","ping_status":"closed","template":"","meta":{"advanced_seo_description":"","jetpack_seo_html_title":"","jetpack_seo_noindex":false},"product_brand":[],"product_cat":[229],"product_tag":[79,889,133,80,2243,742,29,30],"class_list":{"0":"post-6151","1":"product","2":"type-product","3":"status-publish","4":"has-post-thumbnail","6":"product_cat-sprzedane","7":"product_tag-bransoletka-z-drobnych-kamieni","8":"product_tag-bransoletka-z-drobnymi-kamieniami","9":"product_tag-bransoletka-z-kamieni-naturalnych","10":"product_tag-bransoletka-z-kamieniami-naturalnymi","11":"product_tag-bransoletka-z-oliwinami-i-diopsydami","12":"product_tag-bransoletka-z-zielonymi-kamieniami","13":"product_tag-diopsyd","14":"product_tag-oliwin","16":"first","17":"outofstock","18":"shipping-taxable","19":"purchasable","20":"product-type-simple"},"jetpack_sharing_enabled":true,"_links":{"self":[{"href":"https:\/\/koraledetale.pl\/index.php?rest_route=\/wp\/v2\/product\/6151","targetHints":{"allow":["GET"]}}],"collection":[{"href":"https:\/\/koraledetale.pl\/index.php?rest_route=\/wp\/v2\/product"}],"about":[{"href":"https:\/\/koraledetale.pl\/index.php?rest_route=\/wp\/v2\/types\/product"}],"replies":[{"embeddable":true,"href":"https:\/\/koraledetale.pl\/index.php?rest_route=%2Fwp%2Fv2%2Fcomments&post=6151"}],"wp:featuredmedia":[{"embeddable":true,"href":"https:\/\/koraledetale.pl\/index.php?rest_route=\/wp\/v2\/media\/6143"}],"wp:attachment":[{"href":"https:\/\/koraledetale.pl\/index.php?rest_route=%2Fwp%2Fv2%2Fmedia&parent=6151"}],"wp:term":[{"taxonomy":"product_brand","embeddable":true,"href":"https:\/\/koraledetale.pl\/index.php?rest_route=%2Fwp%2Fv2%2Fproduct_brand&post=6151"},{"taxonomy":"product_cat","embeddable":true,"href":"https:\/\/koraledetale.pl\/index.php?rest_route=%2Fwp%2Fv2%2Fproduct_cat&post=6151"},{"taxonomy":"product_tag","embeddable":true,"href":"https:\/\/koraledetale.pl\/index.php?rest_route=%2Fwp%2Fv2%2Fproduct_tag&post=6151"}],"curies":[{"name":"wp","href":"https:\/\/api.w.org\/{rel}","templated":true}]}}