{"id":6129,"date":"2024-10-01T10:35:46","date_gmt":"2024-10-01T10:35:46","guid":{"rendered":"https:\/\/koraledetale.pl\/?post_type=product&#038;p=6129"},"modified":"2024-10-05T11:28:09","modified_gmt":"2024-10-05T11:28:09","slug":"naszyjnik-noc-z-turkusami","status":"publish","type":"product","link":"https:\/\/koraledetale.pl\/?product=naszyjnik-noc-z-turkusami","title":{"rendered":"Naszyjnik NOC z turkusami"},"content":{"rendered":"<p>Wielko\u015b\u0107 kamieni:<\/p>\n<ul>\n<li>turkus \u2013 ok. 3,5 mm,<\/li>\n<li>hematyt \u2013 3\u00d71 mm i 2 mm.<\/li>\n<\/ul>\n<p>D\u0142ugo\u015b\u0107 naszyjnika: kr\u00f3tsza cz\u0119\u015b\u0107 z \u0142a\u0144cuszkiem \u2013 40 cm, d\u0142u\u017csza z turkusami \u2013 44 cm + zawieszka \u2013 2,4 cm.<\/p>\n<p>Wszystkie elementy metalowe wykonane s\u0105 z nieuczulaj\u0105cej stali szlachetnej.<\/p>\n","protected":false},"excerpt":{"rendered":"<p>Warstwowy naszyjnik z \u0142a\u0144cuszkiem z kuleczkami, po\u0142\u0105czonym ze sznurem cieniowanych turkus\u00f3w, przeplatanych z\u0142otymi hematytami. Zwie\u0144czeniem naszyjnika jest a\u017curowa zawieszka \u2013 ksi\u0119\u017cyc.<\/p>\n","protected":false},"featured_media":6130,"comment_status":"open","ping_status":"closed","template":"","meta":{"advanced_seo_description":"","jetpack_seo_html_title":"","jetpack_seo_noindex":false},"product_brand":[],"product_cat":[229],"product_tag":[2237,501,2235,2236],"class_list":{"0":"post-6129","1":"product","2":"type-product","3":"status-publish","4":"has-post-thumbnail","6":"product_cat-sprzedane","7":"product_tag-cieniowany-turkus","8":"product_tag-ksiezyc","9":"product_tag-warstwowy-naszyjnik-z-turkusami-i-ksiezycem","10":"product_tag-lancuszek-z-cieniowanymi-turkusami","12":"first","13":"outofstock","14":"shipping-taxable","15":"purchasable","16":"product-type-simple"},"jetpack_sharing_enabled":true,"_links":{"self":[{"href":"https:\/\/koraledetale.pl\/index.php?rest_route=\/wp\/v2\/product\/6129","targetHints":{"allow":["GET"]}}],"collection":[{"href":"https:\/\/koraledetale.pl\/index.php?rest_route=\/wp\/v2\/product"}],"about":[{"href":"https:\/\/koraledetale.pl\/index.php?rest_route=\/wp\/v2\/types\/product"}],"replies":[{"embeddable":true,"href":"https:\/\/koraledetale.pl\/index.php?rest_route=%2Fwp%2Fv2%2Fcomments&post=6129"}],"wp:featuredmedia":[{"embeddable":true,"href":"https:\/\/koraledetale.pl\/index.php?rest_route=\/wp\/v2\/media\/6130"}],"wp:attachment":[{"href":"https:\/\/koraledetale.pl\/index.php?rest_route=%2Fwp%2Fv2%2Fmedia&parent=6129"}],"wp:term":[{"taxonomy":"product_brand","embeddable":true,"href":"https:\/\/koraledetale.pl\/index.php?rest_route=%2Fwp%2Fv2%2Fproduct_brand&post=6129"},{"taxonomy":"product_cat","embeddable":true,"href":"https:\/\/koraledetale.pl\/index.php?rest_route=%2Fwp%2Fv2%2Fproduct_cat&post=6129"},{"taxonomy":"product_tag","embeddable":true,"href":"https:\/\/koraledetale.pl\/index.php?rest_route=%2Fwp%2Fv2%2Fproduct_tag&post=6129"}],"curies":[{"name":"wp","href":"https:\/\/api.w.org\/{rel}","templated":true}]}}