{"id":6116,"date":"2024-09-26T07:14:53","date_gmt":"2024-09-26T07:14:53","guid":{"rendered":"https:\/\/koraledetale.pl\/?post_type=product&#038;p=6116"},"modified":"2024-09-29T05:52:55","modified_gmt":"2024-09-29T05:52:55","slug":"naszyjnik-gwiazdzista-noc-ii-z-labradorytami","status":"publish","type":"product","link":"https:\/\/koraledetale.pl\/?product=naszyjnik-gwiazdzista-noc-ii-z-labradorytami","title":{"rendered":"Naszyjnik GWIA\u0179DZISTA NOC II z labradorytami"},"content":{"rendered":"<p>Wielko\u015b\u0107 kamieni:<\/p>\n<ul>\n<li>labradoryt \u2013 ok. 4\u00d72,5,5 mm i 3 mm (przy przed\u0142u\u017cce),<\/li>\n<li>hematyt \u2013 3\u00d71 mm i 2 mm.<\/li>\n<\/ul>\n<p>D\u0142ugo\u015b\u0107 naszyjnika: kr\u00f3tsza cz\u0119\u015b\u0107 z \u0142a\u0144cuszkiem \u2013 40 cm, d\u0142u\u017csza z labradorytami \u2013 44 cm + zawieszka \u2013 2,6 cm.<\/p>\n<p>Wszystkie elementy metalowe wykonane s\u0105 z nieuczulaj\u0105cej stali szlachetnej.<\/p>\n","protected":false},"excerpt":{"rendered":"<p>Warstwowy naszyjnik z \u0142a\u0144cuszka z kuleczkami i sznura ciosanych labradoryt\u00f3w (wysokiej klasy jubilerskiej), przeplatanych z\u0142otymi hematytami. Zwie\u0144czeniem naszyjnika jest pod\u0142u\u017cna zawieszka \u2013 gwiazda.<\/p>\n","protected":false},"featured_media":6119,"comment_status":"open","ping_status":"closed","template":"","meta":{"advanced_seo_description":"","jetpack_seo_html_title":"","jetpack_seo_noindex":false},"product_brand":[],"product_cat":[229],"product_tag":[56,1186,1111,2234,2233,142],"class_list":{"0":"post-6116","1":"product","2":"type-product","3":"status-publish","4":"has-post-thumbnail","6":"product_cat-sprzedane","7":"product_tag-labradoryt","8":"product_tag-naszyjnik-z-szarymi-kamieniami","9":"product_tag-warstwowy-naszyjnik-z-labradorytami","10":"product_tag-zawieszka-gwiazda","11":"product_tag-lancszek-z-labradorytami","12":"product_tag-lancuszek","14":"first","15":"outofstock","16":"shipping-taxable","17":"purchasable","18":"product-type-simple"},"jetpack_sharing_enabled":true,"_links":{"self":[{"href":"https:\/\/koraledetale.pl\/index.php?rest_route=\/wp\/v2\/product\/6116","targetHints":{"allow":["GET"]}}],"collection":[{"href":"https:\/\/koraledetale.pl\/index.php?rest_route=\/wp\/v2\/product"}],"about":[{"href":"https:\/\/koraledetale.pl\/index.php?rest_route=\/wp\/v2\/types\/product"}],"replies":[{"embeddable":true,"href":"https:\/\/koraledetale.pl\/index.php?rest_route=%2Fwp%2Fv2%2Fcomments&post=6116"}],"wp:featuredmedia":[{"embeddable":true,"href":"https:\/\/koraledetale.pl\/index.php?rest_route=\/wp\/v2\/media\/6119"}],"wp:attachment":[{"href":"https:\/\/koraledetale.pl\/index.php?rest_route=%2Fwp%2Fv2%2Fmedia&parent=6116"}],"wp:term":[{"taxonomy":"product_brand","embeddable":true,"href":"https:\/\/koraledetale.pl\/index.php?rest_route=%2Fwp%2Fv2%2Fproduct_brand&post=6116"},{"taxonomy":"product_cat","embeddable":true,"href":"https:\/\/koraledetale.pl\/index.php?rest_route=%2Fwp%2Fv2%2Fproduct_cat&post=6116"},{"taxonomy":"product_tag","embeddable":true,"href":"https:\/\/koraledetale.pl\/index.php?rest_route=%2Fwp%2Fv2%2Fproduct_tag&post=6116"}],"curies":[{"name":"wp","href":"https:\/\/api.w.org\/{rel}","templated":true}]}}