{"id":6114,"date":"2024-09-24T08:52:44","date_gmt":"2024-09-24T08:52:44","guid":{"rendered":"https:\/\/koraledetale.pl\/?post_type=product&#038;p=6114"},"modified":"2024-11-29T06:55:23","modified_gmt":"2024-11-29T06:55:23","slug":"bransoletka-babie-lato-z-zielonymi-tanzanitami","status":"publish","type":"product","link":"https:\/\/koraledetale.pl\/?product=bransoletka-babie-lato-z-zielonymi-tanzanitami","title":{"rendered":"Bransoletka BABIE LATO z zielonymi tanzanitami"},"content":{"rendered":"<p>Wielko\u015b\u0107 kamieni:<\/p>\n<ul>\n<li>tanzanit \u2013 2,5 mm,<\/li>\n<li>hematyt \u2013 2 mm.<\/li>\n<\/ul>\n<p>D\u0142ugo\u015b\u0107 bransoletki: 16 \u2013 19 cm.<\/p>\n<p>Wszystkie elementy metalowe wykonane s\u0105 z nieuczulaj\u0105cej stali szlachetnej.<\/p>\n","protected":false},"excerpt":{"rendered":"<p>Bransoletka z drobnych, zielonych tanzanit\u00f3w, z wplecionymi fioletowymi tanzanitami i z\u0142otymi hematytami oraz z niewielk\u0105 zawieszk\u0105 &#8211; gwiazdk\u0105. Kamienie zasupe\u0142kowane s\u0105 na mocnej nici jubilerskiej.<\/p>\n","protected":false},"featured_media":6113,"comment_status":"open","ping_status":"closed","template":"","meta":{"advanced_seo_description":"","jetpack_seo_html_title":"","jetpack_seo_noindex":false},"product_brand":[],"product_cat":[229],"product_tag":[547,134,2229,2230,67,508,2232,2231],"class_list":{"0":"post-6114","1":"product","2":"type-product","3":"status-publish","4":"has-post-thumbnail","6":"product_cat-sprzedane","7":"product_tag-bransoletka-z-drobnych-kamieni-naturalnych","8":"product_tag-bransoletka-z-zawieszka","9":"product_tag-bransoletka-z-zielonych-tanzanitow","10":"product_tag-branzoletka-z-zielonych-kamieni-naturalnych","11":"product_tag-hematyt","12":"product_tag-tanzanit","13":"product_tag-zawieszka-gwiazdka","14":"product_tag-zielony-tanzanit","16":"first","17":"outofstock","18":"shipping-taxable","19":"purchasable","20":"product-type-simple"},"jetpack_sharing_enabled":true,"_links":{"self":[{"href":"https:\/\/koraledetale.pl\/index.php?rest_route=\/wp\/v2\/product\/6114","targetHints":{"allow":["GET"]}}],"collection":[{"href":"https:\/\/koraledetale.pl\/index.php?rest_route=\/wp\/v2\/product"}],"about":[{"href":"https:\/\/koraledetale.pl\/index.php?rest_route=\/wp\/v2\/types\/product"}],"replies":[{"embeddable":true,"href":"https:\/\/koraledetale.pl\/index.php?rest_route=%2Fwp%2Fv2%2Fcomments&post=6114"}],"wp:featuredmedia":[{"embeddable":true,"href":"https:\/\/koraledetale.pl\/index.php?rest_route=\/wp\/v2\/media\/6113"}],"wp:attachment":[{"href":"https:\/\/koraledetale.pl\/index.php?rest_route=%2Fwp%2Fv2%2Fmedia&parent=6114"}],"wp:term":[{"taxonomy":"product_brand","embeddable":true,"href":"https:\/\/koraledetale.pl\/index.php?rest_route=%2Fwp%2Fv2%2Fproduct_brand&post=6114"},{"taxonomy":"product_cat","embeddable":true,"href":"https:\/\/koraledetale.pl\/index.php?rest_route=%2Fwp%2Fv2%2Fproduct_cat&post=6114"},{"taxonomy":"product_tag","embeddable":true,"href":"https:\/\/koraledetale.pl\/index.php?rest_route=%2Fwp%2Fv2%2Fproduct_tag&post=6114"}],"curies":[{"name":"wp","href":"https:\/\/api.w.org\/{rel}","templated":true}]}}