{"id":611,"date":"2021-05-17T13:50:40","date_gmt":"2021-05-17T13:50:40","guid":{"rendered":"https:\/\/koraledetale.pl\/?post_type=product&#038;p=611"},"modified":"2024-11-11T11:11:37","modified_gmt":"2024-11-11T11:11:37","slug":"lancuszek-z-kropla-howlitu-turkusowego","status":"publish","type":"product","link":"https:\/\/koraledetale.pl\/?product=lancuszek-z-kropla-howlitu-turkusowego","title":{"rendered":"\u0141a\u0144cuszek MARINA z lapis lazuri, turkusem i howlitem"},"content":{"rendered":"<p>Wielko\u015b\u0107 kamieni:<\/p>\n<ul>\n<li>turkus -3 mm,<\/li>\n<li>lapis lazuri &#8211; 2 mm,<\/li>\n<li>howlit turkusowy &#8211; 10x8x3,5 mm<\/li>\n<li>hematyt &#8211; 2 mm.<\/li>\n<\/ul>\n<p>D\u0142ugo\u015b\u0107 \u0142a\u0144cuszka: 44-49 cm.<\/p>\n","protected":false},"excerpt":{"rendered":"<p>\u0141a\u0144cuszek z \u0142ezk\u0105 howlitu turkusowego oraz lapis lazuri, turkusami i z\u0142otymi hematytami po boku.<\/p>\n<p>\u0141a\u0144cuszek wykonany jest z nieuczulaj\u0105cej stali chirurgicznej (szlachetnej).<\/p>\n","protected":false},"featured_media":3806,"comment_status":"open","ping_status":"closed","template":"","meta":{"advanced_seo_description":"","jetpack_seo_html_title":"","jetpack_seo_noindex":false},"product_brand":[],"product_cat":[229],"product_tag":[256,197,254,255,195,196],"class_list":{"0":"post-611","1":"product","2":"type-product","3":"status-publish","4":"has-post-thumbnail","6":"product_cat-sprzedane","7":"product_tag-lancuszek-z-howlitem-turkusowym","8":"product_tag-lancuszek-z-kamieniami-naturalnymi","9":"product_tag-lancuszek-z-turkusami","10":"product_tag-lancuszek-z-turkusami-i-lapis-lazuri","11":"product_tag-lancuszek-ze-stali-chirurgicznej","12":"product_tag-lancuszek-ze-stali-szlachetnej","14":"first","15":"outofstock","16":"shipping-taxable","17":"product-type-simple"},"jetpack_sharing_enabled":true,"_links":{"self":[{"href":"https:\/\/koraledetale.pl\/index.php?rest_route=\/wp\/v2\/product\/611","targetHints":{"allow":["GET"]}}],"collection":[{"href":"https:\/\/koraledetale.pl\/index.php?rest_route=\/wp\/v2\/product"}],"about":[{"href":"https:\/\/koraledetale.pl\/index.php?rest_route=\/wp\/v2\/types\/product"}],"replies":[{"embeddable":true,"href":"https:\/\/koraledetale.pl\/index.php?rest_route=%2Fwp%2Fv2%2Fcomments&post=611"}],"wp:featuredmedia":[{"embeddable":true,"href":"https:\/\/koraledetale.pl\/index.php?rest_route=\/wp\/v2\/media\/3806"}],"wp:attachment":[{"href":"https:\/\/koraledetale.pl\/index.php?rest_route=%2Fwp%2Fv2%2Fmedia&parent=611"}],"wp:term":[{"taxonomy":"product_brand","embeddable":true,"href":"https:\/\/koraledetale.pl\/index.php?rest_route=%2Fwp%2Fv2%2Fproduct_brand&post=611"},{"taxonomy":"product_cat","embeddable":true,"href":"https:\/\/koraledetale.pl\/index.php?rest_route=%2Fwp%2Fv2%2Fproduct_cat&post=611"},{"taxonomy":"product_tag","embeddable":true,"href":"https:\/\/koraledetale.pl\/index.php?rest_route=%2Fwp%2Fv2%2Fproduct_tag&post=611"}],"curies":[{"name":"wp","href":"https:\/\/api.w.org\/{rel}","templated":true}]}}