{"id":6078,"date":"2024-09-21T10:34:41","date_gmt":"2024-09-21T10:34:41","guid":{"rendered":"https:\/\/koraledetale.pl\/?post_type=product&#038;p=6078"},"modified":"2024-11-27T10:28:59","modified_gmt":"2024-11-27T10:28:59","slug":"naszyjnik-luksus-z-rozowych-perel","status":"publish","type":"product","link":"https:\/\/koraledetale.pl\/?product=naszyjnik-luksus-z-rozowych-perel","title":{"rendered":"Naszyjnik LUKSUS z r\u00f3\u017cowych pere\u0142"},"content":{"rendered":"<p>Wielko\u015b\u0107 kamieni:<\/p>\n<ul>\n<li>per\u0142a &#8211; 7,5&#215;6,5 mm i 14&#215;13,5&#215;5 mm (zawieszka),<\/li>\n<li>hematyt &#8211; 2 mm i 2&#215;2 mm.<\/li>\n<\/ul>\n<p>D\u0142ugo\u015b\u0107 naszyjnika &#8211; 43 cm.<\/p>\n<p>Wszystkie elementy metalowe wykonane s\u0105 z nieuczulaj\u0105cej stali szlachetnej.<\/p>\n","protected":false},"excerpt":{"rendered":"<p>Naszyjnik z r\u00f3\u017cowych pere\u0142 o cudnie niejednolitym odcieniu, z zapi\u0119cie z przodu i zawieszk\u0105 z per\u0142y barokowej. Per\u0142y przeplatane s\u0105 z\u0142otymi hematytami i zasupe\u0142kowane na r\u00f3\u017cowej, mocnej nici jubilerskiej.<\/p>\n","protected":false},"featured_media":6079,"comment_status":"open","ping_status":"closed","template":"","meta":{"advanced_seo_description":"","jetpack_seo_html_title":"","jetpack_seo_noindex":false},"product_brand":[],"product_cat":[229],"product_tag":[885,281,2222],"class_list":{"0":"post-6078","1":"product","2":"type-product","3":"status-publish","4":"has-post-thumbnail","6":"product_cat-sprzedane","7":"product_tag-naszyjnik-z-rozowych-perel","8":"product_tag-naszyjnik-z-rozowymi-perlami","9":"product_tag-rozowa-perla-zloty-hematyt","11":"first","12":"outofstock","13":"shipping-taxable","14":"purchasable","15":"product-type-simple"},"jetpack_sharing_enabled":true,"_links":{"self":[{"href":"https:\/\/koraledetale.pl\/index.php?rest_route=\/wp\/v2\/product\/6078","targetHints":{"allow":["GET"]}}],"collection":[{"href":"https:\/\/koraledetale.pl\/index.php?rest_route=\/wp\/v2\/product"}],"about":[{"href":"https:\/\/koraledetale.pl\/index.php?rest_route=\/wp\/v2\/types\/product"}],"replies":[{"embeddable":true,"href":"https:\/\/koraledetale.pl\/index.php?rest_route=%2Fwp%2Fv2%2Fcomments&post=6078"}],"wp:featuredmedia":[{"embeddable":true,"href":"https:\/\/koraledetale.pl\/index.php?rest_route=\/wp\/v2\/media\/6079"}],"wp:attachment":[{"href":"https:\/\/koraledetale.pl\/index.php?rest_route=%2Fwp%2Fv2%2Fmedia&parent=6078"}],"wp:term":[{"taxonomy":"product_brand","embeddable":true,"href":"https:\/\/koraledetale.pl\/index.php?rest_route=%2Fwp%2Fv2%2Fproduct_brand&post=6078"},{"taxonomy":"product_cat","embeddable":true,"href":"https:\/\/koraledetale.pl\/index.php?rest_route=%2Fwp%2Fv2%2Fproduct_cat&post=6078"},{"taxonomy":"product_tag","embeddable":true,"href":"https:\/\/koraledetale.pl\/index.php?rest_route=%2Fwp%2Fv2%2Fproduct_tag&post=6078"}],"curies":[{"name":"wp","href":"https:\/\/api.w.org\/{rel}","templated":true}]}}