{"id":6076,"date":"2024-09-16T07:09:33","date_gmt":"2024-09-16T07:09:33","guid":{"rendered":"https:\/\/koraledetale.pl\/?post_type=product&#038;p=6076"},"modified":"2024-12-01T09:22:43","modified_gmt":"2024-12-01T09:22:43","slug":"naszyjnik-asteroida-z-kwarcem-rozowym","status":"publish","type":"product","link":"https:\/\/koraledetale.pl\/?product=naszyjnik-asteroida-z-kwarcem-rozowym","title":{"rendered":"Naszyjnik ASTEROIDA z kwarcem r\u00f3\u017cowym"},"content":{"rendered":"<p>Wielko\u015b\u0107 kwarc\u00f3w: 20\u00d710 mm (kropla) i 4,5\u00d74,5 mm (kostka).<\/p>\n<p>D\u0142ugo\u015b\u0107 naszyjnika- do 51 cm cm + zawieszka \u2013 2,8 cm.<\/p>\n<p>Wszystkie elementy metalowe wykonane s\u0105 z nieuczulaj\u0105cej stali szlachetnej.<\/p>\n","protected":false},"excerpt":{"rendered":"<p>\u0141a\u0144cuszek o du\u017cych oczkach z kwarcami r\u00f3\u017cowymi: du\u017c\u0105 kropl\u0105 u do\u0142u oraz kosteczk\u0105 po boku \u0142a\u0144cuszka.<\/p>\n<p>Naszyjnik mo\u017cesz zapi\u0105\u0107 w dowolnym oczku \u0142a\u0144cuszka co stwarza nieograniczone mo\u017cliwo\u015bci jego noszenia.<\/p>\n","protected":false},"featured_media":6073,"comment_status":"open","ping_status":"closed","template":"","meta":{"advanced_seo_description":"","jetpack_seo_html_title":"","jetpack_seo_noindex":false},"product_brand":[],"product_cat":[229],"product_tag":[216,215,2221],"class_list":{"0":"post-6076","1":"product","2":"type-product","3":"status-publish","4":"has-post-thumbnail","6":"product_cat-sprzedane","7":"product_tag-kwarc-rozowy","8":"product_tag-naszyjnik-z-rozowym-kwarcem","9":"product_tag-lancuszek-z-kwarcami-rozowymi","11":"first","12":"outofstock","13":"shipping-taxable","14":"purchasable","15":"product-type-simple"},"jetpack_sharing_enabled":true,"_links":{"self":[{"href":"https:\/\/koraledetale.pl\/index.php?rest_route=\/wp\/v2\/product\/6076","targetHints":{"allow":["GET"]}}],"collection":[{"href":"https:\/\/koraledetale.pl\/index.php?rest_route=\/wp\/v2\/product"}],"about":[{"href":"https:\/\/koraledetale.pl\/index.php?rest_route=\/wp\/v2\/types\/product"}],"replies":[{"embeddable":true,"href":"https:\/\/koraledetale.pl\/index.php?rest_route=%2Fwp%2Fv2%2Fcomments&post=6076"}],"wp:featuredmedia":[{"embeddable":true,"href":"https:\/\/koraledetale.pl\/index.php?rest_route=\/wp\/v2\/media\/6073"}],"wp:attachment":[{"href":"https:\/\/koraledetale.pl\/index.php?rest_route=%2Fwp%2Fv2%2Fmedia&parent=6076"}],"wp:term":[{"taxonomy":"product_brand","embeddable":true,"href":"https:\/\/koraledetale.pl\/index.php?rest_route=%2Fwp%2Fv2%2Fproduct_brand&post=6076"},{"taxonomy":"product_cat","embeddable":true,"href":"https:\/\/koraledetale.pl\/index.php?rest_route=%2Fwp%2Fv2%2Fproduct_cat&post=6076"},{"taxonomy":"product_tag","embeddable":true,"href":"https:\/\/koraledetale.pl\/index.php?rest_route=%2Fwp%2Fv2%2Fproduct_tag&post=6076"}],"curies":[{"name":"wp","href":"https:\/\/api.w.org\/{rel}","templated":true}]}}