{"id":6063,"date":"2024-09-16T06:33:22","date_gmt":"2024-09-16T06:33:22","guid":{"rendered":"https:\/\/koraledetale.pl\/?post_type=product&#038;p=6063"},"modified":"2025-07-26T05:51:12","modified_gmt":"2025-07-26T05:51:12","slug":"naszyjnik-ufo-z-karneolem","status":"publish","type":"product","link":"https:\/\/koraledetale.pl\/?product=naszyjnik-ufo-z-karneolem","title":{"rendered":"Naszyjnik UFO z karneolem"},"content":{"rendered":"<p>Wielko\u015b\u0107 karneolu: 26&#215;13 mm (pastylka) i 5,5&#215;5,5 mm (kostka).<\/p>\n<p>D\u0142ugo\u015b\u0107 naszyjnika:\u00a0 50 &#8211; 55 cm + zawieszka (kamie\u0144 z k\u00f3\u0142kiem) &#8211; 5 cm.<\/p>\n<p>Wszystkie elementy metalowe wykonane s\u0105 z nieuczulaj\u0105cej stali szlachetnej.<\/p>\n","protected":false},"excerpt":{"rendered":"<p>\u0141a\u0144cuch o grubych oczkach z niezwyk\u0142ej urody karneolem w postaci du\u017cej pastylki, zawieszonej na k\u00f3\u0142ku, oraz zawieszk\u0105 z kosteczki karneolu (po boku \u0142a\u0144cuszka).<\/p>\n","protected":false},"featured_media":6066,"comment_status":"open","ping_status":"closed","template":"","meta":{"advanced_seo_description":"","jetpack_seo_html_title":"","jetpack_seo_noindex":false},"product_brand":[],"product_cat":[229],"product_tag":[751,2216,2217,2218],"class_list":{"0":"post-6063","1":"product","2":"type-product","3":"status-publish","4":"has-post-thumbnail","6":"product_cat-sprzedane","7":"product_tag-karneol","8":"product_tag-naszyjnik-z-karnolem","9":"product_tag-lancuch-z-karneolem","10":"product_tag-lancuszek-z-karneolem","12":"first","13":"outofstock","14":"shipping-taxable","15":"purchasable","16":"product-type-simple"},"jetpack_sharing_enabled":true,"_links":{"self":[{"href":"https:\/\/koraledetale.pl\/index.php?rest_route=\/wp\/v2\/product\/6063","targetHints":{"allow":["GET"]}}],"collection":[{"href":"https:\/\/koraledetale.pl\/index.php?rest_route=\/wp\/v2\/product"}],"about":[{"href":"https:\/\/koraledetale.pl\/index.php?rest_route=\/wp\/v2\/types\/product"}],"replies":[{"embeddable":true,"href":"https:\/\/koraledetale.pl\/index.php?rest_route=%2Fwp%2Fv2%2Fcomments&post=6063"}],"wp:featuredmedia":[{"embeddable":true,"href":"https:\/\/koraledetale.pl\/index.php?rest_route=\/wp\/v2\/media\/6066"}],"wp:attachment":[{"href":"https:\/\/koraledetale.pl\/index.php?rest_route=%2Fwp%2Fv2%2Fmedia&parent=6063"}],"wp:term":[{"taxonomy":"product_brand","embeddable":true,"href":"https:\/\/koraledetale.pl\/index.php?rest_route=%2Fwp%2Fv2%2Fproduct_brand&post=6063"},{"taxonomy":"product_cat","embeddable":true,"href":"https:\/\/koraledetale.pl\/index.php?rest_route=%2Fwp%2Fv2%2Fproduct_cat&post=6063"},{"taxonomy":"product_tag","embeddable":true,"href":"https:\/\/koraledetale.pl\/index.php?rest_route=%2Fwp%2Fv2%2Fproduct_tag&post=6063"}],"curies":[{"name":"wp","href":"https:\/\/api.w.org\/{rel}","templated":true}]}}