{"id":6054,"date":"2024-09-14T15:41:09","date_gmt":"2024-09-14T15:41:09","guid":{"rendered":"https:\/\/koraledetale.pl\/?post_type=product&#038;p=6054"},"modified":"2025-05-11T07:36:26","modified_gmt":"2025-05-11T07:36:26","slug":"naszyjnik-pozegnanie-lata-z-chryzokolami","status":"publish","type":"product","link":"https:\/\/koraledetale.pl\/?product=naszyjnik-pozegnanie-lata-z-chryzokolami","title":{"rendered":"Naszyjnik PO\u017bEGNANIE LATA z chryzokolami"},"content":{"rendered":"<p>Wielko\u015b\u0107 kamieni:<\/p>\n<ul>\n<li>chryzokola &#8211; 7&#215;7 mm,<\/li>\n<li>hematyt &#8211; 4&#215;2 mm, 3&#215;2 mm, 2&#215;1 mm i 2 mm.<\/li>\n<\/ul>\n<p>D\u0142ugo\u015b\u0107 naszyjnika: 44,5 &#8211; 49 cm + zawieszka 3 cm.<\/p>\n<p>Wszystkie elementy metalowe wykonane s\u0105 z nieuczulaj\u0105cej stali szlachetnej.<\/p>\n<p>Kamienie zasupe\u0142kowane s\u0105 na mocnej nici jubilerskiej dobranej kolorystycznie do koloru kamieni.<\/p>\n","protected":false},"excerpt":{"rendered":"<p>Naszyjnik z \u0142agodnie szlifowanymi kosteczkami chryzokoli, przeplatanymi z\u0142otymi hematytami, zdu\u017c\u0105, zjawiskow\u0105 zawieszk\u0105 &#8211; lun\u0105.<\/p>\n<p>&nbsp;<\/p>\n","protected":false},"featured_media":6056,"comment_status":"open","ping_status":"closed","template":"","meta":{"advanced_seo_description":"","jetpack_seo_html_title":"","jetpack_seo_noindex":false},"product_brand":[],"product_cat":[229],"product_tag":[120,501,687,757,2213,2214,1388,31],"class_list":{"0":"post-6054","1":"product","2":"type-product","3":"status-publish","4":"has-post-thumbnail","6":"product_cat-sprzedane","7":"product_tag-chryzokola","8":"product_tag-ksiezyc","9":"product_tag-luna","10":"product_tag-lunula","11":"product_tag-naszyjnik-z-chryzokolami-i-lunula","12":"product_tag-naszyjnik-z-kamieniami-naturalnymi-i-luna","13":"product_tag-naszyjnik-z-kolorowymi-kamieniami-naturalnymi","14":"product_tag-zloty-hematyt","16":"first","17":"outofstock","18":"shipping-taxable","19":"purchasable","20":"product-type-simple"},"jetpack_sharing_enabled":true,"_links":{"self":[{"href":"https:\/\/koraledetale.pl\/index.php?rest_route=\/wp\/v2\/product\/6054","targetHints":{"allow":["GET"]}}],"collection":[{"href":"https:\/\/koraledetale.pl\/index.php?rest_route=\/wp\/v2\/product"}],"about":[{"href":"https:\/\/koraledetale.pl\/index.php?rest_route=\/wp\/v2\/types\/product"}],"replies":[{"embeddable":true,"href":"https:\/\/koraledetale.pl\/index.php?rest_route=%2Fwp%2Fv2%2Fcomments&post=6054"}],"wp:featuredmedia":[{"embeddable":true,"href":"https:\/\/koraledetale.pl\/index.php?rest_route=\/wp\/v2\/media\/6056"}],"wp:attachment":[{"href":"https:\/\/koraledetale.pl\/index.php?rest_route=%2Fwp%2Fv2%2Fmedia&parent=6054"}],"wp:term":[{"taxonomy":"product_brand","embeddable":true,"href":"https:\/\/koraledetale.pl\/index.php?rest_route=%2Fwp%2Fv2%2Fproduct_brand&post=6054"},{"taxonomy":"product_cat","embeddable":true,"href":"https:\/\/koraledetale.pl\/index.php?rest_route=%2Fwp%2Fv2%2Fproduct_cat&post=6054"},{"taxonomy":"product_tag","embeddable":true,"href":"https:\/\/koraledetale.pl\/index.php?rest_route=%2Fwp%2Fv2%2Fproduct_tag&post=6054"}],"curies":[{"name":"wp","href":"https:\/\/api.w.org\/{rel}","templated":true}]}}