{"id":6047,"date":"2024-09-12T09:06:03","date_gmt":"2024-09-12T09:06:03","guid":{"rendered":"https:\/\/koraledetale.pl\/?post_type=product&#038;p=6047"},"modified":"2025-02-03T13:44:30","modified_gmt":"2025-02-03T13:44:30","slug":"naszyjnik-bogini-z-perlami-i-kamieniami-slonecznymi","status":"publish","type":"product","link":"https:\/\/koraledetale.pl\/?product=naszyjnik-bogini-z-perlami-i-kamieniami-slonecznymi","title":{"rendered":"Naszyjnik BOGINI z per\u0142ami i kamieniami s\u0142onecznymi"},"content":{"rendered":"<p>Wielko\u015b\u0107 kamieni:<\/p>\n<ul>\n<li>per\u0142a \u2013 ok. 7x5x5 mm,<\/li>\n<li>kamie\u0144 s\u0142oneczny \u2013 4,5 mm,<\/li>\n<li>hematyt \u2013 3\u00d71 mm.<\/li>\n<\/ul>\n<p>D\u0142ugo\u015b\u0107 naszyjnika: 43-48 cm + zawieszka z k\u00f3\u0142kiem 4 cm.<\/p>\n<p>Wszystkie elementy metalowe wykonane s\u0105 z nieuczulaj\u0105cej stali szlachetnej.<\/p>\n","protected":false},"excerpt":{"rendered":"<p>Naszyjnik z br\u0105zowymi per\u0142ami, przeplatanymi galwanizowanymi kamieniami s\u0142onecznymi oraz z\u0142otymi hematytami, z zawieszk\u0105 \u2013 d\u0142oni\u0105, zawieszon\u0105 na k\u00f3\u0142ku. Kamienie zasupe\u0142kowane s\u0105 na mocnej nici jubilerskiej, dobranej do kamieni s\u0142onecznych.<\/p>\n","protected":false},"featured_media":6051,"comment_status":"open","ping_status":"closed","template":"","meta":{"advanced_seo_description":"","jetpack_seo_html_title":"","jetpack_seo_noindex":false},"product_brand":[],"product_cat":[229],"product_tag":[552,94,2210,2211,2212,31],"class_list":{"0":"post-6047","1":"product","2":"type-product","3":"status-publish","4":"has-post-thumbnail","6":"product_cat-sprzedane","7":"product_tag-brazowa-perla","8":"product_tag-kamien-sloneczny","9":"product_tag-naszyjnik-z-perlami-i-kamieniami-slonecznymi","10":"product_tag-naszyjnik-z-perlami-i-zawieszka","11":"product_tag-reka","12":"product_tag-zloty-hematyt","14":"first","15":"outofstock","16":"shipping-taxable","17":"purchasable","18":"product-type-simple"},"jetpack_sharing_enabled":true,"_links":{"self":[{"href":"https:\/\/koraledetale.pl\/index.php?rest_route=\/wp\/v2\/product\/6047","targetHints":{"allow":["GET"]}}],"collection":[{"href":"https:\/\/koraledetale.pl\/index.php?rest_route=\/wp\/v2\/product"}],"about":[{"href":"https:\/\/koraledetale.pl\/index.php?rest_route=\/wp\/v2\/types\/product"}],"replies":[{"embeddable":true,"href":"https:\/\/koraledetale.pl\/index.php?rest_route=%2Fwp%2Fv2%2Fcomments&post=6047"}],"wp:featuredmedia":[{"embeddable":true,"href":"https:\/\/koraledetale.pl\/index.php?rest_route=\/wp\/v2\/media\/6051"}],"wp:attachment":[{"href":"https:\/\/koraledetale.pl\/index.php?rest_route=%2Fwp%2Fv2%2Fmedia&parent=6047"}],"wp:term":[{"taxonomy":"product_brand","embeddable":true,"href":"https:\/\/koraledetale.pl\/index.php?rest_route=%2Fwp%2Fv2%2Fproduct_brand&post=6047"},{"taxonomy":"product_cat","embeddable":true,"href":"https:\/\/koraledetale.pl\/index.php?rest_route=%2Fwp%2Fv2%2Fproduct_cat&post=6047"},{"taxonomy":"product_tag","embeddable":true,"href":"https:\/\/koraledetale.pl\/index.php?rest_route=%2Fwp%2Fv2%2Fproduct_tag&post=6047"}],"curies":[{"name":"wp","href":"https:\/\/api.w.org\/{rel}","templated":true}]}}