{"id":6021,"date":"2024-09-05T08:46:48","date_gmt":"2024-09-05T08:46:48","guid":{"rendered":"https:\/\/koraledetale.pl\/?post_type=product&#038;p=6021"},"modified":"2024-10-05T14:47:53","modified_gmt":"2024-10-05T14:47:53","slug":"bransoletka-moment-z-szafirami-i-kamieniami-ksiezycowymi","status":"publish","type":"product","link":"https:\/\/koraledetale.pl\/?product=bransoletka-moment-z-szafirami-i-kamieniami-ksiezycowymi","title":{"rendered":"Bransoletka MOMENT z szafirami i kamieniami ksi\u0119\u017cycowymi"},"content":{"rendered":"<p>Wielko\u015b\u0107 kamieni:<\/p>\n<ul>\n<li>szafir \u2013 3 mm (kulka) i 4\u00d74 mm (kosteczka),<\/li>\n<li>kamie\u0144 ksi\u0119\u017cycowy \u2013 3 mm (kulka), ok. 3\u00d72 mm (plasterek), 4,5\u00d74 mm (kosteczka),<\/li>\n<li>hematyt \u2013 2 mm, 2\u00d71 mm i 3\u00d72 mm.<\/li>\n<\/ul>\n<p>D\u0142ugo\u015b\u0107 bransoletki: 18-20,5 cm.<\/p>\n<p>Wszystkie elementy metalowe wykonane s\u0105 z nieuczulaj\u0105cej stali szlachetnej.<\/p>\n","protected":false},"excerpt":{"rendered":"<p>Bransoletka z fasetowanych kuleczek, kosteczek i plasterk\u00f3w szafiru oraz kamienia ksi\u0119\u017cycowego, przeplatanych z\u0142otymi hematytami.<\/p>\n","protected":false},"featured_media":6016,"comment_status":"open","ping_status":"closed","template":"","meta":{"advanced_seo_description":"","jetpack_seo_html_title":"","jetpack_seo_noindex":false},"product_brand":[],"product_cat":[229],"product_tag":[80,2206,64,25,31],"class_list":{"0":"post-6021","1":"product","2":"type-product","3":"status-publish","4":"has-post-thumbnail","6":"product_cat-sprzedane","7":"product_tag-bransoletka-z-kamieniami-naturalnymi","8":"product_tag-bransoletka-z-szafirami-i-kamieniami-ksiezycowymi","9":"product_tag-kamien-ksiezycowy","10":"product_tag-szafir","11":"product_tag-zloty-hematyt","13":"first","14":"outofstock","15":"shipping-taxable","16":"purchasable","17":"product-type-simple"},"jetpack_sharing_enabled":true,"_links":{"self":[{"href":"https:\/\/koraledetale.pl\/index.php?rest_route=\/wp\/v2\/product\/6021","targetHints":{"allow":["GET"]}}],"collection":[{"href":"https:\/\/koraledetale.pl\/index.php?rest_route=\/wp\/v2\/product"}],"about":[{"href":"https:\/\/koraledetale.pl\/index.php?rest_route=\/wp\/v2\/types\/product"}],"replies":[{"embeddable":true,"href":"https:\/\/koraledetale.pl\/index.php?rest_route=%2Fwp%2Fv2%2Fcomments&post=6021"}],"wp:featuredmedia":[{"embeddable":true,"href":"https:\/\/koraledetale.pl\/index.php?rest_route=\/wp\/v2\/media\/6016"}],"wp:attachment":[{"href":"https:\/\/koraledetale.pl\/index.php?rest_route=%2Fwp%2Fv2%2Fmedia&parent=6021"}],"wp:term":[{"taxonomy":"product_brand","embeddable":true,"href":"https:\/\/koraledetale.pl\/index.php?rest_route=%2Fwp%2Fv2%2Fproduct_brand&post=6021"},{"taxonomy":"product_cat","embeddable":true,"href":"https:\/\/koraledetale.pl\/index.php?rest_route=%2Fwp%2Fv2%2Fproduct_cat&post=6021"},{"taxonomy":"product_tag","embeddable":true,"href":"https:\/\/koraledetale.pl\/index.php?rest_route=%2Fwp%2Fv2%2Fproduct_tag&post=6021"}],"curies":[{"name":"wp","href":"https:\/\/api.w.org\/{rel}","templated":true}]}}