{"id":6010,"date":"2024-08-31T21:53:51","date_gmt":"2024-08-31T21:53:51","guid":{"rendered":"https:\/\/koraledetale.pl\/?post_type=product&#038;p=6010"},"modified":"2025-03-14T06:44:55","modified_gmt":"2025-03-14T06:44:55","slug":"naszyjnik-amber-warstwowy-z-karneolami","status":"publish","type":"product","link":"https:\/\/koraledetale.pl\/?product=naszyjnik-amber-warstwowy-z-karneolami","title":{"rendered":"Naszyjnik AMBER \u2013 warstwowy z karneolami"},"content":{"rendered":"<p>Wielko\u015b\u0107 kamieni:<\/p>\n<ul>\n<li>bursztyn \u2013 4 mm,<\/li>\n<li>karneol \u2013 2\u00d72,5 mm<\/li>\n<li>hematyt \u2013 3\u00d72 mm.<\/li>\n<\/ul>\n<p>D\u0142ugo\u015b\u0107 naszyjnika: najkr\u00f3tsza warstwa \u2013 37,5 cm, najd\u0142u\u017csza warstwa 42 cm + przed\u0142u\u017cka 5 cm.<\/p>\n<p>Wszystkie elementy metalowe wykonane s\u0105 z nieuczulaj\u0105cej stali szlachetnej.<\/p>\n","protected":false},"excerpt":{"rendered":"<p>Warstwowy naszyjnik z \u0142a\u0144cuszkiem o du\u017cych oczkach, z bursztynami i karneolami oraz okr\u0105g\u0142ymi, &#8220;gniecionymi&#8221; zawieszkami.<\/p>\n","protected":false},"featured_media":5992,"comment_status":"open","ping_status":"closed","template":"","meta":{"advanced_seo_description":"","jetpack_seo_html_title":"","jetpack_seo_noindex":false},"product_brand":[],"product_cat":[229],"product_tag":[1136,2200,751,972,2199,197],"class_list":{"0":"post-6010","1":"product","2":"type-product","3":"status-publish","4":"has-post-thumbnail","6":"product_cat-sprzedane","7":"product_tag-bursztyn","8":"product_tag-bursztynowy-naszyjnik-z-karneolami","9":"product_tag-karneol","10":"product_tag-naszyjnik-z-zawieszkami","11":"product_tag-warstwowy-naszyjnik-z-bursztynami-karneolami-i-zawieszkami","12":"product_tag-lancuszek-z-kamieniami-naturalnymi","14":"first","15":"outofstock","16":"shipping-taxable","17":"purchasable","18":"product-type-simple"},"jetpack_sharing_enabled":true,"_links":{"self":[{"href":"https:\/\/koraledetale.pl\/index.php?rest_route=\/wp\/v2\/product\/6010","targetHints":{"allow":["GET"]}}],"collection":[{"href":"https:\/\/koraledetale.pl\/index.php?rest_route=\/wp\/v2\/product"}],"about":[{"href":"https:\/\/koraledetale.pl\/index.php?rest_route=\/wp\/v2\/types\/product"}],"replies":[{"embeddable":true,"href":"https:\/\/koraledetale.pl\/index.php?rest_route=%2Fwp%2Fv2%2Fcomments&post=6010"}],"wp:featuredmedia":[{"embeddable":true,"href":"https:\/\/koraledetale.pl\/index.php?rest_route=\/wp\/v2\/media\/5992"}],"wp:attachment":[{"href":"https:\/\/koraledetale.pl\/index.php?rest_route=%2Fwp%2Fv2%2Fmedia&parent=6010"}],"wp:term":[{"taxonomy":"product_brand","embeddable":true,"href":"https:\/\/koraledetale.pl\/index.php?rest_route=%2Fwp%2Fv2%2Fproduct_brand&post=6010"},{"taxonomy":"product_cat","embeddable":true,"href":"https:\/\/koraledetale.pl\/index.php?rest_route=%2Fwp%2Fv2%2Fproduct_cat&post=6010"},{"taxonomy":"product_tag","embeddable":true,"href":"https:\/\/koraledetale.pl\/index.php?rest_route=%2Fwp%2Fv2%2Fproduct_tag&post=6010"}],"curies":[{"name":"wp","href":"https:\/\/api.w.org\/{rel}","templated":true}]}}