{"id":601,"date":"2021-05-13T17:18:18","date_gmt":"2021-05-13T17:18:18","guid":{"rendered":"https:\/\/koraledetale.pl\/?post_type=product&#038;p=601"},"modified":"2024-11-11T11:00:19","modified_gmt":"2024-11-11T11:00:19","slug":"601","status":"publish","type":"product","link":"https:\/\/koraledetale.pl\/?product=601","title":{"rendered":"Kr\u00f3tki \u0142a\u0144cuszek z kwarcem truskawkowym i per\u0142\u0105"},"content":{"rendered":"<p>Wielko\u015b\u0107 kamieni:<\/p>\n<ul>\n<li>kwarc truskawkowy \u2013 10\u00d77 mm, 3,5 mm,<\/li>\n<li>per\u0142a \u2013 5\u00d73 mm,<\/li>\n<li>hematyt \u2013 3\u00d71 mm.<\/li>\n<\/ul>\n<p>\u015arednica wi\u0119kszego k\u00f3\u0142ka \u2013 20 mm.<\/p>\n<p>D\u0142ugo\u015b\u0107 \u0142a\u0144cuszka \u2013 41 cm + zawieszka z zapi\u0119ciem toggle 3 cm.<\/p>\n","protected":false},"excerpt":{"rendered":"<p>Fiku\u015bny, kr\u00f3tki \u0142a\u0144cuszek z wa\u0142eczkiem kwarcu truskawkowego i szarej per\u0142y oraz okr\u0105g\u0142ego elementu i zapi\u0119cia typu toggle z przodu naszyjnika. Po boku \u0142a\u0144cuszka jest zawieszka z mniejszego kwarcu truskawkowego i z\u0142otych hematyt\u00f3w. Wszystkie elementy metalowe wykonane s\u0105 z nieuczulaj\u0105cej stali chirurgicznej (szlachetnej).<\/p>\n","protected":false},"featured_media":602,"comment_status":"open","ping_status":"closed","template":"","meta":{"advanced_seo_description":"","jetpack_seo_html_title":"","jetpack_seo_noindex":false},"product_brand":[],"product_cat":[229],"product_tag":[246,247,249,197,220,221,250],"class_list":{"0":"post-601","1":"product","2":"type-product","3":"status-publish","4":"has-post-thumbnail","6":"product_cat-sprzedane","7":"product_tag-krotki-lancuszek-ze-stali-chirurgicznej","8":"product_tag-krotki-lancuszek-ze-stali-szlachetnej","9":"product_tag-naszyjnik-z-kawrcem-truskawkowym-i-szara-perla","10":"product_tag-lancuszek-z-kamieniami-naturalnymi","11":"product_tag-lancuszek-z-kwarcem-truskawkowym","12":"product_tag-lancuszek-z-perla","13":"product_tag-lancuszek-zapinany-z-przodu","15":"first","16":"outofstock","17":"shipping-taxable","18":"product-type-simple"},"jetpack_sharing_enabled":true,"_links":{"self":[{"href":"https:\/\/koraledetale.pl\/index.php?rest_route=\/wp\/v2\/product\/601","targetHints":{"allow":["GET"]}}],"collection":[{"href":"https:\/\/koraledetale.pl\/index.php?rest_route=\/wp\/v2\/product"}],"about":[{"href":"https:\/\/koraledetale.pl\/index.php?rest_route=\/wp\/v2\/types\/product"}],"replies":[{"embeddable":true,"href":"https:\/\/koraledetale.pl\/index.php?rest_route=%2Fwp%2Fv2%2Fcomments&post=601"}],"wp:featuredmedia":[{"embeddable":true,"href":"https:\/\/koraledetale.pl\/index.php?rest_route=\/wp\/v2\/media\/602"}],"wp:attachment":[{"href":"https:\/\/koraledetale.pl\/index.php?rest_route=%2Fwp%2Fv2%2Fmedia&parent=601"}],"wp:term":[{"taxonomy":"product_brand","embeddable":true,"href":"https:\/\/koraledetale.pl\/index.php?rest_route=%2Fwp%2Fv2%2Fproduct_brand&post=601"},{"taxonomy":"product_cat","embeddable":true,"href":"https:\/\/koraledetale.pl\/index.php?rest_route=%2Fwp%2Fv2%2Fproduct_cat&post=601"},{"taxonomy":"product_tag","embeddable":true,"href":"https:\/\/koraledetale.pl\/index.php?rest_route=%2Fwp%2Fv2%2Fproduct_tag&post=601"}],"curies":[{"name":"wp","href":"https:\/\/api.w.org\/{rel}","templated":true}]}}