{"id":6009,"date":"2024-08-31T21:52:59","date_gmt":"2024-08-31T21:52:59","guid":{"rendered":"https:\/\/koraledetale.pl\/?post_type=product&#038;p=6009"},"modified":"2024-09-04T12:23:47","modified_gmt":"2024-09-04T12:23:47","slug":"kolczyki-amber-asymetryczne","status":"publish","type":"product","link":"https:\/\/koraledetale.pl\/?product=kolczyki-amber-asymetryczne","title":{"rendered":"Kolczyki AMBER &#8211; asymetryczne"},"content":{"rendered":"<p>Wielko\u015b\u0107 bursztyn\u00f3w (mierzona w najszerszych miejscach):<\/p>\n<ul>\n<li>wi\u0119kszy &#8211; 49&#215;19,5&#215;9,5 mm,<\/li>\n<li>mniejszy &#8211; 30x14x5 mm.<\/li>\n<\/ul>\n<p>D\u0142ugo\u015b\u0107 kolczyk\u00f3w \u2013 6,2 i 4,3 cm.<\/p>\n<p>Wszystkie elementy metalowe wykonane s\u0105 z nieuczulaj\u0105cej stali szlachetnej.<\/p>\n","protected":false},"excerpt":{"rendered":"<p>Asymetryczne kolczyki z surowymi bursztynami, zawieszonymi na sztyftach z okr\u0105g\u0142\u0105, &#8220;gniecion\u0105&#8221; blaszk\u0105.<\/p>\n","protected":false},"featured_media":5964,"comment_status":"open","ping_status":"closed","template":"","meta":{"advanced_seo_description":"","jetpack_seo_html_title":"","jetpack_seo_noindex":false},"product_brand":[],"product_cat":[229],"product_tag":[1878,1136,2198],"class_list":{"0":"post-6009","1":"product","2":"type-product","3":"status-publish","4":"has-post-thumbnail","6":"product_cat-sprzedane","7":"product_tag-asymetryczne-kolczyki-z-bursztynami","8":"product_tag-bursztyn","9":"product_tag-kolczyki-z-bursztynami-na-sztyftach","11":"first","12":"outofstock","13":"shipping-taxable","14":"purchasable","15":"product-type-simple"},"jetpack_sharing_enabled":true,"_links":{"self":[{"href":"https:\/\/koraledetale.pl\/index.php?rest_route=\/wp\/v2\/product\/6009","targetHints":{"allow":["GET"]}}],"collection":[{"href":"https:\/\/koraledetale.pl\/index.php?rest_route=\/wp\/v2\/product"}],"about":[{"href":"https:\/\/koraledetale.pl\/index.php?rest_route=\/wp\/v2\/types\/product"}],"replies":[{"embeddable":true,"href":"https:\/\/koraledetale.pl\/index.php?rest_route=%2Fwp%2Fv2%2Fcomments&post=6009"}],"wp:featuredmedia":[{"embeddable":true,"href":"https:\/\/koraledetale.pl\/index.php?rest_route=\/wp\/v2\/media\/5964"}],"wp:attachment":[{"href":"https:\/\/koraledetale.pl\/index.php?rest_route=%2Fwp%2Fv2%2Fmedia&parent=6009"}],"wp:term":[{"taxonomy":"product_brand","embeddable":true,"href":"https:\/\/koraledetale.pl\/index.php?rest_route=%2Fwp%2Fv2%2Fproduct_brand&post=6009"},{"taxonomy":"product_cat","embeddable":true,"href":"https:\/\/koraledetale.pl\/index.php?rest_route=%2Fwp%2Fv2%2Fproduct_cat&post=6009"},{"taxonomy":"product_tag","embeddable":true,"href":"https:\/\/koraledetale.pl\/index.php?rest_route=%2Fwp%2Fv2%2Fproduct_tag&post=6009"}],"curies":[{"name":"wp","href":"https:\/\/api.w.org\/{rel}","templated":true}]}}