{"id":6004,"date":"2024-08-31T21:50:14","date_gmt":"2024-08-31T21:50:14","guid":{"rendered":"https:\/\/koraledetale.pl\/?post_type=product&#038;p=6004"},"modified":"2025-11-11T08:30:17","modified_gmt":"2025-11-11T08:30:17","slug":"naszyjnik-amber-lancuszek-z-zawieszkami","status":"publish","type":"product","link":"https:\/\/koraledetale.pl\/?product=naszyjnik-amber-lancuszek-z-zawieszkami","title":{"rendered":"Naszyjnik AMBER &#8211; \u0142a\u0144cuszek z zawieszkami"},"content":{"rendered":"<p>Wielko\u015b\u0107 kamieni:<\/p>\n<ul>\n<li>bursztyn \u2013 6\u00d72,5 mm,<\/li>\n<li>hematyt &#8211; 4&#215;1 mm.<\/li>\n<\/ul>\n<p>D\u0142ugo\u015b\u0107 naszyjnika: 40-45,5 cm.<\/p>\n<p>Wszystkie elementy metalowe wykonane s\u0105 z nieuczulaj\u0105cej stali szlachetnej.<\/p>\n","protected":false},"excerpt":{"rendered":"<p>Naszyjnik &#8211; \u0142a\u0144cuszek o wi\u0119kszych oczkach, z zawieszkami: blaszkami z &#8220;gniecion\u0105&#8221; faktur\u0105 oraz plastrami bursztynu, przeplatanymi z\u0142otymi hematytami.<\/p>\n","protected":false},"featured_media":5991,"comment_status":"open","ping_status":"closed","template":"","meta":{"advanced_seo_description":"","jetpack_seo_html_title":"","jetpack_seo_noindex":false},"product_brand":[],"product_cat":[15],"product_tag":[1136,2202,972,31,2201],"class_list":{"0":"post-6004","1":"product","2":"type-product","3":"status-publish","4":"has-post-thumbnail","6":"product_cat-naszyjniki","7":"product_tag-bursztyn","8":"product_tag-naszyjnik-z-bursztynami","9":"product_tag-naszyjnik-z-zawieszkami","10":"product_tag-zloty-hematyt","11":"product_tag-lancuszek-z-bursztynami","13":"first","14":"instock","15":"shipping-taxable","16":"purchasable","17":"product-type-simple"},"jetpack_sharing_enabled":true,"_links":{"self":[{"href":"https:\/\/koraledetale.pl\/index.php?rest_route=\/wp\/v2\/product\/6004","targetHints":{"allow":["GET"]}}],"collection":[{"href":"https:\/\/koraledetale.pl\/index.php?rest_route=\/wp\/v2\/product"}],"about":[{"href":"https:\/\/koraledetale.pl\/index.php?rest_route=\/wp\/v2\/types\/product"}],"replies":[{"embeddable":true,"href":"https:\/\/koraledetale.pl\/index.php?rest_route=%2Fwp%2Fv2%2Fcomments&post=6004"}],"wp:featuredmedia":[{"embeddable":true,"href":"https:\/\/koraledetale.pl\/index.php?rest_route=\/wp\/v2\/media\/5991"}],"wp:attachment":[{"href":"https:\/\/koraledetale.pl\/index.php?rest_route=%2Fwp%2Fv2%2Fmedia&parent=6004"}],"wp:term":[{"taxonomy":"product_brand","embeddable":true,"href":"https:\/\/koraledetale.pl\/index.php?rest_route=%2Fwp%2Fv2%2Fproduct_brand&post=6004"},{"taxonomy":"product_cat","embeddable":true,"href":"https:\/\/koraledetale.pl\/index.php?rest_route=%2Fwp%2Fv2%2Fproduct_cat&post=6004"},{"taxonomy":"product_tag","embeddable":true,"href":"https:\/\/koraledetale.pl\/index.php?rest_route=%2Fwp%2Fv2%2Fproduct_tag&post=6004"}],"curies":[{"name":"wp","href":"https:\/\/api.w.org\/{rel}","templated":true}]}}