{"id":6001,"date":"2024-08-31T21:48:42","date_gmt":"2024-08-31T21:48:42","guid":{"rendered":"https:\/\/koraledetale.pl\/?post_type=product&#038;p=6001"},"modified":"2026-04-27T17:48:42","modified_gmt":"2026-04-27T17:48:42","slug":"bransoletka-amber-lancuszek-z-zawieszkami","status":"publish","type":"product","link":"https:\/\/koraledetale.pl\/?product=bransoletka-amber-lancuszek-z-zawieszkami","title":{"rendered":"Bransoletka AMBER &#8211; \u0142a\u0144cuszek z zawieszkami"},"content":{"rendered":"<p>Wielko\u015b\u0107 kamieni:<\/p>\n<ul>\n<li>bursztyn \u2013 6\u00d72,5 mm,<\/li>\n<li>hematyt &#8211; 4&#215;1 mm.<\/li>\n<\/ul>\n<p>D\u0142ugo\u015b\u0107 bransoletki: 17-20 cm.<\/p>\n<p>Wszystkie elementy metalowe wykonane s\u0105 z nieuczulaj\u0105cej stali szlachetnej.<\/p>\n","protected":false},"excerpt":{"rendered":"<p>Efektowna bransoletka z \u0142a\u0144cuszka o wi\u0119kszych oczkach, z zawieszkami: blaszkami z &#8220;gniecion\u0105&#8221; faktur\u0105 oraz plastrami bursztynu, przeplatanymi z\u0142otymi hematytami. Zawieszki swobodnie poruszaj\u0105 si\u0119 przy ka\u017cdym ruchu, rozpraszaj\u0105c i odbijaj\u0105c \u015bwiat\u0142o.<\/p>\n","protected":false},"featured_media":5971,"comment_status":"open","ping_status":"closed","template":"","meta":{"advanced_seo_description":"","jetpack_seo_html_title":"","jetpack_seo_noindex":false},"product_brand":[],"product_cat":[2192,17],"product_tag":[2194,503,1136],"class_list":{"0":"post-6001","1":"product","2":"type-product","3":"status-publish","4":"has-post-thumbnail","6":"product_cat-amber","7":"product_cat-bransoletki","8":"product_tag-bransoletka-z-bursztynami-i-blaszkami","9":"product_tag-bransoletka-z-zawieszkami","10":"product_tag-bursztyn","12":"first","13":"instock","14":"shipping-taxable","15":"purchasable","16":"product-type-simple"},"jetpack_sharing_enabled":true,"_links":{"self":[{"href":"https:\/\/koraledetale.pl\/index.php?rest_route=\/wp\/v2\/product\/6001","targetHints":{"allow":["GET"]}}],"collection":[{"href":"https:\/\/koraledetale.pl\/index.php?rest_route=\/wp\/v2\/product"}],"about":[{"href":"https:\/\/koraledetale.pl\/index.php?rest_route=\/wp\/v2\/types\/product"}],"replies":[{"embeddable":true,"href":"https:\/\/koraledetale.pl\/index.php?rest_route=%2Fwp%2Fv2%2Fcomments&post=6001"}],"wp:featuredmedia":[{"embeddable":true,"href":"https:\/\/koraledetale.pl\/index.php?rest_route=\/wp\/v2\/media\/5971"}],"wp:attachment":[{"href":"https:\/\/koraledetale.pl\/index.php?rest_route=%2Fwp%2Fv2%2Fmedia&parent=6001"}],"wp:term":[{"taxonomy":"product_brand","embeddable":true,"href":"https:\/\/koraledetale.pl\/index.php?rest_route=%2Fwp%2Fv2%2Fproduct_brand&post=6001"},{"taxonomy":"product_cat","embeddable":true,"href":"https:\/\/koraledetale.pl\/index.php?rest_route=%2Fwp%2Fv2%2Fproduct_cat&post=6001"},{"taxonomy":"product_tag","embeddable":true,"href":"https:\/\/koraledetale.pl\/index.php?rest_route=%2Fwp%2Fv2%2Fproduct_tag&post=6001"}],"curies":[{"name":"wp","href":"https:\/\/api.w.org\/{rel}","templated":true}]}}