{"id":5933,"date":"2024-08-11T10:26:54","date_gmt":"2024-08-11T10:26:54","guid":{"rendered":"https:\/\/koraledetale.pl\/?post_type=product&#038;p=5933"},"modified":"2024-08-11T10:35:23","modified_gmt":"2024-08-11T10:35:23","slug":"naszyjnik-rajska-wyspa-z-koralami","status":"publish","type":"product","link":"https:\/\/koraledetale.pl\/?product=naszyjnik-rajska-wyspa-z-koralami","title":{"rendered":"Naszyjnik RAJSKA WYSPA z koralami"},"content":{"rendered":"<p>Wielko\u015b\u0107 kamieni:<\/p>\n<ul>\n<li>koral bia\u0142y &#8211; 3,5 mm,<\/li>\n<li>koral czerwony &#8211; min. 5&#215;3 mm, max. 20&#215;6 mm,<\/li>\n<li>hematyt &#8211; 2 mm i 2&#215;1 mm.<\/li>\n<\/ul>\n<p>D\u0142ugo\u015b\u0107 naszyjnika: 39,5-44,5 cm.<\/p>\n<p>Wszystkie elementy metalowe wykonane s\u0105 z nieuczulaj\u0105cej stali szlachetnej.<\/p>\n","protected":false},"excerpt":{"rendered":"<p>Fiku\u015bny naszyjnik z kuleczek bia\u0142ego koralu, przeplatanego czerwonymi, nieregularnymi koralami i\u00a0 z\u0142otymi hematytami oraz z koralowymi zawieszkami.<\/p>\n","protected":false},"featured_media":5938,"comment_status":"open","ping_status":"closed","template":"","meta":{"advanced_seo_description":"","jetpack_seo_html_title":"","jetpack_seo_noindex":false},"product_brand":[],"product_cat":[15],"product_tag":[2186,67,82,2187,2188,2189],"class_list":{"0":"post-5933","1":"product","2":"type-product","3":"status-publish","4":"has-post-thumbnail","6":"product_cat-naszyjniki","7":"product_tag-choker-z-koralami","8":"product_tag-hematyt","9":"product_tag-koral","10":"product_tag-naszyjnik-z-bialych-i-czerwonych-korali","11":"product_tag-naszyjnik-z-koralami","12":"product_tag-wakacyjny-naszyjnik-z-koralami","14":"first","15":"instock","16":"shipping-taxable","17":"purchasable","18":"product-type-simple"},"jetpack_sharing_enabled":true,"_links":{"self":[{"href":"https:\/\/koraledetale.pl\/index.php?rest_route=\/wp\/v2\/product\/5933","targetHints":{"allow":["GET"]}}],"collection":[{"href":"https:\/\/koraledetale.pl\/index.php?rest_route=\/wp\/v2\/product"}],"about":[{"href":"https:\/\/koraledetale.pl\/index.php?rest_route=\/wp\/v2\/types\/product"}],"replies":[{"embeddable":true,"href":"https:\/\/koraledetale.pl\/index.php?rest_route=%2Fwp%2Fv2%2Fcomments&post=5933"}],"wp:featuredmedia":[{"embeddable":true,"href":"https:\/\/koraledetale.pl\/index.php?rest_route=\/wp\/v2\/media\/5938"}],"wp:attachment":[{"href":"https:\/\/koraledetale.pl\/index.php?rest_route=%2Fwp%2Fv2%2Fmedia&parent=5933"}],"wp:term":[{"taxonomy":"product_brand","embeddable":true,"href":"https:\/\/koraledetale.pl\/index.php?rest_route=%2Fwp%2Fv2%2Fproduct_brand&post=5933"},{"taxonomy":"product_cat","embeddable":true,"href":"https:\/\/koraledetale.pl\/index.php?rest_route=%2Fwp%2Fv2%2Fproduct_cat&post=5933"},{"taxonomy":"product_tag","embeddable":true,"href":"https:\/\/koraledetale.pl\/index.php?rest_route=%2Fwp%2Fv2%2Fproduct_tag&post=5933"}],"curies":[{"name":"wp","href":"https:\/\/api.w.org\/{rel}","templated":true}]}}