{"id":5909,"date":"2024-08-07T09:17:02","date_gmt":"2024-08-07T09:17:02","guid":{"rendered":"https:\/\/koraledetale.pl\/?post_type=product&#038;p=5909"},"modified":"2025-05-27T07:22:05","modified_gmt":"2025-05-27T07:22:05","slug":"bransoletka-zloto-ii-z-kwarcem-rutylowym","status":"publish","type":"product","link":"https:\/\/koraledetale.pl\/?product=bransoletka-zloto-ii-z-kwarcem-rutylowym","title":{"rendered":"Bransoletka Z\u0141OTO II z kwarcem rutylowym"},"content":{"rendered":"<p>Wielko\u015b\u0107 kamieni:<\/p>\n<ul>\n<li>kwarc z rutylem \u2013 3\u00d73 mm,<\/li>\n<li>hematyt \u2013 2 mm i 3\u00d71 mm.<\/li>\n<\/ul>\n<p>D\u0142ugo\u015b\u0107 bransoletki: 16,5 \u2013 19,5 cm.<\/p>\n<p>Wszystkie elementy metalowe wykonane s\u0105 z nieuczulaj\u0105cej stali szlachetnej.<\/p>\n","protected":false},"excerpt":{"rendered":"<p>Bransoletka z kosteczkami kwarcu z rutylem, przeplatanymi z\u0142otymi hematytami. Kamienie zasupe\u0142kowane s\u0105 na \u017c\u00f3\u0142tej, mocnej nici jubilerskiej.<\/p>\n","protected":false},"featured_media":5907,"comment_status":"open","ping_status":"closed","template":"","meta":{"advanced_seo_description":"","jetpack_seo_html_title":"","jetpack_seo_noindex":false},"product_brand":[],"product_cat":[229],"product_tag":[80,2177,2178,480,31],"class_list":{"0":"post-5909","1":"product","2":"type-product","3":"status-publish","4":"has-post-thumbnail","6":"product_cat-sprzedane","7":"product_tag-bransoletka-z-kamieniami-naturalnymi","8":"product_tag-bransoletka-z-kwarcem-rutylowym","9":"product_tag-bransoletka-z-kwarcem-z-rutylem","10":"product_tag-kwarc-z-rutylem","11":"product_tag-zloty-hematyt","13":"first","14":"outofstock","15":"shipping-taxable","16":"purchasable","17":"product-type-simple"},"jetpack_sharing_enabled":true,"_links":{"self":[{"href":"https:\/\/koraledetale.pl\/index.php?rest_route=\/wp\/v2\/product\/5909","targetHints":{"allow":["GET"]}}],"collection":[{"href":"https:\/\/koraledetale.pl\/index.php?rest_route=\/wp\/v2\/product"}],"about":[{"href":"https:\/\/koraledetale.pl\/index.php?rest_route=\/wp\/v2\/types\/product"}],"replies":[{"embeddable":true,"href":"https:\/\/koraledetale.pl\/index.php?rest_route=%2Fwp%2Fv2%2Fcomments&post=5909"}],"wp:featuredmedia":[{"embeddable":true,"href":"https:\/\/koraledetale.pl\/index.php?rest_route=\/wp\/v2\/media\/5907"}],"wp:attachment":[{"href":"https:\/\/koraledetale.pl\/index.php?rest_route=%2Fwp%2Fv2%2Fmedia&parent=5909"}],"wp:term":[{"taxonomy":"product_brand","embeddable":true,"href":"https:\/\/koraledetale.pl\/index.php?rest_route=%2Fwp%2Fv2%2Fproduct_brand&post=5909"},{"taxonomy":"product_cat","embeddable":true,"href":"https:\/\/koraledetale.pl\/index.php?rest_route=%2Fwp%2Fv2%2Fproduct_cat&post=5909"},{"taxonomy":"product_tag","embeddable":true,"href":"https:\/\/koraledetale.pl\/index.php?rest_route=%2Fwp%2Fv2%2Fproduct_tag&post=5909"}],"curies":[{"name":"wp","href":"https:\/\/api.w.org\/{rel}","templated":true}]}}