{"id":5896,"date":"2024-08-07T09:10:11","date_gmt":"2024-08-07T09:10:11","guid":{"rendered":"https:\/\/koraledetale.pl\/?post_type=product&#038;p=5896"},"modified":"2025-08-10T19:08:15","modified_gmt":"2025-08-10T19:08:15","slug":"naszyjnik-zloto-z-kwarcem-rutylowym","status":"publish","type":"product","link":"https:\/\/koraledetale.pl\/?product=naszyjnik-zloto-z-kwarcem-rutylowym","title":{"rendered":"Naszyjnik Z\u0141OTO II z kwarcem rutylowym"},"content":{"rendered":"<p>Wielko\u015b\u0107 kamieni:<\/p>\n<ul>\n<li>kwarc z rutylem &#8211; 3&#215;3 mm i 11&#215;7,5 mm (kropla),<\/li>\n<li>hematyt &#8211; 2 mm i 3&#215;1 mm.<\/li>\n<\/ul>\n<p>D\u0142ugo\u015b\u0107 naszyjnika: 41,5 &#8211; 46,5 cm + zawieszka 1,5 cm.<\/p>\n<p>Wszystkie elementy metalowe wykonane s\u0105 z nieuczulaj\u0105cej stali szlachetnej.<\/p>\n","protected":false},"excerpt":{"rendered":"<p>Naszyjnik z kosteczkami kwarcu z rutylem, przeplatanymi z\u0142otymi hematytami. Zwie\u0144czeniem naszyjnika jest kropelka kwarcu z, zatopionymi w nim, z\u0142otymi niteczkami rutylu. Kamienie zasupe\u0142kowane s\u0105 na \u017c\u00f3\u0142tej, mocnej nici jubilerskiej.<\/p>\n","protected":false},"featured_media":5903,"comment_status":"open","ping_status":"closed","template":"","meta":{"advanced_seo_description":"","jetpack_seo_html_title":"","jetpack_seo_noindex":false},"product_brand":[],"product_cat":[229],"product_tag":[480,66,2176,1674,31],"class_list":{"0":"post-5896","1":"product","2":"type-product","3":"status-publish","4":"has-post-thumbnail","6":"product_cat-sprzedane","7":"product_tag-kwarc-z-rutylem","8":"product_tag-naszyjnik-z-kamieniami-naturalnymi","9":"product_tag-naszyjnik-z-kwarcem-rutylowym","10":"product_tag-naszyjnik-z-kwarcem-z-rutylem","11":"product_tag-zloty-hematyt","13":"first","14":"outofstock","15":"shipping-taxable","16":"purchasable","17":"product-type-simple"},"jetpack_sharing_enabled":true,"_links":{"self":[{"href":"https:\/\/koraledetale.pl\/index.php?rest_route=\/wp\/v2\/product\/5896","targetHints":{"allow":["GET"]}}],"collection":[{"href":"https:\/\/koraledetale.pl\/index.php?rest_route=\/wp\/v2\/product"}],"about":[{"href":"https:\/\/koraledetale.pl\/index.php?rest_route=\/wp\/v2\/types\/product"}],"replies":[{"embeddable":true,"href":"https:\/\/koraledetale.pl\/index.php?rest_route=%2Fwp%2Fv2%2Fcomments&post=5896"}],"wp:featuredmedia":[{"embeddable":true,"href":"https:\/\/koraledetale.pl\/index.php?rest_route=\/wp\/v2\/media\/5903"}],"wp:attachment":[{"href":"https:\/\/koraledetale.pl\/index.php?rest_route=%2Fwp%2Fv2%2Fmedia&parent=5896"}],"wp:term":[{"taxonomy":"product_brand","embeddable":true,"href":"https:\/\/koraledetale.pl\/index.php?rest_route=%2Fwp%2Fv2%2Fproduct_brand&post=5896"},{"taxonomy":"product_cat","embeddable":true,"href":"https:\/\/koraledetale.pl\/index.php?rest_route=%2Fwp%2Fv2%2Fproduct_cat&post=5896"},{"taxonomy":"product_tag","embeddable":true,"href":"https:\/\/koraledetale.pl\/index.php?rest_route=%2Fwp%2Fv2%2Fproduct_tag&post=5896"}],"curies":[{"name":"wp","href":"https:\/\/api.w.org\/{rel}","templated":true}]}}