{"id":5894,"date":"2024-08-06T10:43:48","date_gmt":"2024-08-06T10:43:48","guid":{"rendered":"https:\/\/koraledetale.pl\/?post_type=product&#038;p=5894"},"modified":"2024-11-06T08:40:39","modified_gmt":"2024-11-06T08:40:39","slug":"lancuszek-radosc-z-perla-koralem-i-muszelka","status":"publish","type":"product","link":"https:\/\/koraledetale.pl\/?product=lancuszek-radosc-z-perla-koralem-i-muszelka","title":{"rendered":"\u0141a\u0144cuszek RADO\u015a\u0106 z per\u0142\u0105, koralem i muszelk\u0105"},"content":{"rendered":"<p>Wielko\u015b\u0107 kamieni:<\/p>\n<ul>\n<li>per\u0142a &#8211; 10&#215;7,5 mm<\/li>\n<li>koral &#8211; 5 mm.<\/li>\n<\/ul>\n<p>D\u0142ugo\u015b\u0107 naszyjnika: 41-46 cm + 3,5 cm k\u00f3\u0142ko z zawieszkami.<\/p>\n<p>Wszystkie elementy metalowe wykonane s\u0105 z nieuczulaj\u0105cej stali szlachetnej.<\/p>\n","protected":false},"excerpt":{"rendered":"<p>\u0141a\u0144cuszek z k\u00f3\u0142kiem, na kt\u00f3rym zawieszone s\u0105 per\u0142a, koral i muszelka.<\/p>\n","protected":false},"featured_media":5890,"comment_status":"open","ping_status":"closed","template":"","meta":{"advanced_seo_description":"","jetpack_seo_html_title":"","jetpack_seo_noindex":false},"product_brand":[],"product_cat":[229],"product_tag":[82,2175,972,57,197,2174,856],"class_list":{"0":"post-5894","1":"product","2":"type-product","3":"status-publish","4":"has-post-thumbnail","6":"product_cat-sprzedane","7":"product_tag-koral","8":"product_tag-muszelka","9":"product_tag-naszyjnik-z-zawieszkami","10":"product_tag-perla","11":"product_tag-lancuszek-z-kamieniami-naturalnymi","12":"product_tag-lancuszek-z-perla-koralem-i-muszelka","13":"product_tag-lancuszek-z-zawieszkami","15":"first","16":"outofstock","17":"shipping-taxable","18":"purchasable","19":"product-type-simple"},"jetpack_sharing_enabled":true,"_links":{"self":[{"href":"https:\/\/koraledetale.pl\/index.php?rest_route=\/wp\/v2\/product\/5894","targetHints":{"allow":["GET"]}}],"collection":[{"href":"https:\/\/koraledetale.pl\/index.php?rest_route=\/wp\/v2\/product"}],"about":[{"href":"https:\/\/koraledetale.pl\/index.php?rest_route=\/wp\/v2\/types\/product"}],"replies":[{"embeddable":true,"href":"https:\/\/koraledetale.pl\/index.php?rest_route=%2Fwp%2Fv2%2Fcomments&post=5894"}],"wp:featuredmedia":[{"embeddable":true,"href":"https:\/\/koraledetale.pl\/index.php?rest_route=\/wp\/v2\/media\/5890"}],"wp:attachment":[{"href":"https:\/\/koraledetale.pl\/index.php?rest_route=%2Fwp%2Fv2%2Fmedia&parent=5894"}],"wp:term":[{"taxonomy":"product_brand","embeddable":true,"href":"https:\/\/koraledetale.pl\/index.php?rest_route=%2Fwp%2Fv2%2Fproduct_brand&post=5894"},{"taxonomy":"product_cat","embeddable":true,"href":"https:\/\/koraledetale.pl\/index.php?rest_route=%2Fwp%2Fv2%2Fproduct_cat&post=5894"},{"taxonomy":"product_tag","embeddable":true,"href":"https:\/\/koraledetale.pl\/index.php?rest_route=%2Fwp%2Fv2%2Fproduct_tag&post=5894"}],"curies":[{"name":"wp","href":"https:\/\/api.w.org\/{rel}","templated":true}]}}