{"id":5893,"date":"2024-08-06T10:35:56","date_gmt":"2024-08-06T10:35:56","guid":{"rendered":"https:\/\/koraledetale.pl\/?post_type=product&#038;p=5893"},"modified":"2024-08-06T10:45:04","modified_gmt":"2024-08-06T10:45:04","slug":"lancuszek-zapamietanie-z-kianitem","status":"publish","type":"product","link":"https:\/\/koraledetale.pl\/?product=lancuszek-zapamietanie-z-kianitem","title":{"rendered":"\u0141a\u0144cuszek ZAPAMI\u0118TANIE z kianitem"},"content":{"rendered":"<p>Wielko\u015b\u0107 jadeitu: 30x13x3 mm.<\/p>\n<p>D\u0142ugo\u015b\u0107 naszyjnika: 40-45 cm + 6 cm zawieszka z k\u00f3\u0142kiem.<\/p>\n<p>Wszystkie elementy metalowe wykonane s\u0105 z nieuczulaj\u0105cej stali szlachetnej.<\/p>\n","protected":false},"excerpt":{"rendered":"<p>\u0141a\u0144cuszek z k\u00f3\u0142kiem, na kt\u00f3rym zawieszona jest pod\u0142u\u017cna, p\u0142aska \u0142ezka kianitu.<\/p>\n","protected":false},"featured_media":5889,"comment_status":"open","ping_status":"closed","template":"","meta":{"advanced_seo_description":"","jetpack_seo_html_title":"","jetpack_seo_noindex":false},"product_brand":[],"product_cat":[15],"product_tag":[279,2172,2173,1153,2171],"class_list":{"0":"post-5893","1":"product","2":"type-product","3":"status-publish","4":"has-post-thumbnail","6":"product_cat-naszyjniki","7":"product_tag-naszyjnik-z-kianitem","8":"product_tag-naszyjnik-z-niebieskim-kamieniem-naturalnym","9":"product_tag-lancuszek-z-duzym-kamieniem","10":"product_tag-lancuszek-z-kianitem","11":"product_tag-lancuszek-z-niebieskim-kamieniem-naturalnym","13":"first","14":"instock","15":"shipping-taxable","16":"purchasable","17":"product-type-simple"},"jetpack_sharing_enabled":true,"_links":{"self":[{"href":"https:\/\/koraledetale.pl\/index.php?rest_route=\/wp\/v2\/product\/5893","targetHints":{"allow":["GET"]}}],"collection":[{"href":"https:\/\/koraledetale.pl\/index.php?rest_route=\/wp\/v2\/product"}],"about":[{"href":"https:\/\/koraledetale.pl\/index.php?rest_route=\/wp\/v2\/types\/product"}],"replies":[{"embeddable":true,"href":"https:\/\/koraledetale.pl\/index.php?rest_route=%2Fwp%2Fv2%2Fcomments&post=5893"}],"wp:featuredmedia":[{"embeddable":true,"href":"https:\/\/koraledetale.pl\/index.php?rest_route=\/wp\/v2\/media\/5889"}],"wp:attachment":[{"href":"https:\/\/koraledetale.pl\/index.php?rest_route=%2Fwp%2Fv2%2Fmedia&parent=5893"}],"wp:term":[{"taxonomy":"product_brand","embeddable":true,"href":"https:\/\/koraledetale.pl\/index.php?rest_route=%2Fwp%2Fv2%2Fproduct_brand&post=5893"},{"taxonomy":"product_cat","embeddable":true,"href":"https:\/\/koraledetale.pl\/index.php?rest_route=%2Fwp%2Fv2%2Fproduct_cat&post=5893"},{"taxonomy":"product_tag","embeddable":true,"href":"https:\/\/koraledetale.pl\/index.php?rest_route=%2Fwp%2Fv2%2Fproduct_tag&post=5893"}],"curies":[{"name":"wp","href":"https:\/\/api.w.org\/{rel}","templated":true}]}}