{"id":5874,"date":"2024-08-02T10:47:59","date_gmt":"2024-08-02T10:47:59","guid":{"rendered":"https:\/\/koraledetale.pl\/?post_type=product&#038;p=5874"},"modified":"2024-09-12T09:08:57","modified_gmt":"2024-09-12T09:08:57","slug":"bransoletka-bogini-z-perlami-i-apatytami","status":"publish","type":"product","link":"https:\/\/koraledetale.pl\/?product=bransoletka-bogini-z-perlami-i-apatytami","title":{"rendered":"Bransoletka BOGINI z per\u0142ami i apatytami"},"content":{"rendered":"<p>Wielko\u015b\u0107 kamieni:<\/p>\n<ul>\n<li>per\u0142a \u2013 ok. 7x5x5 mm,<\/li>\n<li>apatyt \u2013 7x4x4 mm i 4 mm i 3,5 mm,<\/li>\n<li>hematyt \u2013 3\u00d71 mm i 2 mm.<\/li>\n<\/ul>\n<p>D\u0142ugo\u015b\u0107 bransoletki: 16,5-20,5 cm.<\/p>\n<p>Wszystkie elementy metalowe wykonane s\u0105 z nieuczulaj\u0105cej stali szlachetnej.<\/p>\n","protected":false},"excerpt":{"rendered":"<p>Bransoletka z br\u0105zowymi per\u0142ami, z wplecionym apatytem i hematytami, z zawieszk\u0105 \u2013\u00a0 pod\u0142u\u017cnym apatytem. Kamienie zasupe\u0142kowane s\u0105 na mocnej nici jubilerskiej dobranej do barwy apatyt\u00f3w.<\/p>\n","protected":false},"featured_media":5872,"comment_status":"open","ping_status":"closed","template":"","meta":{"advanced_seo_description":"","jetpack_seo_html_title":"","jetpack_seo_noindex":false},"product_brand":[],"product_cat":[229],"product_tag":[92,2165,2166,134,552,31],"class_list":{"0":"post-5874","1":"product","2":"type-product","3":"status-publish","4":"has-post-thumbnail","6":"product_cat-sprzedane","7":"product_tag-apatyt","8":"product_tag-bransoletka-z-brazowych-i-turkusowych-kamieni-naturalnych","9":"product_tag-bransoletka-z-brazowymi-perlami-i-apatytami","10":"product_tag-bransoletka-z-zawieszka","11":"product_tag-brazowa-perla","12":"product_tag-zloty-hematyt","14":"first","15":"outofstock","16":"shipping-taxable","17":"purchasable","18":"product-type-simple"},"jetpack_sharing_enabled":true,"_links":{"self":[{"href":"https:\/\/koraledetale.pl\/index.php?rest_route=\/wp\/v2\/product\/5874","targetHints":{"allow":["GET"]}}],"collection":[{"href":"https:\/\/koraledetale.pl\/index.php?rest_route=\/wp\/v2\/product"}],"about":[{"href":"https:\/\/koraledetale.pl\/index.php?rest_route=\/wp\/v2\/types\/product"}],"replies":[{"embeddable":true,"href":"https:\/\/koraledetale.pl\/index.php?rest_route=%2Fwp%2Fv2%2Fcomments&post=5874"}],"wp:featuredmedia":[{"embeddable":true,"href":"https:\/\/koraledetale.pl\/index.php?rest_route=\/wp\/v2\/media\/5872"}],"wp:attachment":[{"href":"https:\/\/koraledetale.pl\/index.php?rest_route=%2Fwp%2Fv2%2Fmedia&parent=5874"}],"wp:term":[{"taxonomy":"product_brand","embeddable":true,"href":"https:\/\/koraledetale.pl\/index.php?rest_route=%2Fwp%2Fv2%2Fproduct_brand&post=5874"},{"taxonomy":"product_cat","embeddable":true,"href":"https:\/\/koraledetale.pl\/index.php?rest_route=%2Fwp%2Fv2%2Fproduct_cat&post=5874"},{"taxonomy":"product_tag","embeddable":true,"href":"https:\/\/koraledetale.pl\/index.php?rest_route=%2Fwp%2Fv2%2Fproduct_tag&post=5874"}],"curies":[{"name":"wp","href":"https:\/\/api.w.org\/{rel}","templated":true}]}}