{"id":5873,"date":"2024-08-02T10:37:31","date_gmt":"2024-08-02T10:37:31","guid":{"rendered":"https:\/\/koraledetale.pl\/?post_type=product&#038;p=5873"},"modified":"2026-03-07T12:04:57","modified_gmt":"2026-03-07T12:04:57","slug":"naszyjnik-bogini-z-perlami-i-apatytami","status":"publish","type":"product","link":"https:\/\/koraledetale.pl\/?product=naszyjnik-bogini-z-perlami-i-apatytami","title":{"rendered":"Naszyjnik BOGINI z per\u0142ami i apatytami"},"content":{"rendered":"<p>Wielko\u015b\u0107 kamieni:<\/p>\n<ul>\n<li>per\u0142a &#8211; ok. 7x5x5 mm,<\/li>\n<li>apatyt &#8211; \u0142ezka 9x6x4 mm i 4 mm (przy przed\u0142u\u017cce),<\/li>\n<li>hematyt &#8211; 3&#215;1 mm i 2 mm.<\/li>\n<\/ul>\n<p>D\u0142ugo\u015b\u0107 naszyjnika: 40-45 cm + zawieszka 2,2 cm.<\/p>\n<p>Wszystkie elementy metalowe wykonane s\u0105 z nieuczulaj\u0105cej stali szlachetnej.<\/p>\n","protected":false},"excerpt":{"rendered":"<p>Naszyjnik z br\u0105zowymi per\u0142ami, przeplatanymi z\u0142otymi hematytami, z zawieszkami &#8211; a\u017curow\u0105 lunul\u0105 z \u0142ezk\u0105 apatytu oraz ma\u0142\u0105 gwiazdk\u0105. Kamienie zasupe\u0142kowane s\u0105 na mocnej nici jubilerskiej, dobranej do barwy apatyt\u00f3w.<\/p>\n","protected":false},"featured_media":5869,"comment_status":"open","ping_status":"closed","template":"","meta":{"advanced_seo_description":"","jetpack_seo_html_title":"","jetpack_seo_noindex":false},"product_brand":[],"product_cat":[229],"product_tag":[92,67,2164,2163,274,884,57],"class_list":{"0":"post-5873","1":"product","2":"type-product","3":"status-publish","4":"has-post-thumbnail","6":"product_cat-sprzedane","7":"product_tag-apatyt","8":"product_tag-hematyt","9":"product_tag-naszyjnik-z-brazowymi-i-turkusowymi-kamieniami-naturalnymi","10":"product_tag-naszyjnik-z-brazowymi-perlami-i-apatytem","11":"product_tag-naszyjnik-z-ksiezycem","12":"product_tag-naszyjnik-z-lunula","13":"product_tag-perla","15":"first","16":"outofstock","17":"shipping-taxable","18":"purchasable","19":"product-type-simple"},"jetpack_sharing_enabled":true,"_links":{"self":[{"href":"https:\/\/koraledetale.pl\/index.php?rest_route=\/wp\/v2\/product\/5873","targetHints":{"allow":["GET"]}}],"collection":[{"href":"https:\/\/koraledetale.pl\/index.php?rest_route=\/wp\/v2\/product"}],"about":[{"href":"https:\/\/koraledetale.pl\/index.php?rest_route=\/wp\/v2\/types\/product"}],"replies":[{"embeddable":true,"href":"https:\/\/koraledetale.pl\/index.php?rest_route=%2Fwp%2Fv2%2Fcomments&post=5873"}],"wp:featuredmedia":[{"embeddable":true,"href":"https:\/\/koraledetale.pl\/index.php?rest_route=\/wp\/v2\/media\/5869"}],"wp:attachment":[{"href":"https:\/\/koraledetale.pl\/index.php?rest_route=%2Fwp%2Fv2%2Fmedia&parent=5873"}],"wp:term":[{"taxonomy":"product_brand","embeddable":true,"href":"https:\/\/koraledetale.pl\/index.php?rest_route=%2Fwp%2Fv2%2Fproduct_brand&post=5873"},{"taxonomy":"product_cat","embeddable":true,"href":"https:\/\/koraledetale.pl\/index.php?rest_route=%2Fwp%2Fv2%2Fproduct_cat&post=5873"},{"taxonomy":"product_tag","embeddable":true,"href":"https:\/\/koraledetale.pl\/index.php?rest_route=%2Fwp%2Fv2%2Fproduct_tag&post=5873"}],"curies":[{"name":"wp","href":"https:\/\/api.w.org\/{rel}","templated":true}]}}