{"id":5850,"date":"2024-07-24T10:13:39","date_gmt":"2024-07-24T10:13:39","guid":{"rendered":"https:\/\/koraledetale.pl\/?post_type=product&#038;p=5850"},"modified":"2025-06-27T12:34:27","modified_gmt":"2025-06-27T12:34:27","slug":"bransoletka-jedwabny-szlak-z-rubinami-i-szafirami","status":"publish","type":"product","link":"https:\/\/koraledetale.pl\/?product=bransoletka-jedwabny-szlak-z-rubinami-i-szafirami","title":{"rendered":"Bransoletka JEDWABNY SZLAK z rubinami i szafirami"},"content":{"rendered":"<p>Wielko\u015b\u0107 kamieni:<\/p>\n<ul>\n<li>rubin, szafir \u2013 2,5 mm<\/li>\n<li>hematyt \u2013 2 mm.<\/li>\n<\/ul>\n<p>Bransoletka posiada \u0142atw\u0105 regulacj\u0119 d\u0142ugo\u015bci w zakresie 16,5 \u2013 26 cm, poprzez przeci\u0105gniecie sznureczk\u00f3w przez koralik-stoper (ze stali szlachetnej).<\/p>\n","protected":false},"excerpt":{"rendered":"<p>Bransoletka z cieniowanymi, fasetowanymi rubinami i szafirami, przeplatanymi z\u0142otymi hematytami, zasupe\u0142kowanymi na r\u00f3\u017cowej, jedwabnej nici.<\/p>\n","protected":false},"featured_media":5837,"comment_status":"open","ping_status":"closed","template":"","meta":{"advanced_seo_description":"","jetpack_seo_html_title":"","jetpack_seo_noindex":false},"product_brand":[],"product_cat":[17],"product_tag":[1680,79,889,133,80,2162,117,25,31],"class_list":{"0":"post-5850","1":"product","2":"type-product","3":"status-publish","4":"has-post-thumbnail","6":"product_cat-bransoletki","7":"product_tag-bransoletka-z-cieniowanymi-kamieniami","8":"product_tag-bransoletka-z-drobnych-kamieni","9":"product_tag-bransoletka-z-drobnymi-kamieniami","10":"product_tag-bransoletka-z-kamieni-naturalnych","11":"product_tag-bransoletka-z-kamieniami-naturalnymi","12":"product_tag-bransoletka-z-kamieniami-naturalnymi-na-jedwabiu-z-ubinami-i-szafirami","13":"product_tag-rubin","14":"product_tag-szafir","15":"product_tag-zloty-hematyt","17":"first","18":"instock","19":"shipping-taxable","20":"purchasable","21":"product-type-simple"},"jetpack_sharing_enabled":true,"_links":{"self":[{"href":"https:\/\/koraledetale.pl\/index.php?rest_route=\/wp\/v2\/product\/5850","targetHints":{"allow":["GET"]}}],"collection":[{"href":"https:\/\/koraledetale.pl\/index.php?rest_route=\/wp\/v2\/product"}],"about":[{"href":"https:\/\/koraledetale.pl\/index.php?rest_route=\/wp\/v2\/types\/product"}],"replies":[{"embeddable":true,"href":"https:\/\/koraledetale.pl\/index.php?rest_route=%2Fwp%2Fv2%2Fcomments&post=5850"}],"wp:featuredmedia":[{"embeddable":true,"href":"https:\/\/koraledetale.pl\/index.php?rest_route=\/wp\/v2\/media\/5837"}],"wp:attachment":[{"href":"https:\/\/koraledetale.pl\/index.php?rest_route=%2Fwp%2Fv2%2Fmedia&parent=5850"}],"wp:term":[{"taxonomy":"product_brand","embeddable":true,"href":"https:\/\/koraledetale.pl\/index.php?rest_route=%2Fwp%2Fv2%2Fproduct_brand&post=5850"},{"taxonomy":"product_cat","embeddable":true,"href":"https:\/\/koraledetale.pl\/index.php?rest_route=%2Fwp%2Fv2%2Fproduct_cat&post=5850"},{"taxonomy":"product_tag","embeddable":true,"href":"https:\/\/koraledetale.pl\/index.php?rest_route=%2Fwp%2Fv2%2Fproduct_tag&post=5850"}],"curies":[{"name":"wp","href":"https:\/\/api.w.org\/{rel}","templated":true}]}}