{"id":5828,"date":"2024-07-23T08:45:18","date_gmt":"2024-07-23T08:45:18","guid":{"rendered":"https:\/\/koraledetale.pl\/?post_type=product&#038;p=5828"},"modified":"2024-07-27T05:57:27","modified_gmt":"2024-07-27T05:57:27","slug":"naszyjnik-piwonia-z-rozowymi-turmalinami","status":"publish","type":"product","link":"https:\/\/koraledetale.pl\/?product=naszyjnik-piwonia-z-rozowymi-turmalinami","title":{"rendered":"Naszyjnik PIWONIA z r\u00f3\u017cowymi turmalinami"},"content":{"rendered":"<p>Wielko\u015b\u0107 kamieni:<\/p>\n<ul>\n<li>turmalin \u2013 2 mm i 4&#215;4 mm,<\/li>\n<li>hematyt \u2013 2\u00d71 mm.<\/li>\n<\/ul>\n<p>D\u0142ugo\u015b\u0107 naszyjnika: 38-43 cm.<\/p>\n<p>Wszystkie elementy metalowe wykonane s\u0105 z nieuczulaj\u0105cej stali szlachetnej.<\/p>\n","protected":false},"excerpt":{"rendered":"<p>Kr\u00f3tki naszyjnik z drobnych, r\u00f3\u017cowych turmalin\u00f3w, przeplatanych oponkami z\u0142otego hematytu, z kosteczk\u0105 turmalinu w centrum. Kamienie zasupe\u0142kowane s\u0105 na mocnej, r\u00f3\u017cowej nici jubilerskiej.<\/p>\n","protected":false},"featured_media":5832,"comment_status":"open","ping_status":"closed","template":"","meta":{"advanced_seo_description":"","jetpack_seo_html_title":"","jetpack_seo_noindex":false},"product_brand":[],"product_cat":[229],"product_tag":[2161,1967,1703,2103,31],"class_list":{"0":"post-5828","1":"product","2":"type-product","3":"status-publish","4":"has-post-thumbnail","6":"product_cat-sprzedane","7":"product_tag-choker-drobnymi-rozowymi-turmalinami","8":"product_tag-naszyjnik-z-drobnych-kamieni-naturalnych","9":"product_tag-naszyjnik-z-rozowymi-turmalinami","10":"product_tag-turmalin-rozowy","11":"product_tag-zloty-hematyt","13":"first","14":"outofstock","15":"shipping-taxable","16":"purchasable","17":"product-type-simple"},"jetpack_sharing_enabled":true,"_links":{"self":[{"href":"https:\/\/koraledetale.pl\/index.php?rest_route=\/wp\/v2\/product\/5828","targetHints":{"allow":["GET"]}}],"collection":[{"href":"https:\/\/koraledetale.pl\/index.php?rest_route=\/wp\/v2\/product"}],"about":[{"href":"https:\/\/koraledetale.pl\/index.php?rest_route=\/wp\/v2\/types\/product"}],"replies":[{"embeddable":true,"href":"https:\/\/koraledetale.pl\/index.php?rest_route=%2Fwp%2Fv2%2Fcomments&post=5828"}],"wp:featuredmedia":[{"embeddable":true,"href":"https:\/\/koraledetale.pl\/index.php?rest_route=\/wp\/v2\/media\/5832"}],"wp:attachment":[{"href":"https:\/\/koraledetale.pl\/index.php?rest_route=%2Fwp%2Fv2%2Fmedia&parent=5828"}],"wp:term":[{"taxonomy":"product_brand","embeddable":true,"href":"https:\/\/koraledetale.pl\/index.php?rest_route=%2Fwp%2Fv2%2Fproduct_brand&post=5828"},{"taxonomy":"product_cat","embeddable":true,"href":"https:\/\/koraledetale.pl\/index.php?rest_route=%2Fwp%2Fv2%2Fproduct_cat&post=5828"},{"taxonomy":"product_tag","embeddable":true,"href":"https:\/\/koraledetale.pl\/index.php?rest_route=%2Fwp%2Fv2%2Fproduct_tag&post=5828"}],"curies":[{"name":"wp","href":"https:\/\/api.w.org\/{rel}","templated":true}]}}