{"id":5815,"date":"2024-07-14T10:53:36","date_gmt":"2024-07-14T10:53:36","guid":{"rendered":"https:\/\/koraledetale.pl\/?post_type=product&#038;p=5815"},"modified":"2025-04-25T08:14:17","modified_gmt":"2025-04-25T08:14:17","slug":"bransoletka-rajska-plaza-z-larimarami-i-bursztynami","status":"publish","type":"product","link":"https:\/\/koraledetale.pl\/?product=bransoletka-rajska-plaza-z-larimarami-i-bursztynami","title":{"rendered":"Bransoletka RAJSKA PLA\u017bA z larimarami i bursztynami"},"content":{"rendered":"<p>Wielko\u015b\u0107 kamieni:<\/p>\n<ul>\n<li>larimar \u2013 3,5 mm,<\/li>\n<li>bursztyn &#8211; 3,5 mm,<\/li>\n<li>hematyt \u2013 2 mm.<\/li>\n<\/ul>\n<p>D\u0142ugo\u015b\u0107 bransoletki: 16,5 \u2013 19,5 cm.<\/p>\n<p>Wszystkie elementy metalowe wykonane s\u0105 z nieuczulaj\u0105cej stali szlachetnej.<\/p>\n","protected":false},"excerpt":{"rendered":"<p>Bransoletka z larimarami przeplatanymi bursztynami i z\u0142otymi hematytami, z bursztynow\u0105 zawieszk\u0105.<\/p>\n","protected":false},"featured_media":5814,"comment_status":"open","ping_status":"closed","template":"","meta":{"advanced_seo_description":"","jetpack_seo_html_title":"","jetpack_seo_noindex":false},"product_brand":[],"product_cat":[229],"product_tag":[80,2157,1456,1136,488,31],"class_list":{"0":"post-5815","1":"product","2":"type-product","3":"status-publish","4":"has-post-thumbnail","6":"product_cat-sprzedane","7":"product_tag-bransoletka-z-kamieniami-naturalnymi","8":"product_tag-bransoletka-z-larimarami-i-bursztynami","9":"product_tag-bransoletka-z-pastelowymi-kamieniami","10":"product_tag-bursztyn","11":"product_tag-larimar","12":"product_tag-zloty-hematyt","14":"first","15":"outofstock","16":"shipping-taxable","17":"purchasable","18":"product-type-simple"},"jetpack_sharing_enabled":true,"_links":{"self":[{"href":"https:\/\/koraledetale.pl\/index.php?rest_route=\/wp\/v2\/product\/5815","targetHints":{"allow":["GET"]}}],"collection":[{"href":"https:\/\/koraledetale.pl\/index.php?rest_route=\/wp\/v2\/product"}],"about":[{"href":"https:\/\/koraledetale.pl\/index.php?rest_route=\/wp\/v2\/types\/product"}],"replies":[{"embeddable":true,"href":"https:\/\/koraledetale.pl\/index.php?rest_route=%2Fwp%2Fv2%2Fcomments&post=5815"}],"wp:featuredmedia":[{"embeddable":true,"href":"https:\/\/koraledetale.pl\/index.php?rest_route=\/wp\/v2\/media\/5814"}],"wp:attachment":[{"href":"https:\/\/koraledetale.pl\/index.php?rest_route=%2Fwp%2Fv2%2Fmedia&parent=5815"}],"wp:term":[{"taxonomy":"product_brand","embeddable":true,"href":"https:\/\/koraledetale.pl\/index.php?rest_route=%2Fwp%2Fv2%2Fproduct_brand&post=5815"},{"taxonomy":"product_cat","embeddable":true,"href":"https:\/\/koraledetale.pl\/index.php?rest_route=%2Fwp%2Fv2%2Fproduct_cat&post=5815"},{"taxonomy":"product_tag","embeddable":true,"href":"https:\/\/koraledetale.pl\/index.php?rest_route=%2Fwp%2Fv2%2Fproduct_tag&post=5815"}],"curies":[{"name":"wp","href":"https:\/\/api.w.org\/{rel}","templated":true}]}}