{"id":5796,"date":"2024-07-11T14:07:47","date_gmt":"2024-07-11T14:07:47","guid":{"rendered":"https:\/\/koraledetale.pl\/?post_type=product&#038;p=5796"},"modified":"2024-07-12T13:50:33","modified_gmt":"2024-07-12T13:50:33","slug":"naszyjnik-samotny-z-malachitami-i-koralem","status":"publish","type":"product","link":"https:\/\/koraledetale.pl\/?product=naszyjnik-samotny-z-malachitami-i-koralem","title":{"rendered":"Naszyjnik SAMOTNY z malachitami i koralem"},"content":{"rendered":"<p>Wielko\u015b\u0107 kamieni:<\/p>\n<ul>\n<li>malachit &#8211; 3 mm,<\/li>\n<li>koral &#8211; 6,5&#215;5 mm,<\/li>\n<li>hematyt &#8211; 3&#215;2 mm.<\/li>\n<\/ul>\n<p>D\u0142ugo\u015b\u0107 naszyjnika: 38 &#8211; 43 cm.<\/p>\n<p>Wszystkie elementy metalowe wykonane s\u0105 z nieuczulaj\u0105cej stali szlachetnej.<\/p>\n","protected":false},"excerpt":{"rendered":"<p>Choker z malachitami, pojedynczym wa\u0142eczkiem pomara\u0144czowego koralu i z\u0142otymi hematytami, zasupe\u0142kowanymi na mocnej nici jubilerskiej, w kolorze koralu.<\/p>\n","protected":false},"featured_media":5797,"comment_status":"open","ping_status":"closed","template":"","meta":{"advanced_seo_description":"","jetpack_seo_html_title":"","jetpack_seo_noindex":false},"product_brand":[],"product_cat":[229],"product_tag":[2148,82,158,2150,2149,2152,2151],"class_list":{"0":"post-5796","1":"product","2":"type-product","3":"status-publish","4":"has-post-thumbnail","6":"product_cat-sprzedane","7":"product_tag-choker-z-malachitami-i-koralem","8":"product_tag-koral","9":"product_tag-malachit","10":"product_tag-naszyjnik-bez-zawieszki","11":"product_tag-naszyjnik-z-malachitami-i-koralem","12":"product_tag-naszyjnik-z-zielonymi-kamieniami-naturalnymi","13":"product_tag-zielony-naszyjnik","15":"first","16":"outofstock","17":"shipping-taxable","18":"purchasable","19":"product-type-simple"},"jetpack_sharing_enabled":true,"_links":{"self":[{"href":"https:\/\/koraledetale.pl\/index.php?rest_route=\/wp\/v2\/product\/5796","targetHints":{"allow":["GET"]}}],"collection":[{"href":"https:\/\/koraledetale.pl\/index.php?rest_route=\/wp\/v2\/product"}],"about":[{"href":"https:\/\/koraledetale.pl\/index.php?rest_route=\/wp\/v2\/types\/product"}],"replies":[{"embeddable":true,"href":"https:\/\/koraledetale.pl\/index.php?rest_route=%2Fwp%2Fv2%2Fcomments&post=5796"}],"wp:featuredmedia":[{"embeddable":true,"href":"https:\/\/koraledetale.pl\/index.php?rest_route=\/wp\/v2\/media\/5797"}],"wp:attachment":[{"href":"https:\/\/koraledetale.pl\/index.php?rest_route=%2Fwp%2Fv2%2Fmedia&parent=5796"}],"wp:term":[{"taxonomy":"product_brand","embeddable":true,"href":"https:\/\/koraledetale.pl\/index.php?rest_route=%2Fwp%2Fv2%2Fproduct_brand&post=5796"},{"taxonomy":"product_cat","embeddable":true,"href":"https:\/\/koraledetale.pl\/index.php?rest_route=%2Fwp%2Fv2%2Fproduct_cat&post=5796"},{"taxonomy":"product_tag","embeddable":true,"href":"https:\/\/koraledetale.pl\/index.php?rest_route=%2Fwp%2Fv2%2Fproduct_tag&post=5796"}],"curies":[{"name":"wp","href":"https:\/\/api.w.org\/{rel}","templated":true}]}}