{"id":5784,"date":"2024-07-09T07:17:31","date_gmt":"2024-07-09T07:17:31","guid":{"rendered":"https:\/\/koraledetale.pl\/?post_type=product&#038;p=5784"},"modified":"2024-07-28T05:23:20","modified_gmt":"2024-07-28T05:23:20","slug":"naszyjnik-zlap-dystans-z-rodonitami","status":"publish","type":"product","link":"https:\/\/koraledetale.pl\/?product=naszyjnik-zlap-dystans-z-rodonitami","title":{"rendered":"Naszyjnik Z\u0141AP DYSTANS z rodonitami"},"content":{"rendered":"<p>Wielko\u015b\u0107 kamieni:<\/p>\n<ul>\n<li>rodonit \u2013 4&#215;2,5 mm,<\/li>\n<li>hematyt \u2013 3\u00d71 mm.<\/li>\n<\/ul>\n<p>D\u0142ugo\u015b\u0107 naszyjnika \u2013 kr\u00f3tszej cz\u0119\u015bci z \u0142a\u0144cuszkiem 40 cm, d\u0142u\u017cszej cz\u0119\u015bci 44 cm + zawieszka 1,3 cm. Naszyjnik ma przed\u0142u\u017ck\u0119 \u2013 5 cm.<\/p>\n<p>Wszystkie elementy metalowe wykonane s\u0105 z nieuczulaj\u0105cej stali szlachetnej.<\/p>\n","protected":false},"excerpt":{"rendered":"<p>Warstwowy naszyjnik z \u0142a\u0144cuszkiem oraz sznurem rodonit\u00f3w z wplecionymi z\u0142otymi hematytami. Kamienie zasupe\u0142kowane s\u0105 na r\u00f3\u017cowej, mocnej nici jubilerskiej. Zwie\u0144czeniem naszyjnika jest zawieszka \u2013 g\u0142adka, wypuk\u0142a luna.<\/p>\n","protected":false},"featured_media":5785,"comment_status":"open","ping_status":"closed","template":"","meta":{"advanced_seo_description":"","jetpack_seo_html_title":"","jetpack_seo_noindex":false},"product_brand":[],"product_cat":[229],"product_tag":[501,687,757,1112,884,355,823,2146],"class_list":{"0":"post-5784","1":"product","2":"type-product","3":"status-publish","4":"has-post-thumbnail","6":"product_cat-sprzedane","7":"product_tag-ksiezyc","8":"product_tag-luna","9":"product_tag-lunula","10":"product_tag-naszyjnik-z-luna","11":"product_tag-naszyjnik-z-lunula","12":"product_tag-naszyjnik-z-rozowymi-kamieniami","13":"product_tag-rodonit","14":"product_tag-warstwowy-naszyjnik-z-rodonitami","16":"first","17":"outofstock","18":"shipping-taxable","19":"purchasable","20":"product-type-simple"},"jetpack_sharing_enabled":true,"_links":{"self":[{"href":"https:\/\/koraledetale.pl\/index.php?rest_route=\/wp\/v2\/product\/5784","targetHints":{"allow":["GET"]}}],"collection":[{"href":"https:\/\/koraledetale.pl\/index.php?rest_route=\/wp\/v2\/product"}],"about":[{"href":"https:\/\/koraledetale.pl\/index.php?rest_route=\/wp\/v2\/types\/product"}],"replies":[{"embeddable":true,"href":"https:\/\/koraledetale.pl\/index.php?rest_route=%2Fwp%2Fv2%2Fcomments&post=5784"}],"wp:featuredmedia":[{"embeddable":true,"href":"https:\/\/koraledetale.pl\/index.php?rest_route=\/wp\/v2\/media\/5785"}],"wp:attachment":[{"href":"https:\/\/koraledetale.pl\/index.php?rest_route=%2Fwp%2Fv2%2Fmedia&parent=5784"}],"wp:term":[{"taxonomy":"product_brand","embeddable":true,"href":"https:\/\/koraledetale.pl\/index.php?rest_route=%2Fwp%2Fv2%2Fproduct_brand&post=5784"},{"taxonomy":"product_cat","embeddable":true,"href":"https:\/\/koraledetale.pl\/index.php?rest_route=%2Fwp%2Fv2%2Fproduct_cat&post=5784"},{"taxonomy":"product_tag","embeddable":true,"href":"https:\/\/koraledetale.pl\/index.php?rest_route=%2Fwp%2Fv2%2Fproduct_tag&post=5784"}],"curies":[{"name":"wp","href":"https:\/\/api.w.org\/{rel}","templated":true}]}}