{"id":5781,"date":"2024-07-04T10:27:44","date_gmt":"2024-07-04T10:27:44","guid":{"rendered":"https:\/\/koraledetale.pl\/?post_type=product&#038;p=5781"},"modified":"2026-04-10T15:57:11","modified_gmt":"2026-04-10T15:57:11","slug":"naszyjnik-strazniczka-z-czarnymi-turmalinami-i-herkimerem-wersja-srebrna-2","status":"publish","type":"product","link":"https:\/\/koraledetale.pl\/?product=naszyjnik-strazniczka-z-czarnymi-turmalinami-i-herkimerem-wersja-srebrna-2","title":{"rendered":"Naszyjnik STRA\u017bNICZKA z czarnymi turmalinami i herkimerem \u2013 wersja z\u0142ota"},"content":{"rendered":"<p>Wielko\u015b\u0107 kamieni:<\/p>\n<ul>\n<li>turmalin \u2013 2,5 mm,<\/li>\n<li>herkimer \u2013 11\u00d75 mm,<\/li>\n<li>hematyt \u2013 2\u00d71 mm.<\/li>\n<\/ul>\n<p>D\u0142ugo\u015b\u0107 naszyjnika: 41 \u2013 46 cm.<\/p>\n<p>Wszystkie elementy metalowe wykonane s\u0105 z nieuczulaj\u0105cej stali szlachetnej.<\/p>\n<p>Diament z Herkimer, zwany te\u017c potocznie po prostu herkimerem, to kryszta\u0142 g\u00f3rski o niebywa\u0142ym blasku. St\u0105d w\u0142a\u015bnie por\u00f3wnanie do diamentu. Wydobywany jest wy\u0142\u0105cznie w kopalni w Herkimer (USA). Jego naturalny, geometryczny kszta\u0142t oraz wysoka twardo\u015b\u0107 wyr\u00f3\u017cnia go w\u015br\u00f3d pozosta\u0142ych kwarc\u00f3w.<\/p>\n<p>Po\u0142\u0105czenie herkimera i czarnego turmalinu w bransoletce ma synergiczny efekt:<\/p>\n<ul>\n<li><strong>Ochrona i oczyszczanie energetyczne:<\/strong> Czarny turmalin chroni przed negatywn\u0105 energi\u0105, podczas gdy herkimer wzmacnia t\u0119 ochron\u0119. Noszenie naszyjnika z tymi kamieniami pomaga w utrzymaniu czystej i pozytywnej atmosfery energetycznej w Twoim otoczeniu.<\/li>\n<li><strong>Wzmacnianie intencji:<\/strong>\u00a0Herkimer wzmacnia intencj\u0119, a czarny turmalin usuwa przeszkody energetyczne, kt\u00f3re wstrzymuj\u0105 realizacj\u0119 tych intencji. Po\u0142\u0105czenie obu kamieni stwarza pot\u0119\u017cne narz\u0119dzie do manifestowania cel\u00f3w i pragnie\u0144.<\/li>\n<li><strong>Poprawa jasno\u015bci my\u015bli:<\/strong> Herkimer jest kojarzony z jasno\u015bci\u0105 my\u015bli i koncentracj\u0105, podczas gdy czarny turmalin pomaga w usuwaniu negatywnych my\u015bli i wp\u0142yw\u00f3w. Noszenie bi\u017cuterii z tymi kamieniami pomaga w poprawie koncentracji i klarowno\u015bci umys\u0142u.<\/li>\n<li><strong>Wzmacnianie duchowego wzrostu:<\/strong> Herkimer u\u017cywany jest do wspierania duchowego wzrostu i rozwoju, a czarny turmalin pomaga w oczyszczaniu dr\u00f3g energetycznych, u\u0142atwiaj\u0105c przep\u0142yw duchowej energii. Noszenie naszyjnika z oboma kamieniami wspiera duchowy rozw\u00f3j i samodoskonalenie.<\/li>\n<li><\/li>\n<\/ul>\n<p>Pami\u0119taj, \u017ce wp\u0142yw kamieni mo\u017ce by\u0107 subtelny i indywidualny dla ka\u017cdej osoby. Wa\u017cne jest, aby\u015b po\u0142\u0105czy\u0142a si\u0119 z energi\u0105 kamieni poprzez medytacj\u0119 lub intencj\u0119,\u00a0 Dodatkowo, regularnie oczyszczaj i \u0142aduj kamienie, aby utrzyma\u0107 ich skuteczno\u015b\u0107.<\/p>\n","protected":false},"excerpt":{"rendered":"<p>Minimalistyczny naszyjnik \/ choker z czarnymi turmalinami, z pojedynczym herkimerem (pomi\u0119dzy z\u0142otymi hematytami).<\/p>\n","protected":false},"featured_media":5780,"comment_status":"open","ping_status":"closed","template":"","meta":{"advanced_seo_description":"","jetpack_seo_html_title":"","jetpack_seo_noindex":false},"product_brand":[],"product_cat":[15],"product_tag":[2142,288,1253,1252,2033,2145],"class_list":{"0":"post-5781","1":"product","2":"type-product","3":"status-publish","4":"has-post-thumbnail","6":"product_cat-naszyjniki","7":"product_tag-choker-z-kamieniami-ochronnymi","8":"product_tag-czarny-turmalin","9":"product_tag-diament-z-herkimer","10":"product_tag-herkimer","11":"product_tag-naszyjnik-z-czarnymi-kamieniami-naturalnymi","12":"product_tag-naszyjnik-z-czarnymi-turmalinami-i-herkimenrem","14":"first","15":"instock","16":"featured","17":"shipping-taxable","18":"purchasable","19":"product-type-simple"},"jetpack_sharing_enabled":true,"_links":{"self":[{"href":"https:\/\/koraledetale.pl\/index.php?rest_route=\/wp\/v2\/product\/5781","targetHints":{"allow":["GET"]}}],"collection":[{"href":"https:\/\/koraledetale.pl\/index.php?rest_route=\/wp\/v2\/product"}],"about":[{"href":"https:\/\/koraledetale.pl\/index.php?rest_route=\/wp\/v2\/types\/product"}],"replies":[{"embeddable":true,"href":"https:\/\/koraledetale.pl\/index.php?rest_route=%2Fwp%2Fv2%2Fcomments&post=5781"}],"wp:featuredmedia":[{"embeddable":true,"href":"https:\/\/koraledetale.pl\/index.php?rest_route=\/wp\/v2\/media\/5780"}],"wp:attachment":[{"href":"https:\/\/koraledetale.pl\/index.php?rest_route=%2Fwp%2Fv2%2Fmedia&parent=5781"}],"wp:term":[{"taxonomy":"product_brand","embeddable":true,"href":"https:\/\/koraledetale.pl\/index.php?rest_route=%2Fwp%2Fv2%2Fproduct_brand&post=5781"},{"taxonomy":"product_cat","embeddable":true,"href":"https:\/\/koraledetale.pl\/index.php?rest_route=%2Fwp%2Fv2%2Fproduct_cat&post=5781"},{"taxonomy":"product_tag","embeddable":true,"href":"https:\/\/koraledetale.pl\/index.php?rest_route=%2Fwp%2Fv2%2Fproduct_tag&post=5781"}],"curies":[{"name":"wp","href":"https:\/\/api.w.org\/{rel}","templated":true}]}}