{"id":5770,"date":"2024-07-03T10:37:59","date_gmt":"2024-07-03T10:37:59","guid":{"rendered":"https:\/\/koraledetale.pl\/?post_type=product&#038;p=5770"},"modified":"2024-07-07T05:49:48","modified_gmt":"2024-07-07T05:49:48","slug":"naszyjnik-nostalgia-z-perlami","status":"publish","type":"product","link":"https:\/\/koraledetale.pl\/?product=naszyjnik-nostalgia-z-perlami","title":{"rendered":"Naszyjnik NOSTALGIA z per\u0142ami"},"content":{"rendered":"<p>Wielko\u015b\u0107 pere\u0142: 7-9 x 6-8 mm i 20x15x6 mm (zawieszka).<\/p>\n<p>D\u0142ugo\u015b\u0107 naszyjnika: 43 cm.<\/p>\n<p>Wszystkie elementy metalowe wykonane s\u0105 z nieuczulaj\u0105cej stali szlachetnej.<\/p>\n","protected":false},"excerpt":{"rendered":"<p>Klasyczny naszyjnik z nieregularnych pere\u0142, z ozdobnym, plecionym zapi\u0119ciem z przodu i du\u017c\u0105 per\u0142\u0105 barokow\u0105.<\/p>\n","protected":false},"featured_media":5772,"comment_status":"open","ping_status":"closed","template":"","meta":{"advanced_seo_description":"","jetpack_seo_html_title":"","jetpack_seo_noindex":false},"product_brand":[],"product_cat":[229],"product_tag":[2141,454,183,57,670],"class_list":{"0":"post-5770","1":"product","2":"type-product","3":"status-publish","4":"has-post-thumbnail","6":"product_cat-sprzedane","7":"product_tag-klasyka","8":"product_tag-naszyjnik-z-duza-perla","9":"product_tag-naszyjnik-z-perlami","10":"product_tag-perla","11":"product_tag-perly","13":"first","14":"outofstock","15":"shipping-taxable","16":"purchasable","17":"product-type-simple"},"jetpack_sharing_enabled":true,"_links":{"self":[{"href":"https:\/\/koraledetale.pl\/index.php?rest_route=\/wp\/v2\/product\/5770","targetHints":{"allow":["GET"]}}],"collection":[{"href":"https:\/\/koraledetale.pl\/index.php?rest_route=\/wp\/v2\/product"}],"about":[{"href":"https:\/\/koraledetale.pl\/index.php?rest_route=\/wp\/v2\/types\/product"}],"replies":[{"embeddable":true,"href":"https:\/\/koraledetale.pl\/index.php?rest_route=%2Fwp%2Fv2%2Fcomments&post=5770"}],"wp:featuredmedia":[{"embeddable":true,"href":"https:\/\/koraledetale.pl\/index.php?rest_route=\/wp\/v2\/media\/5772"}],"wp:attachment":[{"href":"https:\/\/koraledetale.pl\/index.php?rest_route=%2Fwp%2Fv2%2Fmedia&parent=5770"}],"wp:term":[{"taxonomy":"product_brand","embeddable":true,"href":"https:\/\/koraledetale.pl\/index.php?rest_route=%2Fwp%2Fv2%2Fproduct_brand&post=5770"},{"taxonomy":"product_cat","embeddable":true,"href":"https:\/\/koraledetale.pl\/index.php?rest_route=%2Fwp%2Fv2%2Fproduct_cat&post=5770"},{"taxonomy":"product_tag","embeddable":true,"href":"https:\/\/koraledetale.pl\/index.php?rest_route=%2Fwp%2Fv2%2Fproduct_tag&post=5770"}],"curies":[{"name":"wp","href":"https:\/\/api.w.org\/{rel}","templated":true}]}}