{"id":5762,"date":"2024-07-01T07:24:03","date_gmt":"2024-07-01T07:24:03","guid":{"rendered":"https:\/\/koraledetale.pl\/?post_type=product&#038;p=5762"},"modified":"2024-11-25T14:10:28","modified_gmt":"2024-11-25T14:10:28","slug":"bransoletka-mohito-z-zielonymi-ametystami-i-apatytem","status":"publish","type":"product","link":"https:\/\/koraledetale.pl\/?product=bransoletka-mohito-z-zielonymi-ametystami-i-apatytem","title":{"rendered":"Bransoletka MOHITO z zielonymi ametystami i apatytem"},"content":{"rendered":"<p>Wielko\u015b\u0107 kamieni:<\/p>\n<ul>\n<li>ametyst &#8211; ok. 5&#215;2,5 mm,<\/li>\n<li>apatyt &#8211; 4,5&#215;4,5 mm,<\/li>\n<li>hematyt &#8211; 3&#215;2 mm.<\/li>\n<\/ul>\n<p>D\u0142ugo\u015b\u0107 bransoletki: 17,3 &#8211; 20 cm.<\/p>\n<p>Wszystkie elementy metalowe wykonane s\u0105 z nieuczulaj\u0105cej stali szlachetnej.<\/p>\n","protected":false},"excerpt":{"rendered":"<p>Bransoletka z krystalicznie przejrzystych, zielonych ametyst\u00f3w w formie nieregularnych plastr\u00f3w, przeplatanych z\u0142otymi hematytami, z kosteczk\u0105 zielonego apatytu w centrum.<\/p>\n","protected":false},"featured_media":6264,"comment_status":"open","ping_status":"closed","template":"","meta":{"advanced_seo_description":"","jetpack_seo_html_title":"","jetpack_seo_noindex":false},"product_brand":[],"product_cat":[229],"product_tag":[2137,80,2138,742,440,1540,31],"class_list":{"0":"post-5762","1":"product","2":"type-product","3":"status-publish","4":"has-post-thumbnail","6":"product_cat-sprzedane","7":"product_tag-bransoleta-z-krysztalami","8":"product_tag-bransoletka-z-kamieniami-naturalnymi","9":"product_tag-bransoletka-z-zielonymi-ametystami","10":"product_tag-bransoletka-z-zielonymi-kamieniami","11":"product_tag-zielony-ametyst","12":"product_tag-zielony-apatyt","13":"product_tag-zloty-hematyt","15":"first","16":"outofstock","17":"shipping-taxable","18":"purchasable","19":"product-type-simple"},"jetpack_sharing_enabled":true,"_links":{"self":[{"href":"https:\/\/koraledetale.pl\/index.php?rest_route=\/wp\/v2\/product\/5762","targetHints":{"allow":["GET"]}}],"collection":[{"href":"https:\/\/koraledetale.pl\/index.php?rest_route=\/wp\/v2\/product"}],"about":[{"href":"https:\/\/koraledetale.pl\/index.php?rest_route=\/wp\/v2\/types\/product"}],"replies":[{"embeddable":true,"href":"https:\/\/koraledetale.pl\/index.php?rest_route=%2Fwp%2Fv2%2Fcomments&post=5762"}],"wp:featuredmedia":[{"embeddable":true,"href":"https:\/\/koraledetale.pl\/index.php?rest_route=\/wp\/v2\/media\/6264"}],"wp:attachment":[{"href":"https:\/\/koraledetale.pl\/index.php?rest_route=%2Fwp%2Fv2%2Fmedia&parent=5762"}],"wp:term":[{"taxonomy":"product_brand","embeddable":true,"href":"https:\/\/koraledetale.pl\/index.php?rest_route=%2Fwp%2Fv2%2Fproduct_brand&post=5762"},{"taxonomy":"product_cat","embeddable":true,"href":"https:\/\/koraledetale.pl\/index.php?rest_route=%2Fwp%2Fv2%2Fproduct_cat&post=5762"},{"taxonomy":"product_tag","embeddable":true,"href":"https:\/\/koraledetale.pl\/index.php?rest_route=%2Fwp%2Fv2%2Fproduct_tag&post=5762"}],"curies":[{"name":"wp","href":"https:\/\/api.w.org\/{rel}","templated":true}]}}