{"id":5736,"date":"2024-06-25T11:30:01","date_gmt":"2024-06-25T11:30:01","guid":{"rendered":"https:\/\/koraledetale.pl\/?post_type=product&#038;p=5736"},"modified":"2025-09-19T09:59:39","modified_gmt":"2025-09-19T09:59:39","slug":"naszyjnik-pozytywny-z-turmalinami-i-rozowym-kwarcem","status":"publish","type":"product","link":"https:\/\/koraledetale.pl\/?product=naszyjnik-pozytywny-z-turmalinami-i-rozowym-kwarcem","title":{"rendered":"Naszyjnik POZYTYWNY z turmalinami i r\u00f3\u017cowym kwarcem"},"content":{"rendered":"<p>Wielko\u015b\u0107 kamieni:<\/p>\n<ul>\n<li>turmalin &#8211; 2,5 mm,<\/li>\n<li>kwarc r\u00f3\u017cowy &#8211; 6&#215;6 mm,<\/li>\n<li>hematyt &#8211; 2 mm.<\/li>\n<\/ul>\n<p>D\u0142ugo\u015b\u0107 naszyjnika: 41-46 cm.<\/p>\n<p>Wszystkie elementy metalowe wykonane s\u0105 z nieuczulaj\u0105cej stali szlachetnej.<\/p>\n","protected":false},"excerpt":{"rendered":"<p>Delikatny naszyjnik z pastelowymi turmalinami, przeplatanymi z\u0142otymi hematytami, zwie\u0144czony kwarcem r\u00f3\u017cowym w kszta\u0142cie cebulki. Kamienie zasupe\u0142kowane s\u0105 na mocnej nici jubilerskiej.<\/p>\n","protected":false},"featured_media":5741,"comment_status":"open","ping_status":"closed","template":"","meta":{"advanced_seo_description":"","jetpack_seo_html_title":"","jetpack_seo_noindex":false},"product_brand":[],"product_cat":[229],"product_tag":[537,216,1617,2125,1334,31],"class_list":{"0":"post-5736","1":"product","2":"type-product","3":"status-publish","4":"has-post-thumbnail","6":"product_cat-sprzedane","7":"product_tag-delikatny-naszyjnik-z-kamieniami-naturalnymi","8":"product_tag-kwarc-rozowy","9":"product_tag-naszyjnik-z-pastelowymi-kamieniami","10":"product_tag-naszyjnik-z-turmalinami-i-kwarcem-rozowym","11":"product_tag-turmaliny","12":"product_tag-zloty-hematyt","14":"first","15":"outofstock","16":"shipping-taxable","17":"purchasable","18":"product-type-simple"},"jetpack_sharing_enabled":true,"_links":{"self":[{"href":"https:\/\/koraledetale.pl\/index.php?rest_route=\/wp\/v2\/product\/5736","targetHints":{"allow":["GET"]}}],"collection":[{"href":"https:\/\/koraledetale.pl\/index.php?rest_route=\/wp\/v2\/product"}],"about":[{"href":"https:\/\/koraledetale.pl\/index.php?rest_route=\/wp\/v2\/types\/product"}],"replies":[{"embeddable":true,"href":"https:\/\/koraledetale.pl\/index.php?rest_route=%2Fwp%2Fv2%2Fcomments&post=5736"}],"wp:featuredmedia":[{"embeddable":true,"href":"https:\/\/koraledetale.pl\/index.php?rest_route=\/wp\/v2\/media\/5741"}],"wp:attachment":[{"href":"https:\/\/koraledetale.pl\/index.php?rest_route=%2Fwp%2Fv2%2Fmedia&parent=5736"}],"wp:term":[{"taxonomy":"product_brand","embeddable":true,"href":"https:\/\/koraledetale.pl\/index.php?rest_route=%2Fwp%2Fv2%2Fproduct_brand&post=5736"},{"taxonomy":"product_cat","embeddable":true,"href":"https:\/\/koraledetale.pl\/index.php?rest_route=%2Fwp%2Fv2%2Fproduct_cat&post=5736"},{"taxonomy":"product_tag","embeddable":true,"href":"https:\/\/koraledetale.pl\/index.php?rest_route=%2Fwp%2Fv2%2Fproduct_tag&post=5736"}],"curies":[{"name":"wp","href":"https:\/\/api.w.org\/{rel}","templated":true}]}}