{"id":5712,"date":"2024-06-16T10:28:23","date_gmt":"2024-06-16T10:28:23","guid":{"rendered":"https:\/\/koraledetale.pl\/?post_type=product&#038;p=5712"},"modified":"2024-07-07T14:26:08","modified_gmt":"2024-07-07T14:26:08","slug":"naszyjnik-alien-z-akwamarynami","status":"publish","type":"product","link":"https:\/\/koraledetale.pl\/?product=naszyjnik-alien-z-akwamarynami","title":{"rendered":"Naszyjnik ALIEN z akwamarynami"},"content":{"rendered":"<p>Wielko\u015b\u0107 kamieni:<\/p>\n<ul>\n<li>akwamaryn &#8211; ok. 8&#215;5 mm i 16,5x12x6 mm (zawieszka),<\/li>\n<li>hematyt &#8211; 2,5 mm i 4&#215;2 mm.<\/li>\n<\/ul>\n<p>D\u0142ugo\u015b\u0107 naszyjnika &#8211; 50 cm.<\/p>\n<p>Wszystkie elementy metalowe wykonane s\u0105 z nieuczulaj\u0105cej stali szlachetnej.<\/p>\n","protected":false},"excerpt":{"rendered":"<p>Naszyjnik z nieregularnych oponek akwamarynu, przeplatanych ma\u0142ymi kuleczkami z\u0142otego hematytu, zwie\u0144czony ozdobnym, plecionym zapi\u0119ciem i zawieszk\u0105 z wi\u0119kszego akwamarynu.<\/p>\n","protected":false},"featured_media":5722,"comment_status":"open","ping_status":"closed","template":"","meta":{"advanced_seo_description":"","jetpack_seo_html_title":"","jetpack_seo_noindex":false},"product_brand":[],"product_cat":[229],"product_tag":[93,2120,66,2121],"class_list":{"0":"post-5712","1":"product","2":"type-product","3":"status-publish","4":"has-post-thumbnail","6":"product_cat-sprzedane","7":"product_tag-akwamaryn","8":"product_tag-naszyjnik-z-akwamarynami","9":"product_tag-naszyjnik-z-kamieniami-naturalnymi","10":"product_tag-naszyjnik-z-zielonkawymi-kamieniami","12":"first","13":"outofstock","14":"shipping-taxable","15":"purchasable","16":"product-type-simple"},"jetpack_sharing_enabled":true,"_links":{"self":[{"href":"https:\/\/koraledetale.pl\/index.php?rest_route=\/wp\/v2\/product\/5712","targetHints":{"allow":["GET"]}}],"collection":[{"href":"https:\/\/koraledetale.pl\/index.php?rest_route=\/wp\/v2\/product"}],"about":[{"href":"https:\/\/koraledetale.pl\/index.php?rest_route=\/wp\/v2\/types\/product"}],"replies":[{"embeddable":true,"href":"https:\/\/koraledetale.pl\/index.php?rest_route=%2Fwp%2Fv2%2Fcomments&post=5712"}],"wp:featuredmedia":[{"embeddable":true,"href":"https:\/\/koraledetale.pl\/index.php?rest_route=\/wp\/v2\/media\/5722"}],"wp:attachment":[{"href":"https:\/\/koraledetale.pl\/index.php?rest_route=%2Fwp%2Fv2%2Fmedia&parent=5712"}],"wp:term":[{"taxonomy":"product_brand","embeddable":true,"href":"https:\/\/koraledetale.pl\/index.php?rest_route=%2Fwp%2Fv2%2Fproduct_brand&post=5712"},{"taxonomy":"product_cat","embeddable":true,"href":"https:\/\/koraledetale.pl\/index.php?rest_route=%2Fwp%2Fv2%2Fproduct_cat&post=5712"},{"taxonomy":"product_tag","embeddable":true,"href":"https:\/\/koraledetale.pl\/index.php?rest_route=%2Fwp%2Fv2%2Fproduct_tag&post=5712"}],"curies":[{"name":"wp","href":"https:\/\/api.w.org\/{rel}","templated":true}]}}