{"id":5707,"date":"2024-06-15T17:37:49","date_gmt":"2024-06-15T17:37:49","guid":{"rendered":"https:\/\/koraledetale.pl\/?post_type=product&#038;p=5707"},"modified":"2024-11-01T06:57:44","modified_gmt":"2024-11-01T06:57:44","slug":"bransoletka-piekno-i-minimalizm-z-kamieniami-ksiezycowymi","status":"publish","type":"product","link":"https:\/\/koraledetale.pl\/?product=bransoletka-piekno-i-minimalizm-z-kamieniami-ksiezycowymi","title":{"rendered":"Bransoletka PI\u0118KNO I MINIMALIZM z kamieniami ksi\u0119\u017cycowymi"},"content":{"rendered":"<p>Wielko\u015b\u0107 kamieni:<\/p>\n<ul>\n<li>kamienie ksi\u0119\u017cycowe &#8211; ok. 3,5&#215;1,5 mm,<\/li>\n<li>hematyt &#8211; 4&#215;1 mm.<\/li>\n<\/ul>\n<p>D\u0142ugo\u015b\u0107 bransoletki: 16,5 &#8211; 19,5 cm.<\/p>\n<p>Wszystkie elementy metalowe wykonane s\u0105 z nieuczulaj\u0105cej stali szlachetnej.<\/p>\n","protected":false},"excerpt":{"rendered":"<p>Bransoletka z ciosanych plastr\u00f3w kamieni ksi\u0119\u017cycowych, ze z\u0142otymi przek\u0142adkami z hematytu.<\/p>\n","protected":false},"featured_media":5709,"comment_status":"open","ping_status":"closed","template":"","meta":{"advanced_seo_description":"","jetpack_seo_html_title":"","jetpack_seo_noindex":false},"product_brand":[],"product_cat":[229],"product_tag":[2119,1010,64,31],"class_list":{"0":"post-5707","1":"product","2":"type-product","3":"status-publish","4":"has-post-thumbnail","6":"product_cat-sprzedane","7":"product_tag-biala-bransoletka-z-naturalnymi-kamieniami","8":"product_tag-bransoletka-z-kamieniami-ksiezycowymi-i-perla","9":"product_tag-kamien-ksiezycowy","10":"product_tag-zloty-hematyt","12":"first","13":"outofstock","14":"shipping-taxable","15":"purchasable","16":"product-type-simple"},"jetpack_sharing_enabled":true,"_links":{"self":[{"href":"https:\/\/koraledetale.pl\/index.php?rest_route=\/wp\/v2\/product\/5707","targetHints":{"allow":["GET"]}}],"collection":[{"href":"https:\/\/koraledetale.pl\/index.php?rest_route=\/wp\/v2\/product"}],"about":[{"href":"https:\/\/koraledetale.pl\/index.php?rest_route=\/wp\/v2\/types\/product"}],"replies":[{"embeddable":true,"href":"https:\/\/koraledetale.pl\/index.php?rest_route=%2Fwp%2Fv2%2Fcomments&post=5707"}],"wp:featuredmedia":[{"embeddable":true,"href":"https:\/\/koraledetale.pl\/index.php?rest_route=\/wp\/v2\/media\/5709"}],"wp:attachment":[{"href":"https:\/\/koraledetale.pl\/index.php?rest_route=%2Fwp%2Fv2%2Fmedia&parent=5707"}],"wp:term":[{"taxonomy":"product_brand","embeddable":true,"href":"https:\/\/koraledetale.pl\/index.php?rest_route=%2Fwp%2Fv2%2Fproduct_brand&post=5707"},{"taxonomy":"product_cat","embeddable":true,"href":"https:\/\/koraledetale.pl\/index.php?rest_route=%2Fwp%2Fv2%2Fproduct_cat&post=5707"},{"taxonomy":"product_tag","embeddable":true,"href":"https:\/\/koraledetale.pl\/index.php?rest_route=%2Fwp%2Fv2%2Fproduct_tag&post=5707"}],"curies":[{"name":"wp","href":"https:\/\/api.w.org\/{rel}","templated":true}]}}