{"id":5698,"date":"2024-06-14T09:14:34","date_gmt":"2024-06-14T09:14:34","guid":{"rendered":"https:\/\/koraledetale.pl\/?post_type=product&#038;p=5698"},"modified":"2024-09-22T06:06:14","modified_gmt":"2024-09-22T06:06:14","slug":"kolczyki-czysta-slodycz-z-cytrynami","status":"publish","type":"product","link":"https:\/\/koraledetale.pl\/?product=kolczyki-czysta-slodycz-z-cytrynami","title":{"rendered":"Kolczyki CZYSTA S\u0141ODYCZ z cytrynami"},"content":{"rendered":"<p>Wielko\u015b\u0107 kamieni:<\/p>\n<ul>\n<li>cytryn &#8211; 12x12x5 mm,<\/li>\n<li>hematyt &#8211; 2,5 mm.<\/li>\n<\/ul>\n<p>D\u0142ugo\u015b\u0107 kolczyk\u00f3w &#8211; 2,4 cm.<\/p>\n<p>Wszystkie elementy metalowe wykonane s\u0105 z nieuczulaj\u0105cej stali szlachetnej.<\/p>\n","protected":false},"excerpt":{"rendered":"<p>Kolczyki z cytrynami w formie serduszek, zawieszonych na sztyftach z okr\u0105g\u0142\u0105 blaszk\u0105 z wyt\u0142aczan\u0105 faktur\u0105.<\/p>\n","protected":false},"featured_media":5703,"comment_status":"open","ping_status":"closed","template":"","meta":{"advanced_seo_description":"","jetpack_seo_html_title":"","jetpack_seo_noindex":false},"product_brand":[],"product_cat":[229],"product_tag":[193,2112,95,2113,520],"class_list":{"0":"post-5698","1":"product","2":"type-product","3":"status-publish","4":"has-post-thumbnail","6":"product_cat-sprzedane","7":"product_tag-cytryn","8":"product_tag-kolczyki-na-sztyftach-z-cytrynami","9":"product_tag-kolczyki-z-kamieniami-naturalnymi","10":"product_tag-kolczyki-z-serduszkiem","11":"product_tag-serce","13":"first","14":"outofstock","15":"shipping-taxable","16":"purchasable","17":"product-type-simple"},"jetpack_sharing_enabled":true,"_links":{"self":[{"href":"https:\/\/koraledetale.pl\/index.php?rest_route=\/wp\/v2\/product\/5698","targetHints":{"allow":["GET"]}}],"collection":[{"href":"https:\/\/koraledetale.pl\/index.php?rest_route=\/wp\/v2\/product"}],"about":[{"href":"https:\/\/koraledetale.pl\/index.php?rest_route=\/wp\/v2\/types\/product"}],"replies":[{"embeddable":true,"href":"https:\/\/koraledetale.pl\/index.php?rest_route=%2Fwp%2Fv2%2Fcomments&post=5698"}],"wp:featuredmedia":[{"embeddable":true,"href":"https:\/\/koraledetale.pl\/index.php?rest_route=\/wp\/v2\/media\/5703"}],"wp:attachment":[{"href":"https:\/\/koraledetale.pl\/index.php?rest_route=%2Fwp%2Fv2%2Fmedia&parent=5698"}],"wp:term":[{"taxonomy":"product_brand","embeddable":true,"href":"https:\/\/koraledetale.pl\/index.php?rest_route=%2Fwp%2Fv2%2Fproduct_brand&post=5698"},{"taxonomy":"product_cat","embeddable":true,"href":"https:\/\/koraledetale.pl\/index.php?rest_route=%2Fwp%2Fv2%2Fproduct_cat&post=5698"},{"taxonomy":"product_tag","embeddable":true,"href":"https:\/\/koraledetale.pl\/index.php?rest_route=%2Fwp%2Fv2%2Fproduct_tag&post=5698"}],"curies":[{"name":"wp","href":"https:\/\/api.w.org\/{rel}","templated":true}]}}