{"id":5692,"date":"2024-06-12T10:10:01","date_gmt":"2024-06-12T10:10:01","guid":{"rendered":"https:\/\/koraledetale.pl\/?post_type=product&#038;p=5692"},"modified":"2024-06-14T06:47:34","modified_gmt":"2024-06-14T06:47:34","slug":"kolczyki-dobra-moneta-z-granatami-kwarcem-rozowym-i-kamieniem-ksiezycowym","status":"publish","type":"product","link":"https:\/\/koraledetale.pl\/?product=kolczyki-dobra-moneta-z-granatami-kwarcem-rozowym-i-kamieniem-ksiezycowym","title":{"rendered":"Kolczyki DOBRA MONETA z granatami, kwarcem r\u00f3\u017cowym i kamieniem ksi\u0119\u017cycowym"},"content":{"rendered":"<p>Wielko\u015b\u0107 kamieni:<\/p>\n<ul>\n<li>granat \u2013 10x7x3,5 mm i 4 mm,<\/li>\n<li>kwarc r\u00f3\u017cowy \u2013 9x7x4 mm,<\/li>\n<li>kamie\u0144 ksi\u0119\u017cycowy \u2013 4,5\u00d74,5 mm.<\/li>\n<\/ul>\n<p>D\u0142ugo\u015b\u0107 kolczyk\u00f3w \u2013 4,5 i 4,9 cm.<\/p>\n<p>Wszystkie elementy metalowe wykonane s\u0105 z nieuczulaj\u0105cej stali szlachetnej.<\/p>\n","protected":false},"excerpt":{"rendered":"<p>Asymetryczne kolczyki z k\u00f3\u0142kami, na kt\u00f3rych zawieszone s\u0105: monety (wi\u0119ksza i mniejsza), granaty (\u0142ezka i kuleczka), \u0142ezka kwarcu r\u00f3\u017cowego i kosteczka kamienia ksi\u0119\u017cycowego. Kolczyki zawieszone s\u0105 na otwartych biglach.<\/p>\n","protected":false},"featured_media":5696,"comment_status":"open","ping_status":"closed","template":"","meta":{"advanced_seo_description":"","jetpack_seo_html_title":"","jetpack_seo_noindex":false},"product_brand":[],"product_cat":[229],"product_tag":[2110,815,71,64,2111,216],"class_list":{"0":"post-5692","1":"product","2":"type-product","3":"status-publish","4":"has-post-thumbnail","6":"product_cat-sprzedane","7":"product_tag-asymetryczne-kolczyki-z-monetami-i-kamieniami-naturalnymi","8":"product_tag-dlugie-kolczyki-z-kamieniami-naturalnymi","9":"product_tag-granat","10":"product_tag-kamien-ksiezycowy","11":"product_tag-kolczyki-z-kwarcem-rozowym-i-granatem","12":"product_tag-kwarc-rozowy","14":"first","15":"outofstock","16":"shipping-taxable","17":"purchasable","18":"product-type-simple"},"jetpack_sharing_enabled":true,"_links":{"self":[{"href":"https:\/\/koraledetale.pl\/index.php?rest_route=\/wp\/v2\/product\/5692","targetHints":{"allow":["GET"]}}],"collection":[{"href":"https:\/\/koraledetale.pl\/index.php?rest_route=\/wp\/v2\/product"}],"about":[{"href":"https:\/\/koraledetale.pl\/index.php?rest_route=\/wp\/v2\/types\/product"}],"replies":[{"embeddable":true,"href":"https:\/\/koraledetale.pl\/index.php?rest_route=%2Fwp%2Fv2%2Fcomments&post=5692"}],"wp:featuredmedia":[{"embeddable":true,"href":"https:\/\/koraledetale.pl\/index.php?rest_route=\/wp\/v2\/media\/5696"}],"wp:attachment":[{"href":"https:\/\/koraledetale.pl\/index.php?rest_route=%2Fwp%2Fv2%2Fmedia&parent=5692"}],"wp:term":[{"taxonomy":"product_brand","embeddable":true,"href":"https:\/\/koraledetale.pl\/index.php?rest_route=%2Fwp%2Fv2%2Fproduct_brand&post=5692"},{"taxonomy":"product_cat","embeddable":true,"href":"https:\/\/koraledetale.pl\/index.php?rest_route=%2Fwp%2Fv2%2Fproduct_cat&post=5692"},{"taxonomy":"product_tag","embeddable":true,"href":"https:\/\/koraledetale.pl\/index.php?rest_route=%2Fwp%2Fv2%2Fproduct_tag&post=5692"}],"curies":[{"name":"wp","href":"https:\/\/api.w.org\/{rel}","templated":true}]}}