{"id":5682,"date":"2024-06-09T15:32:39","date_gmt":"2024-06-09T15:32:39","guid":{"rendered":"https:\/\/koraledetale.pl\/?post_type=product&#038;p=5682"},"modified":"2024-10-01T18:33:11","modified_gmt":"2024-10-01T18:33:11","slug":"naszyjnik-indie-z-kwarcami-dymnymi-i-larimarami","status":"publish","type":"product","link":"https:\/\/koraledetale.pl\/?product=naszyjnik-indie-z-kwarcami-dymnymi-i-larimarami","title":{"rendered":"Naszyjnik INDIE z kwarcami dymnymi i larimarami"},"content":{"rendered":"<p>Wielko\u015b\u0107 kamieni:<\/p>\n<ul>\n<li>kwarc dymny &#8211; 2,5 mm,<\/li>\n<li>larimar &#8211; 10,5&#215;5 mm i 5&#215;3,5 mm,<\/li>\n<li>hematyt &#8211; 2&#215;1 mm i 3&#215;1 mm.<\/li>\n<\/ul>\n<p>D\u0142ugo\u015b\u0107 naszyjnika: 42-47 cm.<\/p>\n<p>Wszystkie elementy metalowe wykonane s\u0105 z nieuczulaj\u0105cej stali szlachetnej.<\/p>\n","protected":false},"excerpt":{"rendered":"<p>Naszyjnik z zawieszkami z larimar\u00f3w, zawieszonych na sznurze drobnych kwarc\u00f3w dymnych, przeplatanych z\u0142otymi hematytami, zasupe\u0142kowanymi na mocnej nici jubilerskiej.<\/p>\n","protected":false},"featured_media":5685,"comment_status":"open","ping_status":"closed","template":"","meta":{"advanced_seo_description":"","jetpack_seo_html_title":"","jetpack_seo_noindex":false},"product_brand":[],"product_cat":[229],"product_tag":[63,488,2107,972,2108,31],"class_list":{"0":"post-5682","1":"product","2":"type-product","3":"status-publish","4":"has-post-thumbnail","6":"product_cat-sprzedane","7":"product_tag-kwarc-dymny","8":"product_tag-larimar","9":"product_tag-naszyjnik-z-larimarami-i-kwarcami-dymnymi","10":"product_tag-naszyjnik-z-zawieszkami","11":"product_tag-orientalny-naszyjnik-z-kamieniami-naturalnymi","12":"product_tag-zloty-hematyt","14":"first","15":"outofstock","16":"shipping-taxable","17":"purchasable","18":"product-type-simple"},"jetpack_sharing_enabled":true,"_links":{"self":[{"href":"https:\/\/koraledetale.pl\/index.php?rest_route=\/wp\/v2\/product\/5682","targetHints":{"allow":["GET"]}}],"collection":[{"href":"https:\/\/koraledetale.pl\/index.php?rest_route=\/wp\/v2\/product"}],"about":[{"href":"https:\/\/koraledetale.pl\/index.php?rest_route=\/wp\/v2\/types\/product"}],"replies":[{"embeddable":true,"href":"https:\/\/koraledetale.pl\/index.php?rest_route=%2Fwp%2Fv2%2Fcomments&post=5682"}],"wp:featuredmedia":[{"embeddable":true,"href":"https:\/\/koraledetale.pl\/index.php?rest_route=\/wp\/v2\/media\/5685"}],"wp:attachment":[{"href":"https:\/\/koraledetale.pl\/index.php?rest_route=%2Fwp%2Fv2%2Fmedia&parent=5682"}],"wp:term":[{"taxonomy":"product_brand","embeddable":true,"href":"https:\/\/koraledetale.pl\/index.php?rest_route=%2Fwp%2Fv2%2Fproduct_brand&post=5682"},{"taxonomy":"product_cat","embeddable":true,"href":"https:\/\/koraledetale.pl\/index.php?rest_route=%2Fwp%2Fv2%2Fproduct_cat&post=5682"},{"taxonomy":"product_tag","embeddable":true,"href":"https:\/\/koraledetale.pl\/index.php?rest_route=%2Fwp%2Fv2%2Fproduct_tag&post=5682"}],"curies":[{"name":"wp","href":"https:\/\/api.w.org\/{rel}","templated":true}]}}