{"id":5663,"date":"2024-06-07T14:54:35","date_gmt":"2024-06-07T14:54:35","guid":{"rendered":"https:\/\/koraledetale.pl\/?post_type=product&#038;p=5663"},"modified":"2024-12-04T07:22:51","modified_gmt":"2024-12-04T07:22:51","slug":"naszyjnik-malinowy-krol-z-turmalinami","status":"publish","type":"product","link":"https:\/\/koraledetale.pl\/?product=naszyjnik-malinowy-krol-z-turmalinami","title":{"rendered":"Naszyjnik MALINOWY KR\u00d3L z turmalinami"},"content":{"rendered":"<p>Wielko\u015b\u0107 kamieni:<\/p>\n<ul>\n<li>turmalin \u2013 2,8 mm,<\/li>\n<li>hematyt \u2013 2\u00d71 mm i 2 mm.<\/li>\n<\/ul>\n<p>D\u0142ugo\u015b\u0107 naszyjnika: 39 \u2013 43,5 cm + zawieszka 2 cm.<\/p>\n<p>Wszystkie elementy metalowe wykonane s\u0105 z nieuczulaj\u0105cej stali szlachetnej.<\/p>\n","protected":false},"excerpt":{"rendered":"<p>Naszyjnik z rubinowych turmalin\u00f3w z wplecionymi z\u0142otymi hematytami,\u00a0 zwie\u0144czony lunul\u0105. Kamienie zasupe\u0142kowane s\u0105 na r\u00f3\u017cowej, mocnej nici jubilerskiej.<\/p>\n","protected":false},"featured_media":5664,"comment_status":"open","ping_status":"closed","template":"","meta":{"advanced_seo_description":"","jetpack_seo_html_title":"","jetpack_seo_noindex":false},"product_brand":[],"product_cat":[229],"product_tag":[501,687,757,884,355,1703,2102,2103,1705],"class_list":{"0":"post-5663","1":"product","2":"type-product","3":"status-publish","4":"has-post-thumbnail","6":"product_cat-sprzedane","7":"product_tag-ksiezyc","8":"product_tag-luna","9":"product_tag-lunula","10":"product_tag-naszyjnik-z-lunula","11":"product_tag-naszyjnik-z-rozowymi-kamieniami","12":"product_tag-naszyjnik-z-rozowymi-turmalinami","13":"product_tag-naszyjnik-z-turmalinami-rubinowymi","14":"product_tag-turmalin-rozowy","15":"product_tag-turmalin-rubinowy","17":"first","18":"outofstock","19":"shipping-taxable","20":"purchasable","21":"product-type-simple"},"jetpack_sharing_enabled":true,"_links":{"self":[{"href":"https:\/\/koraledetale.pl\/index.php?rest_route=\/wp\/v2\/product\/5663","targetHints":{"allow":["GET"]}}],"collection":[{"href":"https:\/\/koraledetale.pl\/index.php?rest_route=\/wp\/v2\/product"}],"about":[{"href":"https:\/\/koraledetale.pl\/index.php?rest_route=\/wp\/v2\/types\/product"}],"replies":[{"embeddable":true,"href":"https:\/\/koraledetale.pl\/index.php?rest_route=%2Fwp%2Fv2%2Fcomments&post=5663"}],"wp:featuredmedia":[{"embeddable":true,"href":"https:\/\/koraledetale.pl\/index.php?rest_route=\/wp\/v2\/media\/5664"}],"wp:attachment":[{"href":"https:\/\/koraledetale.pl\/index.php?rest_route=%2Fwp%2Fv2%2Fmedia&parent=5663"}],"wp:term":[{"taxonomy":"product_brand","embeddable":true,"href":"https:\/\/koraledetale.pl\/index.php?rest_route=%2Fwp%2Fv2%2Fproduct_brand&post=5663"},{"taxonomy":"product_cat","embeddable":true,"href":"https:\/\/koraledetale.pl\/index.php?rest_route=%2Fwp%2Fv2%2Fproduct_cat&post=5663"},{"taxonomy":"product_tag","embeddable":true,"href":"https:\/\/koraledetale.pl\/index.php?rest_route=%2Fwp%2Fv2%2Fproduct_tag&post=5663"}],"curies":[{"name":"wp","href":"https:\/\/api.w.org\/{rel}","templated":true}]}}