{"id":5659,"date":"2024-06-04T13:14:57","date_gmt":"2024-06-04T13:14:57","guid":{"rendered":"https:\/\/koraledetale.pl\/?post_type=product&#038;p=5659"},"modified":"2025-03-05T20:27:21","modified_gmt":"2025-03-05T20:27:21","slug":"kolczyki-powitanie-lata-z-rozowymi-opalami","status":"publish","type":"product","link":"https:\/\/koraledetale.pl\/?product=kolczyki-powitanie-lata-z-rozowymi-opalami","title":{"rendered":"Kolczyki POWITANIE LATA z r\u00f3\u017cowymi opalami"},"content":{"rendered":"<p>Wielko\u015b\u0107 kamieni:<\/p>\n<ul>\n<li>opal r\u00f3\u017cowy \u2013 10\u00d76 mm,<\/li>\n<li>hematyt \u2013 3\u00d71 mm i 2,5 mm.<\/li>\n<\/ul>\n<p>D\u0142ugo\u015b\u0107 kolczyk\u00f3w \u2013 3,3 cm.<\/p>\n<p>Wszystkie elementy metalowe wykonane s\u0105 z nieuczulaj\u0105cej stali szlachetnej.<\/p>\n","protected":false},"excerpt":{"rendered":"<p>Kolczyki \u201ekajdanki\u201d z g\u0142adkim wa\u0142eczkiem r\u00f3\u017cowego opalu i z\u0142otymi hematytami.<\/p>\n","protected":false},"featured_media":5648,"comment_status":"open","ping_status":"closed","template":"","meta":{"advanced_seo_description":"","jetpack_seo_html_title":"","jetpack_seo_noindex":false},"product_brand":[],"product_cat":[229],"product_tag":[95,2100,309,91,31],"class_list":{"0":"post-5659","1":"product","2":"type-product","3":"status-publish","4":"has-post-thumbnail","6":"product_cat-sprzedane","7":"product_tag-kolczyki-z-kamieniami-naturalnymi","8":"product_tag-kolczyki-z-opalami-rozowymi","9":"product_tag-kolczyki-z-rozowymi-kamieniami","10":"product_tag-opal-rozowy","11":"product_tag-zloty-hematyt","13":"first","14":"outofstock","15":"shipping-taxable","16":"purchasable","17":"product-type-simple"},"jetpack_sharing_enabled":true,"_links":{"self":[{"href":"https:\/\/koraledetale.pl\/index.php?rest_route=\/wp\/v2\/product\/5659","targetHints":{"allow":["GET"]}}],"collection":[{"href":"https:\/\/koraledetale.pl\/index.php?rest_route=\/wp\/v2\/product"}],"about":[{"href":"https:\/\/koraledetale.pl\/index.php?rest_route=\/wp\/v2\/types\/product"}],"replies":[{"embeddable":true,"href":"https:\/\/koraledetale.pl\/index.php?rest_route=%2Fwp%2Fv2%2Fcomments&post=5659"}],"wp:featuredmedia":[{"embeddable":true,"href":"https:\/\/koraledetale.pl\/index.php?rest_route=\/wp\/v2\/media\/5648"}],"wp:attachment":[{"href":"https:\/\/koraledetale.pl\/index.php?rest_route=%2Fwp%2Fv2%2Fmedia&parent=5659"}],"wp:term":[{"taxonomy":"product_brand","embeddable":true,"href":"https:\/\/koraledetale.pl\/index.php?rest_route=%2Fwp%2Fv2%2Fproduct_brand&post=5659"},{"taxonomy":"product_cat","embeddable":true,"href":"https:\/\/koraledetale.pl\/index.php?rest_route=%2Fwp%2Fv2%2Fproduct_cat&post=5659"},{"taxonomy":"product_tag","embeddable":true,"href":"https:\/\/koraledetale.pl\/index.php?rest_route=%2Fwp%2Fv2%2Fproduct_tag&post=5659"}],"curies":[{"name":"wp","href":"https:\/\/api.w.org\/{rel}","templated":true}]}}